{"id":4460,"date":"2022-10-31T12:11:00","date_gmt":"2022-10-31T18:11:00","guid":{"rendered":"https:\/\/www.auntmarthas.org\/?page_id=4460"},"modified":"2023-01-20T19:42:29","modified_gmt":"2023-01-20T19:42:29","slug":"servicios-de-apoyo","status":"publish","type":"page","link":"https:\/\/www.auntmarthas.org\/es\/bienestar-infantil-programas-del-dcfs\/servicios-de-apoyo\/","title":{"rendered":"Servicios de apoyo"},"content":{"rendered":"\n<div style=\"height:50px\" aria-hidden=\"true\" class=\"wp-block-spacer\"><\/div>\n\n<h3 class=\"wp-block-heading\" id=\"CWS\">Child Welfare Services (CWS)<\/h3>\n\n<div class=\"wp-block-columns alignwide is-layout-flex wp-container-core-columns-is-layout-9d6595d7 wp-block-columns-is-layout-flex\">\n<div class=\"wp-block-column is-layout-flow wp-block-column-is-layout-flow\" style=\"flex-basis:40%\">\n<figure class=\"wp-block-image aligncenter size-full is-style-full-width\"><img loading=\"lazy\" decoding=\"async\" width=\"767\" height=\"432\" src=\"https:\/\/www.auntmarthas.org\/wp-content\/uploads\/2022\/10\/CWS_16x9@0.5x.png\" alt=\"\" class=\"wp-image-3918\" srcset=\"https:\/\/www.auntmarthas.org\/wp-content\/uploads\/2022\/10\/CWS_16x9@0.5x.png 767w, https:\/\/www.auntmarthas.org\/wp-content\/uploads\/2022\/10\/CWS_16x9@0.5x-300x169.png 300w\" sizes=\"auto, (max-width: 767px) 100vw, 767px\" \/><\/figure>\n<\/div>\n\n\n\n<div class=\"wp-block-column is-layout-flow wp-block-column-is-layout-flow\" style=\"flex-basis:66.66%\">\n<h4 class=\"wp-block-heading\">Ayudamos a las familias a encontrar la atenci\u00f3n, el apoyo y los servicios que necesitan.<\/h4>\n\n\n\n<div style=\"height:10px\" aria-hidden=\"true\" class=\"wp-block-spacer\"><\/div>\n\n\n\n<p>Este programa de corta duraci\u00f3n ayuda a las familias referidas por DCFS.<\/p>\n\n\n\n<div style=\"height:10px\" aria-hidden=\"true\" class=\"wp-block-spacer\"><\/div>\n\n\n\n<p><em><strong>La salud y la seguridad de sus hijos son el centro de todo lo que hacemos.<\/strong><\/em><\/p>\n\n\n\n<div style=\"height:10px\" aria-hidden=\"true\" class=\"wp-block-spacer\"><\/div>\n\n\n\n<p>Nuestro objetivo es ayudar a su familia a permanecer unida. Llegamos a conocerle a usted y a sus hijos, y luego nos ponemos en contacto con usted para ofrecerle servicios que correspondan a sus necesidades.<\/p>\n\n\n\n<div style=\"height:10px\" aria-hidden=\"true\" class=\"wp-block-spacer\"><\/div>\n\n\n\n<h5 class=\"wp-block-heading\">\u00bfQu\u00e9 puede hacer CWS por usted?<\/h5>\n\n\n\n<ul class=\"wp-block-list\"><li>Ayudarle a asegurarse de que su casa sea un lugar seguro para sus hijos<\/li><li>Responder a preguntas que le ayudar\u00e1n a sentirse m\u00e1s seguro como padre\/madre o encargados del cuidado de los hijos<\/li><li>Trabajar con usted para encontrar apoyo y servicios en su comunidad.<\/li><\/ul>\n<\/div>\n<\/div>\n\n<div class=\"wp-block-group callout-banner-block is-style-three-quarters-width has-light-blue-background-color has-background is-layout-flow wp-block-group-is-layout-flow\">\n<h2 class=\"wp-block-heading\">Contact our CWS Referral Team<\/h2>\n\n\n\n<div style=\"height:10px\" aria-hidden=\"true\" class=\"wp-block-spacer\"><\/div>\n\n\n\n<p class=\"is-style-default\">For help in <strong>Cook County<\/strong>, call:<\/p>\n\n\n\n<div style=\"height:10px\" aria-hidden=\"true\" class=\"wp-block-spacer\"><\/div>\n\n\n\n<div class=\"wp-block-buttons is-layout-flex wp-block-buttons-is-layout-flex\">\n<div class=\"wp-block-button\"><a class=\"wp-block-button__link\" href=\"tel:7082102741\">Call (708) 210-2741<\/a><\/div>\n<\/div>\n\n\n\n<div style=\"height:25px\" aria-hidden=\"true\" class=\"wp-block-spacer\"><\/div>\n\n\n\n<p class=\"is-style-default\">For help in <strong>Kankakee County or Will County<\/strong>, call:<\/p>\n\n\n\n<div style=\"height:10px\" aria-hidden=\"true\" class=\"wp-block-spacer\"><\/div>\n\n\n\n<div class=\"wp-block-buttons is-layout-flex wp-block-buttons-is-layout-flex\">\n<div class=\"wp-block-button\"><a class=\"wp-block-button__link\" href=\"tel:8157688750\">Call (815) 768-8750<\/a><\/div>\n<\/div>\n<\/div>\n\n<h3 class=\"wp-block-heading\" id=\"cipp\">CIPP (Intervenci\u00f3n Cl\u00ednica para la Preservaci\u00f3n de la Colocaci\u00f3n)<\/h3>\n\n<div class=\"wp-block-columns alignwide is-layout-flex wp-container-core-columns-is-layout-9d6595d7 wp-block-columns-is-layout-flex\">\n<div class=\"wp-block-column is-layout-flow wp-block-column-is-layout-flow\" style=\"flex-basis:40%\">\n<figure class=\"wp-block-image size-full\"><img loading=\"lazy\" decoding=\"async\" width=\"800\" height=\"450\" src=\"https:\/\/www.auntmarthas.org\/wp-content\/uploads\/2022\/10\/CIPP_AS_492434158-16x9@0.5x.png\" alt=\"\" class=\"wp-image-3920\" srcset=\"https:\/\/www.auntmarthas.org\/wp-content\/uploads\/2022\/10\/CIPP_AS_492434158-16x9@0.5x.png 800w, https:\/\/www.auntmarthas.org\/wp-content\/uploads\/2022\/10\/CIPP_AS_492434158-16x9@0.5x-300x169.png 300w, https:\/\/www.auntmarthas.org\/wp-content\/uploads\/2022\/10\/CIPP_AS_492434158-16x9@0.5x-768x432.png 768w\" sizes=\"auto, (max-width: 800px) 100vw, 800px\" \/><\/figure>\n<\/div>\n\n\n\n<div class=\"wp-block-column is-layout-flow wp-block-column-is-layout-flow\" style=\"flex-basis:66.66%\">\n<h4 class=\"wp-block-heading\">Acercamos a los j\u00f3venes, familias y cuidadores de hogares de acojo o recepci\u00f3n.<\/h4>\n\n\n\n<div style=\"height:10px\" aria-hidden=\"true\" class=\"wp-block-spacer\"><\/div>\n\n\n\n<p>CIPP, se dice como \u00absip\u00bb, significa Intervenci\u00f3n Cl\u00ednica para la Preservaci\u00f3n de la Colocaci\u00f3n.<\/p>\n\n\n\n<div style=\"height:10px\" aria-hidden=\"true\" class=\"wp-block-spacer\"><\/div>\n\n\n\n<p>CIPP es una forma paso a paso de tomar decisiones sobre d\u00f3nde vivir\u00e1 un ni\u00f1o de crianza..<\/p>\n\n\n\n<div style=\"height:10px\" aria-hidden=\"true\" class=\"wp-block-spacer\"><\/div>\n\n\n\n<h5 class=\"wp-block-heading\">C\u00f3mo funciona la CIPP<\/h5>\n\n\n\n<ul class=\"wp-block-list\"><li>En una reuni\u00f3n del CIPP, el asistente social del joven re\u00fane a las personas clave en la vida de los jovenes.<br\/><\/li><li>Un facilitador capacitado dirige un proceso de discusi\u00f3n que es sensible a la motivaci\u00f3n y las capacidades de los j\u00f3venes.<br\/><\/li><li>Se alienta a los participantes a ofrecer su evaluaci\u00f3n de los deseos, necesidades y fortalezas de los j\u00f3venes y a generar ideas sobre c\u00f3mo se pueden abordar mejor esas necesidades, idealmente en el hogar actual del joven.<\/li><\/ul>\n<\/div>\n<\/div>\n\n<div style=\"height:20px\" aria-hidden=\"true\" class=\"wp-block-spacer\"><\/div>\n\n<h3 class=\"wp-block-heading\" id=\"dcipp\">D-CIPP (Alta-Intervenci\u00f3n Cl\u00ednica para la Conservaci\u00f3n de la Colocaci\u00f3n)<\/h3>\n\n<div class=\"wp-block-columns alignwide is-layout-flex wp-container-core-columns-is-layout-9d6595d7 wp-block-columns-is-layout-flex\">\n<div class=\"wp-block-column is-layout-flow wp-block-column-is-layout-flow\" style=\"flex-basis:40%\">\n<figure class=\"wp-block-image size-full\"><img loading=\"lazy\" decoding=\"async\" width=\"713\" height=\"401\" src=\"https:\/\/www.auntmarthas.org\/wp-content\/uploads\/2022\/10\/D-CIP_AS_535705921-16x9@0.5x.png\" alt=\"\" class=\"wp-image-3922\" srcset=\"https:\/\/www.auntmarthas.org\/wp-content\/uploads\/2022\/10\/D-CIP_AS_535705921-16x9@0.5x.png 713w, https:\/\/www.auntmarthas.org\/wp-content\/uploads\/2022\/10\/D-CIP_AS_535705921-16x9@0.5x-300x169.png 300w\" sizes=\"auto, (max-width: 713px) 100vw, 713px\" \/><\/figure>\n<\/div>\n\n\n\n<div class=\"wp-block-column is-layout-flow wp-block-column-is-layout-flow\" style=\"flex-basis:66.66%\">\n<h4 class=\"wp-block-heading\">Fomentamos los contactos y ayudamos a los j\u00f3venes adultos a planificar su \u00e9xito<\/h4>\n\n\n\n<div style=\"height:10px\" aria-hidden=\"true\" class=\"wp-block-spacer\"><\/div>\n\n\n\n<p>D-CIPP, dicho como \u00abdee-sip\u00bb, es similar al proceso <a href=\"#cipp\">CIPP<\/a><strong> <\/strong>.<\/p>\n\n\n\n<div style=\"height:10px\" aria-hidden=\"true\" class=\"wp-block-spacer\"><\/div>\n\n\n\n<p>El D-CIPP es la forma de planificar paso a paso el momento en que un joven de crianza deja de pertenecer al sistema de DCFS.<\/p>\n\n\n\n<div style=\"height:10px\" aria-hidden=\"true\" class=\"wp-block-spacer\"><\/div>\n\n\n\n<h5 class=\"wp-block-heading\">Objetivos del proceso D-CIPP<\/h5>\n\n\n\n<ul class=\"wp-block-list\"><li>Ayudar a los j\u00f3venes a crear un plan detallado para alcanzar sus 2 o 3 objetivos principales para salir del DCFS o del sistema de bienestar infantil.<br\/><\/li><li>Aseg\u00farese de que existe un plan para que el joven est\u00e9 en su alojamiento definitivo antes de la fecha de alta.<br\/><\/li><li>Ayude a garantizar que las conexiones de los j\u00f3venes con la familia, la comunidad y los apoyos sociales se nutran y mantengan.<br\/><\/li><li>Ayudar a los j\u00f3venes a crear e iniciar la progresi\u00f3n hacia planes educativos y\/o de empleo antes de la fecha de alta.<br\/><\/li><li>Asegurarse de que los j\u00f3venes se esfuerzan por alcanzar la estabilidad financiera antes de la fecha de alta.<\/li><\/ul>\n<\/div>\n<\/div>\n","protected":false},"excerpt":{"rendered":"<p>Child Welfare Services (CWS) Ayudamos a las familias a encontrar [&hellip;]<\/p>\n","protected":false},"author":4,"featured_media":3911,"parent":3756,"menu_order":3,"comment_status":"closed","ping_status":"closed","template":"","meta":{"_acf_changed":false,"footnotes":""},"class_list":["post-4460","page","type-page","status-publish","has-post-thumbnail","hentry"],"acf":[],"yoast_head":"<!-- This site is optimized with the Yoast SEO plugin v27.5 - https:\/\/yoast.com\/product\/yoast-seo-wordpress\/ -->\n<title>Servicios de apoyo - Aunt Martha&#039;s<\/title>\n<meta name=\"robots\" content=\"index, follow, max-snippet:-1, max-image-preview:large, max-video-preview:-1\" \/>\n<link rel=\"canonical\" href=\"https:\/\/www.auntmarthas.org\/es\/bienestar-infantil-programas-del-dcfs\/servicios-de-apoyo\/\" \/>\n<meta property=\"og:locale\" content=\"es_ES\" \/>\n<meta property=\"og:type\" content=\"article\" \/>\n<meta property=\"og:title\" content=\"Servicios de apoyo - Aunt Martha&#039;s\" \/>\n<meta property=\"og:description\" content=\"Child Welfare Services (CWS) Ayudamos a las familias a encontrar [&hellip;]\" \/>\n<meta property=\"og:url\" content=\"https:\/\/www.auntmarthas.org\/es\/bienestar-infantil-programas-del-dcfs\/servicios-de-apoyo\/\" \/>\n<meta property=\"og:site_name\" content=\"Aunt Martha&#039;s\" \/>\n<meta property=\"article:publisher\" content=\"https:\/\/www.facebook.com\/AuntMarthas\" \/>\n<meta property=\"article:modified_time\" content=\"2023-01-20T19:42:29+00:00\" \/>\n<meta property=\"og:image\" content=\"https:\/\/www.auntmarthas.org\/wp-content\/uploads\/2022\/10\/Supportive-Services_AdobeStock_392598217-21x9@1.0-1024x439.png\" \/>\n\t<meta property=\"og:image:width\" content=\"1024\" \/>\n\t<meta property=\"og:image:height\" content=\"439\" \/>\n\t<meta property=\"og:image:type\" content=\"image\/png\" \/>\n<meta name=\"twitter:card\" content=\"summary_large_image\" \/>\n<meta name=\"twitter:site\" content=\"@AuntMarthas\" \/>\n<meta name=\"twitter:label1\" content=\"Tiempo de lectura\" \/>\n\t<meta name=\"twitter:data1\" content=\"2 minutos\" \/>\n<script type=\"application\/ld+json\" class=\"yoast-schema-graph\">{\"@context\":\"https:\\\/\\\/schema.org\",\"@graph\":[{\"@type\":\"WebPage\",\"@id\":\"https:\\\/\\\/www.auntmarthas.org\\\/es\\\/bienestar-infantil-programas-del-dcfs\\\/servicios-de-apoyo\\\/\",\"url\":\"https:\\\/\\\/www.auntmarthas.org\\\/es\\\/bienestar-infantil-programas-del-dcfs\\\/servicios-de-apoyo\\\/\",\"name\":\"Servicios de apoyo - Aunt Martha&#039;s\",\"isPartOf\":{\"@id\":\"https:\\\/\\\/www.auntmarthas.org\\\/es\\\/#website\"},\"primaryImageOfPage\":{\"@id\":\"https:\\\/\\\/www.auntmarthas.org\\\/es\\\/bienestar-infantil-programas-del-dcfs\\\/servicios-de-apoyo\\\/#primaryimage\"},\"image\":{\"@id\":\"https:\\\/\\\/www.auntmarthas.org\\\/es\\\/bienestar-infantil-programas-del-dcfs\\\/servicios-de-apoyo\\\/#primaryimage\"},\"thumbnailUrl\":\"https:\\\/\\\/www.auntmarthas.org\\\/wp-content\\\/uploads\\\/2022\\\/10\\\/Supportive-Services_AdobeStock_392598217-21x9@1.0.png\",\"datePublished\":\"2022-10-31T18:11:00+00:00\",\"dateModified\":\"2023-01-20T19:42:29+00:00\",\"breadcrumb\":{\"@id\":\"https:\\\/\\\/www.auntmarthas.org\\\/es\\\/bienestar-infantil-programas-del-dcfs\\\/servicios-de-apoyo\\\/#breadcrumb\"},\"inLanguage\":\"es\",\"potentialAction\":[{\"@type\":\"ReadAction\",\"target\":[\"https:\\\/\\\/www.auntmarthas.org\\\/es\\\/bienestar-infantil-programas-del-dcfs\\\/servicios-de-apoyo\\\/\"]}]},{\"@type\":\"ImageObject\",\"inLanguage\":\"es\",\"@id\":\"https:\\\/\\\/www.auntmarthas.org\\\/es\\\/bienestar-infantil-programas-del-dcfs\\\/servicios-de-apoyo\\\/#primaryimage\",\"url\":\"https:\\\/\\\/www.auntmarthas.org\\\/wp-content\\\/uploads\\\/2022\\\/10\\\/Supportive-Services_AdobeStock_392598217-21x9@1.0.png\",\"contentUrl\":\"https:\\\/\\\/www.auntmarthas.org\\\/wp-content\\\/uploads\\\/2022\\\/10\\\/Supportive-Services_AdobeStock_392598217-21x9@1.0.png\",\"width\":2100,\"height\":900,\"caption\":\"Our Support Services help keep kids from going into the child welfare system. Families are provided short-term assistance, education and linkage to community support and services.\"},{\"@type\":\"BreadcrumbList\",\"@id\":\"https:\\\/\\\/www.auntmarthas.org\\\/es\\\/bienestar-infantil-programas-del-dcfs\\\/servicios-de-apoyo\\\/#breadcrumb\",\"itemListElement\":[{\"@type\":\"ListItem\",\"position\":1,\"name\":\"Home\",\"item\":\"https:\\\/\\\/www.auntmarthas.org\\\/es\\\/\"},{\"@type\":\"ListItem\",\"position\":2,\"name\":\"Bienestar infantil &#8211; Programas de DCFS\",\"item\":\"https:\\\/\\\/www.auntmarthas.org\\\/es\\\/bienestar-infantil-programas-del-dcfs\\\/\"},{\"@type\":\"ListItem\",\"position\":3,\"name\":\"Servicios de apoyo\"}]},{\"@type\":\"WebSite\",\"@id\":\"https:\\\/\\\/www.auntmarthas.org\\\/es\\\/#website\",\"url\":\"https:\\\/\\\/www.auntmarthas.org\\\/es\\\/\",\"name\":\"Aunt Martha's\",\"description\":\"Health &amp; Wellness\",\"publisher\":{\"@id\":\"https:\\\/\\\/www.auntmarthas.org\\\/es\\\/#organization\"},\"potentialAction\":[{\"@type\":\"SearchAction\",\"target\":{\"@type\":\"EntryPoint\",\"urlTemplate\":\"https:\\\/\\\/www.auntmarthas.org\\\/es\\\/?s={search_term_string}\"},\"query-input\":{\"@type\":\"PropertyValueSpecification\",\"valueRequired\":true,\"valueName\":\"search_term_string\"}}],\"inLanguage\":\"es\"},{\"@type\":\"Organization\",\"@id\":\"https:\\\/\\\/www.auntmarthas.org\\\/es\\\/#organization\",\"name\":\"Aunt Martha's Health & Wellness\",\"alternateName\":\"Aunt Martha's\",\"url\":\"https:\\\/\\\/www.auntmarthas.org\\\/es\\\/\",\"logo\":{\"@type\":\"ImageObject\",\"inLanguage\":\"es\",\"@id\":\"https:\\\/\\\/www.auntmarthas.org\\\/es\\\/#\\\/schema\\\/logo\\\/image\\\/\",\"url\":\"https:\\\/\\\/www.auntmarthas.org\\\/wp-content\\\/uploads\\\/2022\\\/06\\\/AM_LOGO_RGB-v2.svg\",\"contentUrl\":\"https:\\\/\\\/www.auntmarthas.org\\\/wp-content\\\/uploads\\\/2022\\\/06\\\/AM_LOGO_RGB-v2.svg\",\"width\":1920,\"height\":675,\"caption\":\"Aunt Martha's Health & Wellness\"},\"image\":{\"@id\":\"https:\\\/\\\/www.auntmarthas.org\\\/es\\\/#\\\/schema\\\/logo\\\/image\\\/\"},\"sameAs\":[\"https:\\\/\\\/www.facebook.com\\\/AuntMarthas\",\"https:\\\/\\\/x.com\\\/AuntMarthas\",\"https:\\\/\\\/www.youtube.com\\\/@auntmarthas\"]}]}<\/script>\n<!-- \/ Yoast SEO plugin. -->","yoast_head_json":{"title":"Servicios de apoyo - Aunt Martha&#039;s","robots":{"index":"index","follow":"follow","max-snippet":"max-snippet:-1","max-image-preview":"max-image-preview:large","max-video-preview":"max-video-preview:-1"},"canonical":"https:\/\/www.auntmarthas.org\/es\/bienestar-infantil-programas-del-dcfs\/servicios-de-apoyo\/","og_locale":"es_ES","og_type":"article","og_title":"Servicios de apoyo - Aunt Martha&#039;s","og_description":"Child Welfare Services (CWS) Ayudamos a las familias a encontrar [&hellip;]","og_url":"https:\/\/www.auntmarthas.org\/es\/bienestar-infantil-programas-del-dcfs\/servicios-de-apoyo\/","og_site_name":"Aunt Martha&#039;s","article_publisher":"https:\/\/www.facebook.com\/AuntMarthas","article_modified_time":"2023-01-20T19:42:29+00:00","og_image":[{"width":1024,"height":439,"url":"https:\/\/www.auntmarthas.org\/wp-content\/uploads\/2022\/10\/Supportive-Services_AdobeStock_392598217-21x9@1.0-1024x439.png","type":"image\/png"}],"twitter_card":"summary_large_image","twitter_site":"@AuntMarthas","twitter_misc":{"Tiempo de lectura":"2 minutos"},"schema":{"@context":"https:\/\/schema.org","@graph":[{"@type":"WebPage","@id":"https:\/\/www.auntmarthas.org\/es\/bienestar-infantil-programas-del-dcfs\/servicios-de-apoyo\/","url":"https:\/\/www.auntmarthas.org\/es\/bienestar-infantil-programas-del-dcfs\/servicios-de-apoyo\/","name":"Servicios de apoyo - Aunt Martha&#039;s","isPartOf":{"@id":"https:\/\/www.auntmarthas.org\/es\/#website"},"primaryImageOfPage":{"@id":"https:\/\/www.auntmarthas.org\/es\/bienestar-infantil-programas-del-dcfs\/servicios-de-apoyo\/#primaryimage"},"image":{"@id":"https:\/\/www.auntmarthas.org\/es\/bienestar-infantil-programas-del-dcfs\/servicios-de-apoyo\/#primaryimage"},"thumbnailUrl":"https:\/\/www.auntmarthas.org\/wp-content\/uploads\/2022\/10\/Supportive-Services_AdobeStock_392598217-21x9@1.0.png","datePublished":"2022-10-31T18:11:00+00:00","dateModified":"2023-01-20T19:42:29+00:00","breadcrumb":{"@id":"https:\/\/www.auntmarthas.org\/es\/bienestar-infantil-programas-del-dcfs\/servicios-de-apoyo\/#breadcrumb"},"inLanguage":"es","potentialAction":[{"@type":"ReadAction","target":["https:\/\/www.auntmarthas.org\/es\/bienestar-infantil-programas-del-dcfs\/servicios-de-apoyo\/"]}]},{"@type":"ImageObject","inLanguage":"es","@id":"https:\/\/www.auntmarthas.org\/es\/bienestar-infantil-programas-del-dcfs\/servicios-de-apoyo\/#primaryimage","url":"https:\/\/www.auntmarthas.org\/wp-content\/uploads\/2022\/10\/Supportive-Services_AdobeStock_392598217-21x9@1.0.png","contentUrl":"https:\/\/www.auntmarthas.org\/wp-content\/uploads\/2022\/10\/Supportive-Services_AdobeStock_392598217-21x9@1.0.png","width":2100,"height":900,"caption":"Our Support Services help keep kids from going into the child welfare system. Families are provided short-term assistance, education and linkage to community support and services."},{"@type":"BreadcrumbList","@id":"https:\/\/www.auntmarthas.org\/es\/bienestar-infantil-programas-del-dcfs\/servicios-de-apoyo\/#breadcrumb","itemListElement":[{"@type":"ListItem","position":1,"name":"Home","item":"https:\/\/www.auntmarthas.org\/es\/"},{"@type":"ListItem","position":2,"name":"Bienestar infantil &#8211; Programas de DCFS","item":"https:\/\/www.auntmarthas.org\/es\/bienestar-infantil-programas-del-dcfs\/"},{"@type":"ListItem","position":3,"name":"Servicios de apoyo"}]},{"@type":"WebSite","@id":"https:\/\/www.auntmarthas.org\/es\/#website","url":"https:\/\/www.auntmarthas.org\/es\/","name":"Aunt Martha's","description":"Health &amp; Wellness","publisher":{"@id":"https:\/\/www.auntmarthas.org\/es\/#organization"},"potentialAction":[{"@type":"SearchAction","target":{"@type":"EntryPoint","urlTemplate":"https:\/\/www.auntmarthas.org\/es\/?s={search_term_string}"},"query-input":{"@type":"PropertyValueSpecification","valueRequired":true,"valueName":"search_term_string"}}],"inLanguage":"es"},{"@type":"Organization","@id":"https:\/\/www.auntmarthas.org\/es\/#organization","name":"Aunt Martha's Health & Wellness","alternateName":"Aunt Martha's","url":"https:\/\/www.auntmarthas.org\/es\/","logo":{"@type":"ImageObject","inLanguage":"es","@id":"https:\/\/www.auntmarthas.org\/es\/#\/schema\/logo\/image\/","url":"https:\/\/www.auntmarthas.org\/wp-content\/uploads\/2022\/06\/AM_LOGO_RGB-v2.svg","contentUrl":"https:\/\/www.auntmarthas.org\/wp-content\/uploads\/2022\/06\/AM_LOGO_RGB-v2.svg","width":1920,"height":675,"caption":"Aunt Martha's Health & Wellness"},"image":{"@id":"https:\/\/www.auntmarthas.org\/es\/#\/schema\/logo\/image\/"},"sameAs":["https:\/\/www.facebook.com\/AuntMarthas","https:\/\/x.com\/AuntMarthas","https:\/\/www.youtube.com\/@auntmarthas"]}]}},"_links":{"self":[{"href":"https:\/\/www.auntmarthas.org\/es\/wp-json\/wp\/v2\/pages\/4460","targetHints":{"allow":["GET"]}}],"collection":[{"href":"https:\/\/www.auntmarthas.org\/es\/wp-json\/wp\/v2\/pages"}],"about":[{"href":"https:\/\/www.auntmarthas.org\/es\/wp-json\/wp\/v2\/types\/page"}],"author":[{"embeddable":true,"href":"https:\/\/www.auntmarthas.org\/es\/wp-json\/wp\/v2\/users\/4"}],"replies":[{"embeddable":true,"href":"https:\/\/www.auntmarthas.org\/es\/wp-json\/wp\/v2\/comments?post=4460"}],"version-history":[{"count":0,"href":"https:\/\/www.auntmarthas.org\/es\/wp-json\/wp\/v2\/pages\/4460\/revisions"}],"up":[{"embeddable":true,"href":"https:\/\/www.auntmarthas.org\/es\/wp-json\/wp\/v2\/pages\/3756"}],"wp:featuredmedia":[{"embeddable":true,"href":"https:\/\/www.auntmarthas.org\/es\/wp-json\/wp\/v2\/media\/3911"}],"wp:attachment":[{"href":"https:\/\/www.auntmarthas.org\/es\/wp-json\/wp\/v2\/media?parent=4460"}],"curies":[{"name":"wp","href":"https:\/\/api.w.org\/{rel}","templated":true}]}}