{"id":4420,"date":"2022-12-21T20:32:15","date_gmt":"2022-12-22T02:32:15","guid":{"rendered":"https:\/\/www.auntmarthas.org\/?page_id=4420"},"modified":"2023-01-17T21:52:59","modified_gmt":"2023-01-17T21:52:59","slug":"peticion-de-historial-medico","status":"publish","type":"page","link":"https:\/\/www.auntmarthas.org\/es\/cuidado-de-la-salud\/peticion-de-historial-medico\/","title":{"rendered":"Petici\u00f3n de historial m\u00e9dico"},"content":{"rendered":"\n<h6 class=\"wp-block-heading\">Vaya a:<\/h6>\n\n<div style=\"height:15px\" aria-hidden=\"true\" class=\"wp-block-spacer\"><\/div>\n\n<h6 class=\"is-style-default wp-block-heading\"><a href=\"https:\/\/www.auntmarthas.org\/es\/?page_id=3782\/#how-to\">C\u00f3mo solicitar una copia de su historial m\u00e9dico<\/a><br\/><br\/><a href=\"https:\/\/www.auntmarthas.org\/es\/?page_id=3782\/#release-health-information\">Solicitud y autorizaci\u00f3n de divulgaci\u00f3n de informaci\u00f3n de salud<\/a><br\/><br\/><a href=\"https:\/\/www.auntmarthas.org\/es\/?page_id=3782\/#processing-fee\">Reconocimiento de la tarifa de procesamiento de solicitud de historial m\u00e9dico<\/a><br\/><br\/><a href=\"https:\/\/www.auntmarthas.org\/es\/?page_id=3782\/#send-your-forms\">D\u00f3nde enviar sus formularios de autorizaci\u00f3n completados<\/a><br\/><br\/><a href=\"https:\/\/www.auntmarthas.org\/es\/?page_id=3782\/#status\">Obtenga el estado de su solicitud de divulgaci\u00f3n de informaci\u00f3n<\/a><\/h6>\n\n<div style=\"height:25px\" aria-hidden=\"true\" class=\"wp-block-spacer\"><\/div>\n\n<h2 class=\"wp-block-heading\" id=\"how-to\">C\u00f3mo solicitar una copia de su historial m\u00e9dico<\/h2>\n\n<div style=\"height:10px\" aria-hidden=\"true\" class=\"wp-block-spacer\"><\/div>\n\n<p>Para mantener la confidencialidad del paciente y asegurar el cumplimiento de las leyes federales y estatales de privacidad, la informaci\u00f3n m\u00e9dica no puede ser divulgada sin la autorizaci\u00f3n escrita del paciente (salvo lo permitido por la ley). Aunt Martha&#8217;s se asocia con Healthport para la divulgaci\u00f3n de informaci\u00f3n m\u00e9dica.<\/p>\n\n<div style=\"height:10px\" aria-hidden=\"true\" class=\"wp-block-spacer\"><\/div>\n\n<p>La siguiente informaci\u00f3n describe el proceso de solicitud de expedientes m\u00e9dicos que puede tener en Aunt Martha&#8217;s Health &amp; Wellness. Los pasos a seguir dependen de los registros que quiera que se le proporcionen y\/o de a qui\u00e9n quiera que se le proporcionen sus registros.<\/p>\n\n<div style=\"height:10px\" aria-hidden=\"true\" class=\"wp-block-spacer\"><\/div>\n\n<p class=\"is-style-default\">En la mayor\u00eda de los casos, tendr\u00e1 que descargar y presentar los siguientes documentos:<\/p>\n\n<div style=\"height:20px\" aria-hidden=\"true\" class=\"wp-block-spacer\"><\/div>\n\n<h3 class=\"wp-block-heading\" id=\"release-health-information\">Solicitud y autorizaci\u00f3n de divulgaci\u00f3n de informaci\u00f3n de salud<\/h3>\n\n<div class=\"wp-block-columns is-layout-flex wp-container-core-columns-is-layout-9d6595d7 wp-block-columns-is-layout-flex\">\n<div class=\"wp-block-column is-vertically-aligned-center is-layout-flow wp-block-column-is-layout-flow\">\n<h6 class=\"has-text-align-left wp-block-heading\">Elija su descarga.<\/h6>\n<\/div>\n\n\n\n<div class=\"wp-block-column is-layout-flow wp-block-column-is-layout-flow\">\n<div class=\"wp-block-buttons is-content-justification-center is-layout-flex wp-container-core-buttons-is-layout-16018d1d wp-block-buttons-is-layout-flex\">\n<div class=\"wp-block-button\"><a class=\"wp-block-button__link\" href=\"https:\/\/www.auntmarthas.org\/wp-content\/uploads\/2022\/10\/Request-and-Authorization-to-Release-Health-Information.pdf\" target=\"_blank\" rel=\"noreferrer noopener\">Ingl\u00e9s<\/a><\/div>\n<\/div>\n<\/div>\n\n\n\n<div class=\"wp-block-column is-layout-flow wp-block-column-is-layout-flow\">\n<div class=\"wp-block-buttons is-content-justification-center is-layout-flex wp-container-core-buttons-is-layout-16018d1d wp-block-buttons-is-layout-flex\">\n<div class=\"wp-block-button\"><a class=\"wp-block-button__link\" href=\"https:\/\/www.auntmarthas.org\/wp-content\/uploads\/2022\/10\/Peticion-Y-Autorizacion-Para-Liberacion-Y-Uso-DeInformacion-Medica.pdf\" target=\"_blank\" rel=\"noreferrer noopener\">Espa\u00f1ol<\/a><\/div>\n<\/div>\n<\/div>\n<\/div>\n\n<div style=\"height:20px\" aria-hidden=\"true\" class=\"wp-block-spacer\"><\/div>\n\n<h3 class=\"wp-block-heading\" id=\"processing-fee\">Reconocimiento de la tarifa de procesamiento de solicitud de historial m\u00e9dico<\/h3>\n\n<div class=\"wp-block-columns is-layout-flex wp-container-core-columns-is-layout-9d6595d7 wp-block-columns-is-layout-flex\">\n<div class=\"wp-block-column is-vertically-aligned-center is-layout-flow wp-block-column-is-layout-flow\">\n<h6 class=\"has-text-align-left wp-block-heading\">Elija su descarga.<\/h6>\n<\/div>\n\n\n\n<div class=\"wp-block-column is-layout-flow wp-block-column-is-layout-flow\">\n<div class=\"wp-block-buttons is-content-justification-center is-layout-flex wp-container-core-buttons-is-layout-16018d1d wp-block-buttons-is-layout-flex\">\n<div class=\"wp-block-button\"><a class=\"wp-block-button__link\" href=\"https:\/\/www.auntmarthas.org\/wp-content\/uploads\/2022\/10\/Acknowledgement-of-Medical-Record-Request-Processing-Fee.pdf\" target=\"_blank\" rel=\"noreferrer noopener\">Ingl\u00e9s<\/a><\/div>\n<\/div>\n<\/div>\n\n\n\n<div class=\"wp-block-column is-layout-flow wp-block-column-is-layout-flow\">\n<div class=\"wp-block-buttons is-content-justification-center is-layout-flex wp-container-core-buttons-is-layout-16018d1d wp-block-buttons-is-layout-flex\">\n<div class=\"wp-block-button\"><a class=\"wp-block-button__link\" href=\"https:\/\/www.auntmarthas.org\/wp-content\/uploads\/2022\/10\/Reconocimiento-del-cargo-por-procesamiento-de-la-solicitud-de-registros-me&#x301;dicos.pdf\" target=\"_blank\" rel=\"noreferrer noopener\">Espa\u00f1ol<\/a><\/div>\n<\/div>\n<\/div>\n<\/div>\n\n<div style=\"height:20px\" aria-hidden=\"true\" class=\"wp-block-spacer\"><\/div>\n\n<h3 class=\"wp-block-heading\" id=\"send-your-forms\">D\u00f3nde enviar los formularios de autorizaci\u00f3n completados<\/h3>\n\n<p>Los formularios de autorizaci\u00f3n firmados y completados pueden presentarse en persona, por fax o por correo:<\/p>\n\n<div style=\"height:10px\" aria-hidden=\"true\" class=\"wp-block-spacer\"><\/div>\n\n<h5 class=\"wp-block-heading\">En persona<\/h5>\n\n<p>Lleve su formulario a cualquier centro de salud de Aunt Martha&#8217;s .<\/p>\n\n<div style=\"height:10px\" aria-hidden=\"true\" class=\"wp-block-spacer\"><\/div>\n\n<h5 class=\"wp-block-heading\">Por fax (con copia de su ID)<\/h5>\n\n<p>708.747.7928<\/p>\n\n<div style=\"height:10px\" aria-hidden=\"true\" class=\"wp-block-spacer\"><\/div>\n\n<h5 class=\"wp-block-heading\">Por correo<\/h5>\n\n<p>Aunt Martha\u2019s Health &amp; Wellness<br\/>ATTN: Archivos Cl\u00ednicos<br\/>19990 Governors Hwy<br\/>Olympia Fields, IL 60461<\/p>\n\n<div style=\"height:40px\" aria-hidden=\"true\" class=\"wp-block-spacer\"><\/div>\n\n<p class=\"is-style-eyebrow\">\u00bfYa presento su solicitud?<\/p>\n\n<h3 class=\"wp-block-heading\" id=\"status\">Obtenga el estado de su solicitud de divulgaci\u00f3n de informaci\u00f3n<\/h3>\n\n<p>Si ha completado el formulario de divulgaci\u00f3n de informaci\u00f3n y desea informarse sobre el estado de su solicitud, p\u00f3ngase en contacto con Healthport llamando al 1-800-367-1500.<\/p>\n\n<ul class=\"wp-block-list\"><li><em>You need to specifically ask to include information about HIV testing, mental health, alcohol and\/or drug use counseling when you ask for a copy of your medical record.<\/em><\/li><li><em>A licensed professional reviews all mental health records prior to release.<\/em><\/li><li><em>Your record may not be available if it has been more than 7 years since your last visit.<\/em><\/li><\/ul>\n\n<div style=\"height:10px\" aria-hidden=\"true\" class=\"wp-block-spacer\"><\/div>\n\n<div class=\"wp-block-group callout-banner-block has-media is-style-full-width has-light-blue-background-color has-background is-layout-flow wp-block-group-is-layout-flow\">\n<div class=\"wp-block-columns are-vertically-aligned-center is-layout-flex wp-container-core-columns-is-layout-9d6595d7 wp-block-columns-is-layout-flex\">\n<div class=\"wp-block-column is-vertically-aligned-center is-layout-flow wp-block-column-is-layout-flow\">\n<p class=\"eyebrow\">Mant\u00e9ngase conectado con su equipo de atenci\u00f3n m\u00e9dica<\/p>\n\n\n\n<h2 class=\"wp-block-heading\" id=\"onlinepatientportal\">Cuando se inscribe en nuestro Portal del Paciente, que funciona las 24 horas del d\u00eda, puede:<\/h2>\n\n\n\n<ul class=\"wp-block-list\"><li>Solicitar y ver citas de forma conveniente<\/li><li>Solicitar el surtir de nuevo sus recetas<\/li><li>Acceder a los resultados de sus examenes y a la informaci\u00f3n de salud<\/li><li>Pagar o ver sus facturas<\/li><li>Comun\u00edquese en privado con su proveedor<\/li><li>Completar e imprimir los formularios de salud<\/li><\/ul>\n\n\n\n<div class=\"wp-block-buttons is-layout-flex wp-block-buttons-is-layout-flex\">\n<div class=\"wp-block-button\"><a class=\"wp-block-button__link\" href=\"https:\/\/www.auntmarthas.org\/es\/?page_id=4071\">Aprenda m\u00e1s<\/a><\/div>\n\n\n\n<div class=\"wp-block-button\"><a class=\"wp-block-button__link\" href=\"https:\/\/13826.portal.athenahealth.com\/\" target=\"_blank\" rel=\"noreferrer noopener\">Portal del Paciente<\/a><\/div>\n<\/div>\n<\/div>\n\n\n\n<div class=\"wp-block-column is-vertically-aligned-center is-layout-flow wp-block-column-is-layout-flow\">\n<figure class=\"wp-block-image aligncenter size-large is-resized\"><img loading=\"lazy\" decoding=\"async\" src=\"https:\/\/www.auntmarthas.org\/wp-content\/uploads\/2022\/09\/Powered-by-athenahealth-1024x147.png\" alt=\"\" class=\"wp-image-2655\" width=\"256\" height=\"37\" srcset=\"https:\/\/www.auntmarthas.org\/wp-content\/uploads\/2022\/09\/Powered-by-athenahealth-1024x147.png 1024w, https:\/\/www.auntmarthas.org\/wp-content\/uploads\/2022\/09\/Powered-by-athenahealth-300x43.png 300w, https:\/\/www.auntmarthas.org\/wp-content\/uploads\/2022\/09\/Powered-by-athenahealth-768x110.png 768w, https:\/\/www.auntmarthas.org\/wp-content\/uploads\/2022\/09\/Powered-by-athenahealth.png 1298w\" sizes=\"auto, (max-width: 256px) 100vw, 256px\" \/><\/figure>\n\n\n\n<figure class=\"wp-block-image aligncenter size-large\"><img loading=\"lazy\" decoding=\"async\" width=\"1024\" height=\"556\" src=\"https:\/\/www.auntmarthas.org\/wp-content\/uploads\/2022\/09\/Patient-Portal-Diagram-01-1024x556.png\" alt=\"\" class=\"wp-image-2496\" srcset=\"https:\/\/www.auntmarthas.org\/wp-content\/uploads\/2022\/09\/Patient-Portal-Diagram-01-1024x556.png 1024w, https:\/\/www.auntmarthas.org\/wp-content\/uploads\/2022\/09\/Patient-Portal-Diagram-01-300x163.png 300w, https:\/\/www.auntmarthas.org\/wp-content\/uploads\/2022\/09\/Patient-Portal-Diagram-01-768x417.png 768w, https:\/\/www.auntmarthas.org\/wp-content\/uploads\/2022\/09\/Patient-Portal-Diagram-01-1536x833.png 1536w, https:\/\/www.auntmarthas.org\/wp-content\/uploads\/2022\/09\/Patient-Portal-Diagram-01.png 1913w\" sizes=\"auto, (max-width: 1024px) 100vw, 1024px\" \/><figcaption>Su Portal del Paciente es desarrollado por <a href=\"https:\/\/www.athenahealth.com\/\" target=\"_blank\" rel=\"noreferrer noopener\">athenahealth<\/a><\/figcaption><\/figure>\n<\/div>\n<\/div>\n<\/div>\n","protected":false},"excerpt":{"rendered":"<p>Vaya a: C\u00f3mo solicitar una copia de su historial m\u00e9dico [&hellip;]<\/p>\n","protected":false},"author":4,"featured_media":3495,"parent":3846,"menu_order":15,"comment_status":"closed","ping_status":"closed","template":"","meta":{"_acf_changed":false,"footnotes":""},"class_list":["post-4420","page","type-page","status-publish","has-post-thumbnail","hentry"],"acf":[],"yoast_head":"<!-- This site is optimized with the Yoast SEO plugin v27.4 - https:\/\/yoast.com\/product\/yoast-seo-wordpress\/ -->\n<title>C\u00f3mo solicitar una copia de su historial m\u00e9dico<\/title>\n<meta name=\"description\" content=\"Esta p\u00e1gina describe c\u00f3mo solicitar una copia de su historial m\u00e9dico como paciente en cualquiera de los centros de salud de Aunt Martha&#039;s.\" \/>\n<meta name=\"robots\" content=\"index, follow, max-snippet:-1, max-image-preview:large, max-video-preview:-1\" \/>\n<link rel=\"canonical\" href=\"https:\/\/www.auntmarthas.org\/es\/cuidado-de-la-salud\/peticion-de-historial-medico\/\" \/>\n<meta property=\"og:locale\" content=\"es_ES\" \/>\n<meta property=\"og:type\" content=\"article\" \/>\n<meta property=\"og:title\" content=\"C\u00f3mo solicitar una copia de su historial m\u00e9dico\" \/>\n<meta property=\"og:description\" content=\"Esta p\u00e1gina describe c\u00f3mo solicitar una copia de su historial m\u00e9dico como paciente en cualquiera de los centros de salud de Aunt Martha&#039;s.\" \/>\n<meta property=\"og:url\" content=\"https:\/\/www.auntmarthas.org\/es\/cuidado-de-la-salud\/peticion-de-historial-medico\/\" \/>\n<meta property=\"og:site_name\" content=\"Aunt Martha&#039;s\" \/>\n<meta property=\"article:publisher\" content=\"https:\/\/www.facebook.com\/AuntMarthas\" \/>\n<meta property=\"article:modified_time\" content=\"2023-01-17T21:52:59+00:00\" \/>\n<meta property=\"og:image\" content=\"https:\/\/www.auntmarthas.org\/wp-content\/uploads\/2022\/09\/featured-image_2_medical-records-request.png\" \/>\n\t<meta property=\"og:image:width\" content=\"2100\" \/>\n\t<meta property=\"og:image:height\" content=\"900\" \/>\n\t<meta property=\"og:image:type\" content=\"image\/png\" \/>\n<meta name=\"twitter:card\" content=\"summary_large_image\" \/>\n<meta name=\"twitter:site\" content=\"@AuntMarthas\" \/>\n<meta name=\"twitter:label1\" content=\"Tiempo de lectura\" \/>\n\t<meta name=\"twitter:data1\" content=\"2 minutos\" \/>\n<script type=\"application\/ld+json\" class=\"yoast-schema-graph\">{\"@context\":\"https:\\\/\\\/schema.org\",\"@graph\":[{\"@type\":\"WebPage\",\"@id\":\"https:\\\/\\\/www.auntmarthas.org\\\/es\\\/cuidado-de-la-salud\\\/peticion-de-historial-medico\\\/\",\"url\":\"https:\\\/\\\/www.auntmarthas.org\\\/es\\\/cuidado-de-la-salud\\\/peticion-de-historial-medico\\\/\",\"name\":\"C\u00f3mo solicitar una copia de su historial m\u00e9dico\",\"isPartOf\":{\"@id\":\"https:\\\/\\\/www.auntmarthas.org\\\/es\\\/#website\"},\"primaryImageOfPage\":{\"@id\":\"https:\\\/\\\/www.auntmarthas.org\\\/es\\\/cuidado-de-la-salud\\\/peticion-de-historial-medico\\\/#primaryimage\"},\"image\":{\"@id\":\"https:\\\/\\\/www.auntmarthas.org\\\/es\\\/cuidado-de-la-salud\\\/peticion-de-historial-medico\\\/#primaryimage\"},\"thumbnailUrl\":\"https:\\\/\\\/www.auntmarthas.org\\\/wp-content\\\/uploads\\\/2022\\\/09\\\/featured-image_2_medical-records-request.png\",\"datePublished\":\"2022-12-22T02:32:15+00:00\",\"dateModified\":\"2023-01-17T21:52:59+00:00\",\"description\":\"Esta p\u00e1gina describe c\u00f3mo solicitar una copia de su historial m\u00e9dico como paciente en cualquiera de los centros de salud de Aunt Martha's.\",\"breadcrumb\":{\"@id\":\"https:\\\/\\\/www.auntmarthas.org\\\/es\\\/cuidado-de-la-salud\\\/peticion-de-historial-medico\\\/#breadcrumb\"},\"inLanguage\":\"es\",\"potentialAction\":[{\"@type\":\"ReadAction\",\"target\":[\"https:\\\/\\\/www.auntmarthas.org\\\/es\\\/cuidado-de-la-salud\\\/peticion-de-historial-medico\\\/\"]}]},{\"@type\":\"ImageObject\",\"inLanguage\":\"es\",\"@id\":\"https:\\\/\\\/www.auntmarthas.org\\\/es\\\/cuidado-de-la-salud\\\/peticion-de-historial-medico\\\/#primaryimage\",\"url\":\"https:\\\/\\\/www.auntmarthas.org\\\/wp-content\\\/uploads\\\/2022\\\/09\\\/featured-image_2_medical-records-request.png\",\"contentUrl\":\"https:\\\/\\\/www.auntmarthas.org\\\/wp-content\\\/uploads\\\/2022\\\/09\\\/featured-image_2_medical-records-request.png\",\"width\":2100,\"height\":900},{\"@type\":\"BreadcrumbList\",\"@id\":\"https:\\\/\\\/www.auntmarthas.org\\\/es\\\/cuidado-de-la-salud\\\/peticion-de-historial-medico\\\/#breadcrumb\",\"itemListElement\":[{\"@type\":\"ListItem\",\"position\":1,\"name\":\"Home\",\"item\":\"https:\\\/\\\/www.auntmarthas.org\\\/es\\\/\"},{\"@type\":\"ListItem\",\"position\":2,\"name\":\"Cuidado de la salud\",\"item\":\"https:\\\/\\\/www.auntmarthas.org\\\/es\\\/cuidado-de-la-salud\\\/\"},{\"@type\":\"ListItem\",\"position\":3,\"name\":\"Petici\u00f3n de historial m\u00e9dico\"}]},{\"@type\":\"WebSite\",\"@id\":\"https:\\\/\\\/www.auntmarthas.org\\\/es\\\/#website\",\"url\":\"https:\\\/\\\/www.auntmarthas.org\\\/es\\\/\",\"name\":\"Aunt Martha's\",\"description\":\"Health &amp; Wellness\",\"publisher\":{\"@id\":\"https:\\\/\\\/www.auntmarthas.org\\\/es\\\/#organization\"},\"potentialAction\":[{\"@type\":\"SearchAction\",\"target\":{\"@type\":\"EntryPoint\",\"urlTemplate\":\"https:\\\/\\\/www.auntmarthas.org\\\/es\\\/?s={search_term_string}\"},\"query-input\":{\"@type\":\"PropertyValueSpecification\",\"valueRequired\":true,\"valueName\":\"search_term_string\"}}],\"inLanguage\":\"es\"},{\"@type\":\"Organization\",\"@id\":\"https:\\\/\\\/www.auntmarthas.org\\\/es\\\/#organization\",\"name\":\"Aunt Martha's Health & Wellness\",\"alternateName\":\"Aunt Martha's\",\"url\":\"https:\\\/\\\/www.auntmarthas.org\\\/es\\\/\",\"logo\":{\"@type\":\"ImageObject\",\"inLanguage\":\"es\",\"@id\":\"https:\\\/\\\/www.auntmarthas.org\\\/es\\\/#\\\/schema\\\/logo\\\/image\\\/\",\"url\":\"https:\\\/\\\/www.auntmarthas.org\\\/wp-content\\\/uploads\\\/2022\\\/06\\\/AM_LOGO_RGB-v2.svg\",\"contentUrl\":\"https:\\\/\\\/www.auntmarthas.org\\\/wp-content\\\/uploads\\\/2022\\\/06\\\/AM_LOGO_RGB-v2.svg\",\"width\":1920,\"height\":675,\"caption\":\"Aunt Martha's Health & Wellness\"},\"image\":{\"@id\":\"https:\\\/\\\/www.auntmarthas.org\\\/es\\\/#\\\/schema\\\/logo\\\/image\\\/\"},\"sameAs\":[\"https:\\\/\\\/www.facebook.com\\\/AuntMarthas\",\"https:\\\/\\\/x.com\\\/AuntMarthas\",\"https:\\\/\\\/www.youtube.com\\\/@auntmarthas\"]}]}<\/script>\n<!-- \/ Yoast SEO plugin. -->","yoast_head_json":{"title":"C\u00f3mo solicitar una copia de su historial m\u00e9dico","description":"Esta p\u00e1gina describe c\u00f3mo solicitar una copia de su historial m\u00e9dico como paciente en cualquiera de los centros de salud de Aunt Martha's.","robots":{"index":"index","follow":"follow","max-snippet":"max-snippet:-1","max-image-preview":"max-image-preview:large","max-video-preview":"max-video-preview:-1"},"canonical":"https:\/\/www.auntmarthas.org\/es\/cuidado-de-la-salud\/peticion-de-historial-medico\/","og_locale":"es_ES","og_type":"article","og_title":"C\u00f3mo solicitar una copia de su historial m\u00e9dico","og_description":"Esta p\u00e1gina describe c\u00f3mo solicitar una copia de su historial m\u00e9dico como paciente en cualquiera de los centros de salud de Aunt Martha's.","og_url":"https:\/\/www.auntmarthas.org\/es\/cuidado-de-la-salud\/peticion-de-historial-medico\/","og_site_name":"Aunt Martha&#039;s","article_publisher":"https:\/\/www.facebook.com\/AuntMarthas","article_modified_time":"2023-01-17T21:52:59+00:00","og_image":[{"width":2100,"height":900,"url":"https:\/\/www.auntmarthas.org\/wp-content\/uploads\/2022\/09\/featured-image_2_medical-records-request.png","type":"image\/png"}],"twitter_card":"summary_large_image","twitter_site":"@AuntMarthas","twitter_misc":{"Tiempo de lectura":"2 minutos"},"schema":{"@context":"https:\/\/schema.org","@graph":[{"@type":"WebPage","@id":"https:\/\/www.auntmarthas.org\/es\/cuidado-de-la-salud\/peticion-de-historial-medico\/","url":"https:\/\/www.auntmarthas.org\/es\/cuidado-de-la-salud\/peticion-de-historial-medico\/","name":"C\u00f3mo solicitar una copia de su historial m\u00e9dico","isPartOf":{"@id":"https:\/\/www.auntmarthas.org\/es\/#website"},"primaryImageOfPage":{"@id":"https:\/\/www.auntmarthas.org\/es\/cuidado-de-la-salud\/peticion-de-historial-medico\/#primaryimage"},"image":{"@id":"https:\/\/www.auntmarthas.org\/es\/cuidado-de-la-salud\/peticion-de-historial-medico\/#primaryimage"},"thumbnailUrl":"https:\/\/www.auntmarthas.org\/wp-content\/uploads\/2022\/09\/featured-image_2_medical-records-request.png","datePublished":"2022-12-22T02:32:15+00:00","dateModified":"2023-01-17T21:52:59+00:00","description":"Esta p\u00e1gina describe c\u00f3mo solicitar una copia de su historial m\u00e9dico como paciente en cualquiera de los centros de salud de Aunt Martha's.","breadcrumb":{"@id":"https:\/\/www.auntmarthas.org\/es\/cuidado-de-la-salud\/peticion-de-historial-medico\/#breadcrumb"},"inLanguage":"es","potentialAction":[{"@type":"ReadAction","target":["https:\/\/www.auntmarthas.org\/es\/cuidado-de-la-salud\/peticion-de-historial-medico\/"]}]},{"@type":"ImageObject","inLanguage":"es","@id":"https:\/\/www.auntmarthas.org\/es\/cuidado-de-la-salud\/peticion-de-historial-medico\/#primaryimage","url":"https:\/\/www.auntmarthas.org\/wp-content\/uploads\/2022\/09\/featured-image_2_medical-records-request.png","contentUrl":"https:\/\/www.auntmarthas.org\/wp-content\/uploads\/2022\/09\/featured-image_2_medical-records-request.png","width":2100,"height":900},{"@type":"BreadcrumbList","@id":"https:\/\/www.auntmarthas.org\/es\/cuidado-de-la-salud\/peticion-de-historial-medico\/#breadcrumb","itemListElement":[{"@type":"ListItem","position":1,"name":"Home","item":"https:\/\/www.auntmarthas.org\/es\/"},{"@type":"ListItem","position":2,"name":"Cuidado de la salud","item":"https:\/\/www.auntmarthas.org\/es\/cuidado-de-la-salud\/"},{"@type":"ListItem","position":3,"name":"Petici\u00f3n de historial m\u00e9dico"}]},{"@type":"WebSite","@id":"https:\/\/www.auntmarthas.org\/es\/#website","url":"https:\/\/www.auntmarthas.org\/es\/","name":"Aunt Martha's","description":"Health &amp; Wellness","publisher":{"@id":"https:\/\/www.auntmarthas.org\/es\/#organization"},"potentialAction":[{"@type":"SearchAction","target":{"@type":"EntryPoint","urlTemplate":"https:\/\/www.auntmarthas.org\/es\/?s={search_term_string}"},"query-input":{"@type":"PropertyValueSpecification","valueRequired":true,"valueName":"search_term_string"}}],"inLanguage":"es"},{"@type":"Organization","@id":"https:\/\/www.auntmarthas.org\/es\/#organization","name":"Aunt Martha's Health & Wellness","alternateName":"Aunt Martha's","url":"https:\/\/www.auntmarthas.org\/es\/","logo":{"@type":"ImageObject","inLanguage":"es","@id":"https:\/\/www.auntmarthas.org\/es\/#\/schema\/logo\/image\/","url":"https:\/\/www.auntmarthas.org\/wp-content\/uploads\/2022\/06\/AM_LOGO_RGB-v2.svg","contentUrl":"https:\/\/www.auntmarthas.org\/wp-content\/uploads\/2022\/06\/AM_LOGO_RGB-v2.svg","width":1920,"height":675,"caption":"Aunt Martha's Health & Wellness"},"image":{"@id":"https:\/\/www.auntmarthas.org\/es\/#\/schema\/logo\/image\/"},"sameAs":["https:\/\/www.facebook.com\/AuntMarthas","https:\/\/x.com\/AuntMarthas","https:\/\/www.youtube.com\/@auntmarthas"]}]}},"_links":{"self":[{"href":"https:\/\/www.auntmarthas.org\/es\/wp-json\/wp\/v2\/pages\/4420","targetHints":{"allow":["GET"]}}],"collection":[{"href":"https:\/\/www.auntmarthas.org\/es\/wp-json\/wp\/v2\/pages"}],"about":[{"href":"https:\/\/www.auntmarthas.org\/es\/wp-json\/wp\/v2\/types\/page"}],"author":[{"embeddable":true,"href":"https:\/\/www.auntmarthas.org\/es\/wp-json\/wp\/v2\/users\/4"}],"replies":[{"embeddable":true,"href":"https:\/\/www.auntmarthas.org\/es\/wp-json\/wp\/v2\/comments?post=4420"}],"version-history":[{"count":0,"href":"https:\/\/www.auntmarthas.org\/es\/wp-json\/wp\/v2\/pages\/4420\/revisions"}],"up":[{"embeddable":true,"href":"https:\/\/www.auntmarthas.org\/es\/wp-json\/wp\/v2\/pages\/3846"}],"wp:featuredmedia":[{"embeddable":true,"href":"https:\/\/www.auntmarthas.org\/es\/wp-json\/wp\/v2\/media\/3495"}],"wp:attachment":[{"href":"https:\/\/www.auntmarthas.org\/es\/wp-json\/wp\/v2\/media?parent=4420"}],"curies":[{"name":"wp","href":"https:\/\/api.w.org\/{rel}","templated":true}]}}