{"id":4071,"date":"2022-08-12T16:50:29","date_gmt":"2022-08-12T22:50:29","guid":{"rendered":"https:\/\/www.auntmarthas.org\/?page_id=4071"},"modified":"2023-12-19T11:26:55","modified_gmt":"2023-12-19T17:26:55","slug":"portal-del-paciente","status":"publish","type":"page","link":"https:\/\/www.auntmarthas.org\/es\/cuidado-de-la-salud\/portal-del-paciente\/","title":{"rendered":"Portal del Paciente"},"content":{"rendered":"\n<div class=\"wp-block-columns are-vertically-aligned-center is-layout-flex wp-container-core-columns-is-layout-9d6595d7 wp-block-columns-is-layout-flex\">\n<div class=\"wp-block-column is-vertically-aligned-center is-layout-flow wp-block-column-is-layout-flow\">\n<figure class=\"wp-block-embed is-type-video is-provider-youtube wp-block-embed-youtube wp-embed-aspect-16-9 wp-has-aspect-ratio\"><div class=\"wp-block-embed__wrapper\">\n<iframe loading=\"lazy\" title=\"Patient Portal Video for Patients\" width=\"640\" height=\"360\" src=\"https:\/\/www.youtube.com\/embed\/jVguA9_0U0o?feature=oembed&#038;enablejsapi=1&#038;origin=https:\/\/www.auntmarthas.org\" frameborder=\"0\" allow=\"accelerometer; autoplay; clipboard-write; encrypted-media; gyroscope; picture-in-picture; web-share\" referrerpolicy=\"strict-origin-when-cross-origin\" allowfullscreen><\/iframe>\n<\/div><\/figure>\n<\/div>\n\n\n\n<div class=\"wp-block-column is-vertically-aligned-center is-layout-flow wp-block-column-is-layout-flow\">\n<h2 class=\"wp-block-heading\">Su Portal del Paciente<\/h2>\n\n\n\n<div style=\"height:10px\" aria-hidden=\"true\" class=\"wp-block-spacer\"><\/div>\n\n\n\n<p>El Portal del paciente en l\u00ednea es el \u00fanico lugar al que debe ir para manejar su salud en cualquier momento y en cualquier lugar. Programe citas, env\u00edenos mensajes o solicitudes para surtir nuevamente sus medicamentos, ver los resultados de sus examenesy la facturaci\u00f3n en l\u00ednea sin tener que programar una cita o esperar por tel\u00e9fono.<\/p>\n\n\n\n<div class=\"wp-block-buttons is-content-justification-center is-layout-flex wp-container-core-buttons-is-layout-16018d1d wp-block-buttons-is-layout-flex\">\n<div class=\"wp-block-button\"><a class=\"wp-block-button__link wp-element-button\" href=\"https:\/\/13826.portal.athenahealth.com\/\" target=\"_blank\" rel=\"noreferrer noopener\">Registrarse o iniciar sesi\u00f3n<\/a><\/div>\n<\/div>\n<\/div>\n<\/div>\n\n\n\n<h2 class=\"wp-block-heading\">Beneficios de su portal de pacientes<\/h2>\n\n\n\n<div style=\"height:10px\" aria-hidden=\"true\" class=\"wp-block-spacer\"><\/div>\n\n\n\n<div class=\"wp-block-columns three-column-icons-text is-layout-flex wp-container-core-columns-is-layout-9d6595d7 wp-block-columns-is-layout-flex\">\n<div class=\"wp-block-column is-layout-flow wp-block-column-is-layout-flow\">\n<figure class=\"wp-block-image aligncenter size-full\"><img loading=\"lazy\" decoding=\"async\" width=\"150\" height=\"150\" src=\"https:\/\/www.auntmarthas.org\/wp-content\/uploads\/2022\/09\/Easily-pay-your-bills.png\" alt=\"Su portal del paciente facilita el pago de sus facturas.\" class=\"wp-image-2507\"\/><\/figure>\n\n\n\n<h4 class=\"wp-block-heading has-text-align-center\">Pagar f\u00e1cilmente sus facturas<\/h4>\n\n\n\n<p class=\"has-text-align-center\">Pague con un clic,<br>no un cheque.<\/p>\n<\/div>\n\n\n\n<div class=\"wp-block-column is-layout-flow wp-block-column-is-layout-flow\">\n<figure class=\"wp-block-image aligncenter size-full\"><img loading=\"lazy\" decoding=\"async\" width=\"150\" height=\"150\" src=\"https:\/\/www.auntmarthas.org\/wp-content\/uploads\/2022\/09\/Message-us-any-time.png\" alt=\"Utilice el portal del paciente para enviar mensajes seguros a su equipo de atenci\u00f3n, hacer preguntas y solicitar de nuevo sus medicamentos.\" class=\"wp-image-2508\"\/><\/figure>\n\n\n\n<h4 class=\"wp-block-heading has-text-align-center\">Env\u00edenos un mensaje en cualquier momento<\/h4>\n\n\n\n<p class=\"has-text-align-center\">Enviar mensajes seguros a<br>hacer preguntas o solicitar nuevamente sus medicamentos .<\/p>\n<\/div>\n\n\n\n<div class=\"wp-block-column is-layout-flow wp-block-column-is-layout-flow\">\n<figure class=\"wp-block-image aligncenter size-full\"><img loading=\"lazy\" decoding=\"async\" width=\"150\" height=\"150\" src=\"https:\/\/www.auntmarthas.org\/wp-content\/uploads\/2022\/09\/Schedule-appointments.png\" alt=\"Los pacientes que regresan pueden programar las visitas utilizando el portal del paciente\" class=\"wp-image-2509\"\/><\/figure>\n\n\n\n<h4 class=\"wp-block-heading has-text-align-center\">Programe su pr\u00f3xima visita<\/h4>\n\n\n\n<p class=\"has-text-align-center\">Los pacientes que regresan ahorran tiempo al programar en l\u00ednea.<\/p>\n<\/div>\n<\/div>\n\n\n\n<div class=\"wp-block-columns three-column-icons-text is-layout-flex wp-container-core-columns-is-layout-9d6595d7 wp-block-columns-is-layout-flex\">\n<div class=\"wp-block-column is-layout-flow wp-block-column-is-layout-flow\">\n<figure class=\"wp-block-image aligncenter size-full\"><img loading=\"lazy\" decoding=\"async\" width=\"150\" height=\"150\" src=\"https:\/\/www.auntmarthas.org\/wp-content\/uploads\/2022\/09\/View-lab-results.png\" alt=\"Sus resultados de laboratorio estar\u00e1n disponibles en su cuenta segura del portal del paciente\" class=\"wp-image-2510\"\/><\/figure>\n\n\n\n<h4 class=\"wp-block-heading has-text-align-center\">Ver resultados de laboratorio<\/h4>\n\n\n\n<p class=\"has-text-align-center\">Obtenga los resultados de sus pruebas cuando le resulte conveniente.<\/p>\n<\/div>\n\n\n\n<div class=\"wp-block-column is-layout-flow wp-block-column-is-layout-flow\">\n<figure class=\"wp-block-image aligncenter size-full\"><img loading=\"lazy\" decoding=\"async\" width=\"150\" height=\"150\" src=\"https:\/\/www.auntmarthas.org\/wp-content\/uploads\/2022\/09\/Receive-letters-from-your-physician.png\" alt=\"Su proveedor puede enviar cartas a trav\u00e9s del portal del paciente\" class=\"wp-image-2511\"\/><\/figure>\n\n\n\n<h4 class=\"wp-block-heading has-text-align-center\">Obtenga cartas de su proveedor<\/h4>\n\n\n\n<p class=\"has-text-align-center\">Obtenga f\u00e1cilmente copias de cartas, como la de regreso al trabajo o a la escuela.<\/p>\n<\/div>\n\n\n\n<div class=\"wp-block-column is-layout-flow wp-block-column-is-layout-flow\">\n<figure class=\"wp-block-image aligncenter size-full\"><img loading=\"lazy\" decoding=\"async\" width=\"150\" height=\"150\" src=\"https:\/\/www.auntmarthas.org\/wp-content\/uploads\/2022\/09\/Manage-your-own-health.png\" alt=\"Su portal del paciente es la clave para manejar su salud como miembro de su equipo de atenci\u00f3n.\" class=\"wp-image-2512\"\/><\/figure>\n\n\n\n<h4 class=\"wp-block-heading has-text-align-center\">Dirija su propia salud<\/h4>\n\n\n\n<p class=\"has-text-align-center\">Descargue su resumen de cuidados, comparta sus registros y mucho m\u00e1s.<\/p>\n<\/div>\n<\/div>\n\n\n\n<div style=\"height:25px\" aria-hidden=\"true\" class=\"wp-block-spacer\"><\/div>\n\n\n\n<h2 class=\"wp-block-heading\">4 sencillos pasos para registrarse desde casa&#8230; o desde cualquier lugar<\/h2>\n\n\n\n<div class=\"wp-block-columns three-column-icons-text is-layout-flex wp-container-core-columns-is-layout-9d6595d7 wp-block-columns-is-layout-flex\">\n<div class=\"wp-block-column is-layout-flow wp-block-column-is-layout-flow\">\n<figure class=\"wp-block-image aligncenter size-full is-style-default\"><img loading=\"lazy\" decoding=\"async\" width=\"600\" height=\"460\" src=\"https:\/\/www.auntmarthas.org\/wp-content\/uploads\/2022\/09\/Register_Step-1-1.png\" alt=\"\" class=\"wp-image-2520\" srcset=\"https:\/\/www.auntmarthas.org\/wp-content\/uploads\/2022\/09\/Register_Step-1-1.png 600w, https:\/\/www.auntmarthas.org\/wp-content\/uploads\/2022\/09\/Register_Step-1-1-300x230.png 300w\" sizes=\"auto, (max-width: 600px) 100vw, 600px\" \/><\/figure>\n\n\n\n<h4 class=\"wp-block-heading has-text-align-center\">Paso 1<\/h4>\n\n\n\n<p class=\"has-text-align-center\">Ir al Portal del Paciente de <a href=\"https:\/\/bit.ly\/MyPortal_Step_1\" target=\"_blank\" rel=\"noreferrer noopener\">Aunt Martha&#8217;s.<\/a><br>Haga clic en <strong>Registrarse hoy<\/strong> para crear una nueva cuenta.<\/p>\n<\/div>\n\n\n\n<div class=\"wp-block-column is-layout-flow wp-block-column-is-layout-flow\">\n<figure class=\"wp-block-image aligncenter size-full is-style-full-width\"><img loading=\"lazy\" decoding=\"async\" width=\"600\" height=\"460\" src=\"https:\/\/www.auntmarthas.org\/wp-content\/uploads\/2022\/09\/Register_Step-2-1.png\" alt=\"\" class=\"wp-image-2521\" srcset=\"https:\/\/www.auntmarthas.org\/wp-content\/uploads\/2022\/09\/Register_Step-2-1.png 600w, https:\/\/www.auntmarthas.org\/wp-content\/uploads\/2022\/09\/Register_Step-2-1-300x230.png 300w\" sizes=\"auto, (max-width: 600px) 100vw, 600px\" \/><\/figure>\n\n\n\n<h4 class=\"wp-block-heading has-text-align-center\">Paso 2<\/h4>\n\n\n\n<p class=\"has-text-align-center\">Introduzca su <strong>nombre, fecha de nacimiento<\/strong> y <strong>datos del contacto.<\/strong><\/p>\n<\/div>\n<\/div>\n\n\n\n<div class=\"wp-block-columns three-column-icons-text is-layout-flex wp-container-core-columns-is-layout-9d6595d7 wp-block-columns-is-layout-flex\">\n<div class=\"wp-block-column is-layout-flow wp-block-column-is-layout-flow\">\n<figure class=\"wp-block-image aligncenter size-full is-style-default\"><img loading=\"lazy\" decoding=\"async\" width=\"600\" height=\"460\" src=\"https:\/\/www.auntmarthas.org\/wp-content\/uploads\/2022\/09\/Register_Step-3.png\" alt=\"\" class=\"wp-image-2522\" srcset=\"https:\/\/www.auntmarthas.org\/wp-content\/uploads\/2022\/09\/Register_Step-3.png 600w, https:\/\/www.auntmarthas.org\/wp-content\/uploads\/2022\/09\/Register_Step-3-300x230.png 300w\" sizes=\"auto, (max-width: 600px) 100vw, 600px\" \/><\/figure>\n\n\n\n<h4 class=\"wp-block-heading has-text-align-center\">Paso 3<\/h4>\n\n\n\n<p class=\"has-text-align-center\">Le enviaremos un c\u00f3digo de acceso temporal por correo electr\u00f3nico, llamada o texto. Introduzca el <strong>c\u00f3digo de acceso temporal<\/strong>.<\/p>\n<\/div>\n\n\n\n<div class=\"wp-block-column is-layout-flow wp-block-column-is-layout-flow\">\n<figure class=\"wp-block-image aligncenter size-full is-style-full-width\"><img loading=\"lazy\" decoding=\"async\" width=\"600\" height=\"460\" src=\"https:\/\/www.auntmarthas.org\/wp-content\/uploads\/2022\/09\/Register_Step-4.png\" alt=\"\" class=\"wp-image-2523\" srcset=\"https:\/\/www.auntmarthas.org\/wp-content\/uploads\/2022\/09\/Register_Step-4.png 600w, https:\/\/www.auntmarthas.org\/wp-content\/uploads\/2022\/09\/Register_Step-4-300x230.png 300w\" sizes=\"auto, (max-width: 600px) 100vw, 600px\" \/><\/figure>\n\n\n\n<h4 class=\"wp-block-heading has-text-align-center\">Paso 4<\/h4>\n\n\n\n<p class=\"has-text-align-center\">Crea tu nueva <strong>contrase\u00f1a.<\/strong><br>Su contrase\u00f1a debe tener entre 8 y 20 caracteres e incluir una letra may\u00fascula , otra min\u00fascula y un n\u00famero o s\u00edmbolo.<\/p>\n<\/div>\n<\/div>\n","protected":false},"excerpt":{"rendered":"<p>Su Portal del Paciente El Portal del paciente en l\u00ednea [&hellip;]<\/p>\n","protected":false},"author":3,"featured_media":3460,"parent":3846,"menu_order":16,"comment_status":"closed","ping_status":"closed","template":"","meta":{"_acf_changed":false,"footnotes":""},"class_list":["post-4071","page","type-page","status-publish","has-post-thumbnail","hentry"],"acf":[],"yoast_head":"<!-- This site is optimized with the Yoast SEO plugin v27.5 - https:\/\/yoast.com\/product\/yoast-seo-wordpress\/ -->\n<title>Portal del Paciente - Aunt Martha&#039;s<\/title>\n<meta name=\"description\" content=\"Su portal del paciente es su conexi\u00f3n personal y privada con su informaci\u00f3nde salud y su equipo de atenci\u00f3n. Inscribase. Registrese. Mantenerse saludable.\" \/>\n<meta name=\"robots\" content=\"index, follow, max-snippet:-1, max-image-preview:large, max-video-preview:-1\" \/>\n<link rel=\"canonical\" href=\"https:\/\/www.auntmarthas.org\/es\/cuidado-de-la-salud\/portal-del-paciente\/\" \/>\n<meta property=\"og:locale\" content=\"es_ES\" \/>\n<meta property=\"og:type\" content=\"article\" \/>\n<meta property=\"og:title\" content=\"Portal del Paciente - Aunt Martha&#039;s\" \/>\n<meta property=\"og:description\" content=\"Su portal del paciente es su conexi\u00f3n personal y privada con su informaci\u00f3nde salud y su equipo de atenci\u00f3n. Inscribase. Registrese. Mantenerse saludable.\" \/>\n<meta property=\"og:url\" content=\"https:\/\/www.auntmarthas.org\/es\/cuidado-de-la-salud\/portal-del-paciente\/\" \/>\n<meta property=\"og:site_name\" content=\"Aunt Martha&#039;s\" \/>\n<meta property=\"article:publisher\" content=\"https:\/\/www.facebook.com\/AuntMarthas\" \/>\n<meta property=\"article:modified_time\" content=\"2023-12-19T17:26:55+00:00\" \/>\n<meta property=\"og:image\" content=\"https:\/\/www.auntmarthas.org\/wp-content\/uploads\/2022\/09\/Featured-Image_Your-Patient-Portal.png\" \/>\n\t<meta property=\"og:image:width\" content=\"1355\" \/>\n\t<meta property=\"og:image:height\" content=\"900\" \/>\n\t<meta property=\"og:image:type\" content=\"image\/png\" \/>\n<meta name=\"twitter:card\" content=\"summary_large_image\" \/>\n<meta name=\"twitter:site\" content=\"@AuntMarthas\" \/>\n<meta name=\"twitter:label1\" content=\"Tiempo de lectura\" \/>\n\t<meta name=\"twitter:data1\" content=\"4 minutos\" \/>\n<script type=\"application\/ld+json\" class=\"yoast-schema-graph\">{\"@context\":\"https:\\\/\\\/schema.org\",\"@graph\":[{\"@type\":\"WebPage\",\"@id\":\"https:\\\/\\\/www.auntmarthas.org\\\/es\\\/cuidado-de-la-salud\\\/portal-del-paciente\\\/\",\"url\":\"https:\\\/\\\/www.auntmarthas.org\\\/es\\\/cuidado-de-la-salud\\\/portal-del-paciente\\\/\",\"name\":\"Portal del Paciente - Aunt Martha&#039;s\",\"isPartOf\":{\"@id\":\"https:\\\/\\\/www.auntmarthas.org\\\/es\\\/#website\"},\"primaryImageOfPage\":{\"@id\":\"https:\\\/\\\/www.auntmarthas.org\\\/es\\\/cuidado-de-la-salud\\\/portal-del-paciente\\\/#primaryimage\"},\"image\":{\"@id\":\"https:\\\/\\\/www.auntmarthas.org\\\/es\\\/cuidado-de-la-salud\\\/portal-del-paciente\\\/#primaryimage\"},\"thumbnailUrl\":\"https:\\\/\\\/www.auntmarthas.org\\\/wp-content\\\/uploads\\\/2022\\\/09\\\/Featured-Image_Your-Patient-Portal.png\",\"datePublished\":\"2022-08-12T22:50:29+00:00\",\"dateModified\":\"2023-12-19T17:26:55+00:00\",\"description\":\"Su portal del paciente es su conexi\u00f3n personal y privada con su informaci\u00f3nde salud y su equipo de atenci\u00f3n. Inscribase. Registrese. Mantenerse saludable.\",\"breadcrumb\":{\"@id\":\"https:\\\/\\\/www.auntmarthas.org\\\/es\\\/cuidado-de-la-salud\\\/portal-del-paciente\\\/#breadcrumb\"},\"inLanguage\":\"es\",\"potentialAction\":[{\"@type\":\"ReadAction\",\"target\":[\"https:\\\/\\\/www.auntmarthas.org\\\/es\\\/cuidado-de-la-salud\\\/portal-del-paciente\\\/\"]}]},{\"@type\":\"ImageObject\",\"inLanguage\":\"es\",\"@id\":\"https:\\\/\\\/www.auntmarthas.org\\\/es\\\/cuidado-de-la-salud\\\/portal-del-paciente\\\/#primaryimage\",\"url\":\"https:\\\/\\\/www.auntmarthas.org\\\/wp-content\\\/uploads\\\/2022\\\/09\\\/Featured-Image_Your-Patient-Portal.png\",\"contentUrl\":\"https:\\\/\\\/www.auntmarthas.org\\\/wp-content\\\/uploads\\\/2022\\\/09\\\/Featured-Image_Your-Patient-Portal.png\",\"width\":1355,\"height\":900},{\"@type\":\"BreadcrumbList\",\"@id\":\"https:\\\/\\\/www.auntmarthas.org\\\/es\\\/cuidado-de-la-salud\\\/portal-del-paciente\\\/#breadcrumb\",\"itemListElement\":[{\"@type\":\"ListItem\",\"position\":1,\"name\":\"Home\",\"item\":\"https:\\\/\\\/www.auntmarthas.org\\\/es\\\/\"},{\"@type\":\"ListItem\",\"position\":2,\"name\":\"Cuidado de la salud\",\"item\":\"https:\\\/\\\/www.auntmarthas.org\\\/es\\\/cuidado-de-la-salud\\\/\"},{\"@type\":\"ListItem\",\"position\":3,\"name\":\"Portal del Paciente\"}]},{\"@type\":\"WebSite\",\"@id\":\"https:\\\/\\\/www.auntmarthas.org\\\/es\\\/#website\",\"url\":\"https:\\\/\\\/www.auntmarthas.org\\\/es\\\/\",\"name\":\"Aunt Martha's\",\"description\":\"Health &amp; Wellness\",\"publisher\":{\"@id\":\"https:\\\/\\\/www.auntmarthas.org\\\/es\\\/#organization\"},\"potentialAction\":[{\"@type\":\"SearchAction\",\"target\":{\"@type\":\"EntryPoint\",\"urlTemplate\":\"https:\\\/\\\/www.auntmarthas.org\\\/es\\\/?s={search_term_string}\"},\"query-input\":{\"@type\":\"PropertyValueSpecification\",\"valueRequired\":true,\"valueName\":\"search_term_string\"}}],\"inLanguage\":\"es\"},{\"@type\":\"Organization\",\"@id\":\"https:\\\/\\\/www.auntmarthas.org\\\/es\\\/#organization\",\"name\":\"Aunt Martha's Health & Wellness\",\"alternateName\":\"Aunt Martha's\",\"url\":\"https:\\\/\\\/www.auntmarthas.org\\\/es\\\/\",\"logo\":{\"@type\":\"ImageObject\",\"inLanguage\":\"es\",\"@id\":\"https:\\\/\\\/www.auntmarthas.org\\\/es\\\/#\\\/schema\\\/logo\\\/image\\\/\",\"url\":\"https:\\\/\\\/www.auntmarthas.org\\\/wp-content\\\/uploads\\\/2022\\\/06\\\/AM_LOGO_RGB-v2.svg\",\"contentUrl\":\"https:\\\/\\\/www.auntmarthas.org\\\/wp-content\\\/uploads\\\/2022\\\/06\\\/AM_LOGO_RGB-v2.svg\",\"width\":1920,\"height\":675,\"caption\":\"Aunt Martha's Health & Wellness\"},\"image\":{\"@id\":\"https:\\\/\\\/www.auntmarthas.org\\\/es\\\/#\\\/schema\\\/logo\\\/image\\\/\"},\"sameAs\":[\"https:\\\/\\\/www.facebook.com\\\/AuntMarthas\",\"https:\\\/\\\/x.com\\\/AuntMarthas\",\"https:\\\/\\\/www.youtube.com\\\/@auntmarthas\"]}]}<\/script>\n<!-- \/ Yoast SEO plugin. -->","yoast_head_json":{"title":"Portal del Paciente - Aunt Martha&#039;s","description":"Su portal del paciente es su conexi\u00f3n personal y privada con su informaci\u00f3nde salud y su equipo de atenci\u00f3n. Inscribase. Registrese. Mantenerse saludable.","robots":{"index":"index","follow":"follow","max-snippet":"max-snippet:-1","max-image-preview":"max-image-preview:large","max-video-preview":"max-video-preview:-1"},"canonical":"https:\/\/www.auntmarthas.org\/es\/cuidado-de-la-salud\/portal-del-paciente\/","og_locale":"es_ES","og_type":"article","og_title":"Portal del Paciente - Aunt Martha&#039;s","og_description":"Su portal del paciente es su conexi\u00f3n personal y privada con su informaci\u00f3nde salud y su equipo de atenci\u00f3n. Inscribase. Registrese. Mantenerse saludable.","og_url":"https:\/\/www.auntmarthas.org\/es\/cuidado-de-la-salud\/portal-del-paciente\/","og_site_name":"Aunt Martha&#039;s","article_publisher":"https:\/\/www.facebook.com\/AuntMarthas","article_modified_time":"2023-12-19T17:26:55+00:00","og_image":[{"width":1355,"height":900,"url":"https:\/\/www.auntmarthas.org\/wp-content\/uploads\/2022\/09\/Featured-Image_Your-Patient-Portal.png","type":"image\/png"}],"twitter_card":"summary_large_image","twitter_site":"@AuntMarthas","twitter_misc":{"Tiempo de lectura":"4 minutos"},"schema":{"@context":"https:\/\/schema.org","@graph":[{"@type":"WebPage","@id":"https:\/\/www.auntmarthas.org\/es\/cuidado-de-la-salud\/portal-del-paciente\/","url":"https:\/\/www.auntmarthas.org\/es\/cuidado-de-la-salud\/portal-del-paciente\/","name":"Portal del Paciente - Aunt Martha&#039;s","isPartOf":{"@id":"https:\/\/www.auntmarthas.org\/es\/#website"},"primaryImageOfPage":{"@id":"https:\/\/www.auntmarthas.org\/es\/cuidado-de-la-salud\/portal-del-paciente\/#primaryimage"},"image":{"@id":"https:\/\/www.auntmarthas.org\/es\/cuidado-de-la-salud\/portal-del-paciente\/#primaryimage"},"thumbnailUrl":"https:\/\/www.auntmarthas.org\/wp-content\/uploads\/2022\/09\/Featured-Image_Your-Patient-Portal.png","datePublished":"2022-08-12T22:50:29+00:00","dateModified":"2023-12-19T17:26:55+00:00","description":"Su portal del paciente es su conexi\u00f3n personal y privada con su informaci\u00f3nde salud y su equipo de atenci\u00f3n. Inscribase. Registrese. Mantenerse saludable.","breadcrumb":{"@id":"https:\/\/www.auntmarthas.org\/es\/cuidado-de-la-salud\/portal-del-paciente\/#breadcrumb"},"inLanguage":"es","potentialAction":[{"@type":"ReadAction","target":["https:\/\/www.auntmarthas.org\/es\/cuidado-de-la-salud\/portal-del-paciente\/"]}]},{"@type":"ImageObject","inLanguage":"es","@id":"https:\/\/www.auntmarthas.org\/es\/cuidado-de-la-salud\/portal-del-paciente\/#primaryimage","url":"https:\/\/www.auntmarthas.org\/wp-content\/uploads\/2022\/09\/Featured-Image_Your-Patient-Portal.png","contentUrl":"https:\/\/www.auntmarthas.org\/wp-content\/uploads\/2022\/09\/Featured-Image_Your-Patient-Portal.png","width":1355,"height":900},{"@type":"BreadcrumbList","@id":"https:\/\/www.auntmarthas.org\/es\/cuidado-de-la-salud\/portal-del-paciente\/#breadcrumb","itemListElement":[{"@type":"ListItem","position":1,"name":"Home","item":"https:\/\/www.auntmarthas.org\/es\/"},{"@type":"ListItem","position":2,"name":"Cuidado de la salud","item":"https:\/\/www.auntmarthas.org\/es\/cuidado-de-la-salud\/"},{"@type":"ListItem","position":3,"name":"Portal del Paciente"}]},{"@type":"WebSite","@id":"https:\/\/www.auntmarthas.org\/es\/#website","url":"https:\/\/www.auntmarthas.org\/es\/","name":"Aunt Martha's","description":"Health &amp; Wellness","publisher":{"@id":"https:\/\/www.auntmarthas.org\/es\/#organization"},"potentialAction":[{"@type":"SearchAction","target":{"@type":"EntryPoint","urlTemplate":"https:\/\/www.auntmarthas.org\/es\/?s={search_term_string}"},"query-input":{"@type":"PropertyValueSpecification","valueRequired":true,"valueName":"search_term_string"}}],"inLanguage":"es"},{"@type":"Organization","@id":"https:\/\/www.auntmarthas.org\/es\/#organization","name":"Aunt Martha's Health & Wellness","alternateName":"Aunt Martha's","url":"https:\/\/www.auntmarthas.org\/es\/","logo":{"@type":"ImageObject","inLanguage":"es","@id":"https:\/\/www.auntmarthas.org\/es\/#\/schema\/logo\/image\/","url":"https:\/\/www.auntmarthas.org\/wp-content\/uploads\/2022\/06\/AM_LOGO_RGB-v2.svg","contentUrl":"https:\/\/www.auntmarthas.org\/wp-content\/uploads\/2022\/06\/AM_LOGO_RGB-v2.svg","width":1920,"height":675,"caption":"Aunt Martha's Health & Wellness"},"image":{"@id":"https:\/\/www.auntmarthas.org\/es\/#\/schema\/logo\/image\/"},"sameAs":["https:\/\/www.facebook.com\/AuntMarthas","https:\/\/x.com\/AuntMarthas","https:\/\/www.youtube.com\/@auntmarthas"]}]}},"_links":{"self":[{"href":"https:\/\/www.auntmarthas.org\/es\/wp-json\/wp\/v2\/pages\/4071","targetHints":{"allow":["GET"]}}],"collection":[{"href":"https:\/\/www.auntmarthas.org\/es\/wp-json\/wp\/v2\/pages"}],"about":[{"href":"https:\/\/www.auntmarthas.org\/es\/wp-json\/wp\/v2\/types\/page"}],"author":[{"embeddable":true,"href":"https:\/\/www.auntmarthas.org\/es\/wp-json\/wp\/v2\/users\/3"}],"replies":[{"embeddable":true,"href":"https:\/\/www.auntmarthas.org\/es\/wp-json\/wp\/v2\/comments?post=4071"}],"version-history":[{"count":0,"href":"https:\/\/www.auntmarthas.org\/es\/wp-json\/wp\/v2\/pages\/4071\/revisions"}],"up":[{"embeddable":true,"href":"https:\/\/www.auntmarthas.org\/es\/wp-json\/wp\/v2\/pages\/3846"}],"wp:featuredmedia":[{"embeddable":true,"href":"https:\/\/www.auntmarthas.org\/es\/wp-json\/wp\/v2\/media\/3460"}],"wp:attachment":[{"href":"https:\/\/www.auntmarthas.org\/es\/wp-json\/wp\/v2\/media?parent=4071"}],"curies":[{"name":"wp","href":"https:\/\/api.w.org\/{rel}","templated":true}]}}