{"id":3783,"date":"2022-08-30T14:49:03","date_gmt":"2022-08-30T14:49:03","guid":{"rendered":"https:\/\/www.auntmarthas.org\/condiciones-de-uso\/"},"modified":"2023-01-17T21:47:01","modified_gmt":"2023-01-17T21:47:01","slug":"condiciones-de-uso","status":"publish","type":"page","link":"https:\/\/www.auntmarthas.org\/es\/condiciones-de-uso\/","title":{"rendered":"T\u00e9rminos de uso"},"content":{"rendered":"\n<h2 class=\"wp-block-heading\">T\u00e9rminos y condiciones de uso<\/h2>\n\n<div style=\"height:17px\" aria-hidden=\"true\" class=\"wp-block-spacer\"><\/div>\n\n<div class=\"wp-block-media-text alignwide is-stacked-on-mobile\" style=\"grid-template-columns:32% auto\"><figure class=\"wp-block-media-text__media\"><img loading=\"lazy\" decoding=\"async\" width=\"1024\" height=\"512\" src=\"https:\/\/auntmarthasstg.wpengine.com\/wp-content\/uploads\/2022\/08\/Terms-and-Conditions-Banner-Landscape-1024x512.png\" alt=\"\" class=\"wp-image-1838 size-full\" srcset=\"https:\/\/www.auntmarthas.org\/wp-content\/uploads\/2022\/08\/Terms-and-Conditions-Banner-Landscape-1024x512.png 1024w, https:\/\/www.auntmarthas.org\/wp-content\/uploads\/2022\/08\/Terms-and-Conditions-Banner-Landscape-300x150.png 300w, https:\/\/www.auntmarthas.org\/wp-content\/uploads\/2022\/08\/Terms-and-Conditions-Banner-Landscape-768x384.png 768w, https:\/\/www.auntmarthas.org\/wp-content\/uploads\/2022\/08\/Terms-and-Conditions-Banner-Landscape-1536x768.png 1536w, https:\/\/www.auntmarthas.org\/wp-content\/uploads\/2022\/08\/Terms-and-Conditions-Banner-Landscape-2048x1024.png 2048w\" sizes=\"auto, (max-width: 1024px) 100vw, 1024px\" \/><\/figure><div class=\"wp-block-media-text__content\">\n<p><\/p>\n<\/div><\/div>\n\n<div style=\"height:20px\" aria-hidden=\"true\" class=\"wp-block-spacer\"><\/div>\n\n<h4 class=\"wp-block-heading\">Si contin\u00faa navegando y utilizando este sitio web, est\u00e1 aceptando cumplir y quedar vinculado a los siguientes t\u00e9rminos y condiciones de uso:<\/h4>\n\n<ul class=\"wp-block-list\"><li>Estos t\u00e9rminos y el contenido de este sitio web est\u00e1n sujetos a cambios sin previo aviso.<\/li><li>El contenido de este sitio web es s\u00f3lo para su informaci\u00f3n y uso general. Ni nosotros ni terceras partes ofrecemos ninguna garant\u00eda en cuanto a la exactitud, puntualidad, rendimiento, integridad o idoneidad de la informaci\u00f3n y los materiales encontrados u ofrecidos en este sitio web para cualquier prop\u00f3sito particular. Usted reconoce que dicha informaci\u00f3n y materiales pueden contener inexactitudes o errores y nosotros excluimos expresamente la responsabilidad por dichas inexactitudes o errores en la mayor medida permitida por la ley.<\/li><li>El uso que usted haga de la informaci\u00f3n o los materiales de este sitio web corre por su cuenta y riesgo, por lo que no seremos responsables. Ser\u00e1 su responsabilidad asegurarse de que cualquier producto, servicio o informaci\u00f3n disponible a trav\u00e9s de este sitio web cumple con sus requisitos espec\u00edficos.<\/li><li>Este sitio web contiene material de nuestra propiedad o del que tenemos licencia. Este material incluye, entre otros, el dise\u00f1o, la presentaci\u00f3n, el aspecto, la apariencia y los gr\u00e1ficos. Queda prohibida la reproducci\u00f3n si no es de acuerdo con el aviso de derechos de autor, que forma parte de estas condiciones.<\/li><li>Todas las marcas comerciales reproducidas en este sitio web, que no son propiedad del operador ni tienen licencia para ello, est\u00e1n reconocidas en el sitio web.<\/li><li>El uso no autorizado de este sitio web puede dar lugar a una reclamaci\u00f3n por da\u00f1os y perjuicios y\/o constituir un delito.<\/li><li>De vez en cuando, este sitio web tambi\u00e9n puede incluir enlaces a otros sitios web. Estos enlaces se proporcionan para su conveniencia para proporcionar m\u00e1s informaci\u00f3n. No significan que respaldemos el sitio o los sitios web. No tenemos ninguna responsabilidad sobre el contenido de los sitios web enlazados.<\/li><li>No se puede crear un enlace a este sitio web desde otro sitio web o documento sin el consentimiento previo por escrito de Aunt Martha\u2019s Youth Service Center<\/li><\/ul>\n\n<div style=\"height:40px\" aria-hidden=\"true\" class=\"wp-block-spacer\"><\/div>\n\n<h2 class=\"wp-block-heading\">Aviso y directrices de derechos de autor<\/h2>\n\n<p>Este sitio web y su contenido son propiedad de Aunt Martha&#8217;s Youth Service Center &#8211; \u00a9 Aunt Martha&#8217;s Youth Service Center 2007. Queda prohibida la redistribuci\u00f3n o reproducci\u00f3n de parte o de la totalidad del contenido en cualquier forma que no sea la siguiente:<\/p>\n\n<ul class=\"wp-block-list\"><li>Puede imprimir o descargar a un disco duro local extractos para su uso personal y no comercial<\/li><li>Puede copiar el contenido a terceros para su uso personal, pero s\u00f3lo si reconoce el sitio web como la fuente del material copiado<\/li><\/ul>\n\n<p>Usted no puede, excepto con nuestro permiso expreso por escrito, distribuir o explotar comercialmente el contenido. Tampoco podr\u00e1 transmitirla ni almacenarla en ning\u00fan otro sitio web u otra forma de sistema de recuperaci\u00f3n electr\u00f3nica.<\/p>\n","protected":false},"excerpt":{"rendered":"<p>T\u00e9rminos y condiciones de uso Si contin\u00faa navegando y utilizando [&hellip;]<\/p>\n","protected":false},"author":3,"featured_media":0,"parent":0,"menu_order":99,"comment_status":"closed","ping_status":"closed","template":"","meta":{"_acf_changed":false,"footnotes":""},"class_list":["post-3783","page","type-page","status-publish","hentry"],"acf":[],"yoast_head":"<!-- This site is optimized with the Yoast SEO plugin v27.4 - https:\/\/yoast.com\/product\/yoast-seo-wordpress\/ -->\n<title>T\u00e9rminos de uso - Aunt Martha&#039;s<\/title>\n<meta name=\"robots\" content=\"index, follow, max-snippet:-1, max-image-preview:large, max-video-preview:-1\" \/>\n<link rel=\"canonical\" href=\"https:\/\/www.auntmarthas.org\/es\/condiciones-de-uso\/\" \/>\n<meta property=\"og:locale\" content=\"es_ES\" \/>\n<meta property=\"og:type\" content=\"article\" \/>\n<meta property=\"og:title\" content=\"T\u00e9rminos de uso - Aunt Martha&#039;s\" \/>\n<meta property=\"og:description\" content=\"T\u00e9rminos y condiciones de uso Si contin\u00faa navegando y utilizando [&hellip;]\" \/>\n<meta property=\"og:url\" content=\"https:\/\/www.auntmarthas.org\/es\/condiciones-de-uso\/\" \/>\n<meta property=\"og:site_name\" content=\"Aunt Martha&#039;s\" \/>\n<meta property=\"article:publisher\" content=\"https:\/\/www.facebook.com\/AuntMarthas\" \/>\n<meta property=\"article:modified_time\" content=\"2023-01-17T21:47:01+00:00\" \/>\n<meta property=\"og:image\" content=\"https:\/\/auntmarthasstg.wpengine.com\/wp-content\/uploads\/2022\/08\/Terms-and-Conditions-Banner-Landscape-1024x512.png\" \/>\n<meta name=\"twitter:card\" content=\"summary_large_image\" \/>\n<meta name=\"twitter:site\" content=\"@AuntMarthas\" \/>\n<meta name=\"twitter:label1\" content=\"Tiempo de lectura\" \/>\n\t<meta name=\"twitter:data1\" content=\"3 minutos\" \/>\n<script type=\"application\/ld+json\" class=\"yoast-schema-graph\">{\"@context\":\"https:\\\/\\\/schema.org\",\"@graph\":[{\"@type\":\"WebPage\",\"@id\":\"https:\\\/\\\/www.auntmarthas.org\\\/es\\\/condiciones-de-uso\\\/\",\"url\":\"https:\\\/\\\/www.auntmarthas.org\\\/es\\\/condiciones-de-uso\\\/\",\"name\":\"T\u00e9rminos de uso - Aunt Martha&#039;s\",\"isPartOf\":{\"@id\":\"https:\\\/\\\/www.auntmarthas.org\\\/es\\\/#website\"},\"primaryImageOfPage\":{\"@id\":\"https:\\\/\\\/www.auntmarthas.org\\\/es\\\/condiciones-de-uso\\\/#primaryimage\"},\"image\":{\"@id\":\"https:\\\/\\\/www.auntmarthas.org\\\/es\\\/condiciones-de-uso\\\/#primaryimage\"},\"thumbnailUrl\":\"https:\\\/\\\/auntmarthasstg.wpengine.com\\\/wp-content\\\/uploads\\\/2022\\\/08\\\/Terms-and-Conditions-Banner-Landscape-1024x512.png\",\"datePublished\":\"2022-08-30T14:49:03+00:00\",\"dateModified\":\"2023-01-17T21:47:01+00:00\",\"breadcrumb\":{\"@id\":\"https:\\\/\\\/www.auntmarthas.org\\\/es\\\/condiciones-de-uso\\\/#breadcrumb\"},\"inLanguage\":\"es\",\"potentialAction\":[{\"@type\":\"ReadAction\",\"target\":[\"https:\\\/\\\/www.auntmarthas.org\\\/es\\\/condiciones-de-uso\\\/\"]}]},{\"@type\":\"ImageObject\",\"inLanguage\":\"es\",\"@id\":\"https:\\\/\\\/www.auntmarthas.org\\\/es\\\/condiciones-de-uso\\\/#primaryimage\",\"url\":\"https:\\\/\\\/auntmarthasstg.wpengine.com\\\/wp-content\\\/uploads\\\/2022\\\/08\\\/Terms-and-Conditions-Banner-Landscape-1024x512.png\",\"contentUrl\":\"https:\\\/\\\/auntmarthasstg.wpengine.com\\\/wp-content\\\/uploads\\\/2022\\\/08\\\/Terms-and-Conditions-Banner-Landscape-1024x512.png\"},{\"@type\":\"BreadcrumbList\",\"@id\":\"https:\\\/\\\/www.auntmarthas.org\\\/es\\\/condiciones-de-uso\\\/#breadcrumb\",\"itemListElement\":[{\"@type\":\"ListItem\",\"position\":1,\"name\":\"Home\",\"item\":\"https:\\\/\\\/www.auntmarthas.org\\\/es\\\/\"},{\"@type\":\"ListItem\",\"position\":2,\"name\":\"T\u00e9rminos de uso\"}]},{\"@type\":\"WebSite\",\"@id\":\"https:\\\/\\\/www.auntmarthas.org\\\/es\\\/#website\",\"url\":\"https:\\\/\\\/www.auntmarthas.org\\\/es\\\/\",\"name\":\"Aunt Martha's\",\"description\":\"Health &amp; Wellness\",\"publisher\":{\"@id\":\"https:\\\/\\\/www.auntmarthas.org\\\/es\\\/#organization\"},\"potentialAction\":[{\"@type\":\"SearchAction\",\"target\":{\"@type\":\"EntryPoint\",\"urlTemplate\":\"https:\\\/\\\/www.auntmarthas.org\\\/es\\\/?s={search_term_string}\"},\"query-input\":{\"@type\":\"PropertyValueSpecification\",\"valueRequired\":true,\"valueName\":\"search_term_string\"}}],\"inLanguage\":\"es\"},{\"@type\":\"Organization\",\"@id\":\"https:\\\/\\\/www.auntmarthas.org\\\/es\\\/#organization\",\"name\":\"Aunt Martha's Health & Wellness\",\"alternateName\":\"Aunt Martha's\",\"url\":\"https:\\\/\\\/www.auntmarthas.org\\\/es\\\/\",\"logo\":{\"@type\":\"ImageObject\",\"inLanguage\":\"es\",\"@id\":\"https:\\\/\\\/www.auntmarthas.org\\\/es\\\/#\\\/schema\\\/logo\\\/image\\\/\",\"url\":\"https:\\\/\\\/www.auntmarthas.org\\\/wp-content\\\/uploads\\\/2022\\\/06\\\/AM_LOGO_RGB-v2.svg\",\"contentUrl\":\"https:\\\/\\\/www.auntmarthas.org\\\/wp-content\\\/uploads\\\/2022\\\/06\\\/AM_LOGO_RGB-v2.svg\",\"width\":1920,\"height\":675,\"caption\":\"Aunt Martha's Health & Wellness\"},\"image\":{\"@id\":\"https:\\\/\\\/www.auntmarthas.org\\\/es\\\/#\\\/schema\\\/logo\\\/image\\\/\"},\"sameAs\":[\"https:\\\/\\\/www.facebook.com\\\/AuntMarthas\",\"https:\\\/\\\/x.com\\\/AuntMarthas\",\"https:\\\/\\\/www.youtube.com\\\/@auntmarthas\"]}]}<\/script>\n<!-- \/ Yoast SEO plugin. -->","yoast_head_json":{"title":"T\u00e9rminos de uso - Aunt Martha&#039;s","robots":{"index":"index","follow":"follow","max-snippet":"max-snippet:-1","max-image-preview":"max-image-preview:large","max-video-preview":"max-video-preview:-1"},"canonical":"https:\/\/www.auntmarthas.org\/es\/condiciones-de-uso\/","og_locale":"es_ES","og_type":"article","og_title":"T\u00e9rminos de uso - Aunt Martha&#039;s","og_description":"T\u00e9rminos y condiciones de uso Si contin\u00faa navegando y utilizando [&hellip;]","og_url":"https:\/\/www.auntmarthas.org\/es\/condiciones-de-uso\/","og_site_name":"Aunt Martha&#039;s","article_publisher":"https:\/\/www.facebook.com\/AuntMarthas","article_modified_time":"2023-01-17T21:47:01+00:00","og_image":[{"url":"https:\/\/auntmarthasstg.wpengine.com\/wp-content\/uploads\/2022\/08\/Terms-and-Conditions-Banner-Landscape-1024x512.png","type":"","width":"","height":""}],"twitter_card":"summary_large_image","twitter_site":"@AuntMarthas","twitter_misc":{"Tiempo de lectura":"3 minutos"},"schema":{"@context":"https:\/\/schema.org","@graph":[{"@type":"WebPage","@id":"https:\/\/www.auntmarthas.org\/es\/condiciones-de-uso\/","url":"https:\/\/www.auntmarthas.org\/es\/condiciones-de-uso\/","name":"T\u00e9rminos de uso - Aunt Martha&#039;s","isPartOf":{"@id":"https:\/\/www.auntmarthas.org\/es\/#website"},"primaryImageOfPage":{"@id":"https:\/\/www.auntmarthas.org\/es\/condiciones-de-uso\/#primaryimage"},"image":{"@id":"https:\/\/www.auntmarthas.org\/es\/condiciones-de-uso\/#primaryimage"},"thumbnailUrl":"https:\/\/auntmarthasstg.wpengine.com\/wp-content\/uploads\/2022\/08\/Terms-and-Conditions-Banner-Landscape-1024x512.png","datePublished":"2022-08-30T14:49:03+00:00","dateModified":"2023-01-17T21:47:01+00:00","breadcrumb":{"@id":"https:\/\/www.auntmarthas.org\/es\/condiciones-de-uso\/#breadcrumb"},"inLanguage":"es","potentialAction":[{"@type":"ReadAction","target":["https:\/\/www.auntmarthas.org\/es\/condiciones-de-uso\/"]}]},{"@type":"ImageObject","inLanguage":"es","@id":"https:\/\/www.auntmarthas.org\/es\/condiciones-de-uso\/#primaryimage","url":"https:\/\/auntmarthasstg.wpengine.com\/wp-content\/uploads\/2022\/08\/Terms-and-Conditions-Banner-Landscape-1024x512.png","contentUrl":"https:\/\/auntmarthasstg.wpengine.com\/wp-content\/uploads\/2022\/08\/Terms-and-Conditions-Banner-Landscape-1024x512.png"},{"@type":"BreadcrumbList","@id":"https:\/\/www.auntmarthas.org\/es\/condiciones-de-uso\/#breadcrumb","itemListElement":[{"@type":"ListItem","position":1,"name":"Home","item":"https:\/\/www.auntmarthas.org\/es\/"},{"@type":"ListItem","position":2,"name":"T\u00e9rminos de uso"}]},{"@type":"WebSite","@id":"https:\/\/www.auntmarthas.org\/es\/#website","url":"https:\/\/www.auntmarthas.org\/es\/","name":"Aunt Martha's","description":"Health &amp; Wellness","publisher":{"@id":"https:\/\/www.auntmarthas.org\/es\/#organization"},"potentialAction":[{"@type":"SearchAction","target":{"@type":"EntryPoint","urlTemplate":"https:\/\/www.auntmarthas.org\/es\/?s={search_term_string}"},"query-input":{"@type":"PropertyValueSpecification","valueRequired":true,"valueName":"search_term_string"}}],"inLanguage":"es"},{"@type":"Organization","@id":"https:\/\/www.auntmarthas.org\/es\/#organization","name":"Aunt Martha's Health & Wellness","alternateName":"Aunt Martha's","url":"https:\/\/www.auntmarthas.org\/es\/","logo":{"@type":"ImageObject","inLanguage":"es","@id":"https:\/\/www.auntmarthas.org\/es\/#\/schema\/logo\/image\/","url":"https:\/\/www.auntmarthas.org\/wp-content\/uploads\/2022\/06\/AM_LOGO_RGB-v2.svg","contentUrl":"https:\/\/www.auntmarthas.org\/wp-content\/uploads\/2022\/06\/AM_LOGO_RGB-v2.svg","width":1920,"height":675,"caption":"Aunt Martha's Health & Wellness"},"image":{"@id":"https:\/\/www.auntmarthas.org\/es\/#\/schema\/logo\/image\/"},"sameAs":["https:\/\/www.facebook.com\/AuntMarthas","https:\/\/x.com\/AuntMarthas","https:\/\/www.youtube.com\/@auntmarthas"]}]}},"_links":{"self":[{"href":"https:\/\/www.auntmarthas.org\/es\/wp-json\/wp\/v2\/pages\/3783","targetHints":{"allow":["GET"]}}],"collection":[{"href":"https:\/\/www.auntmarthas.org\/es\/wp-json\/wp\/v2\/pages"}],"about":[{"href":"https:\/\/www.auntmarthas.org\/es\/wp-json\/wp\/v2\/types\/page"}],"author":[{"embeddable":true,"href":"https:\/\/www.auntmarthas.org\/es\/wp-json\/wp\/v2\/users\/3"}],"replies":[{"embeddable":true,"href":"https:\/\/www.auntmarthas.org\/es\/wp-json\/wp\/v2\/comments?post=3783"}],"version-history":[{"count":0,"href":"https:\/\/www.auntmarthas.org\/es\/wp-json\/wp\/v2\/pages\/3783\/revisions"}],"wp:attachment":[{"href":"https:\/\/www.auntmarthas.org\/es\/wp-json\/wp\/v2\/media?parent=3783"}],"curies":[{"name":"wp","href":"https:\/\/api.w.org\/{rel}","templated":true}]}}