{"id":3776,"date":"2022-09-29T15:11:00","date_gmt":"2022-09-29T15:11:00","guid":{"rendered":"https:\/\/www.auntmarthas.org\/sanidad\/atencion-odontologica\/"},"modified":"2023-05-11T14:20:14","modified_gmt":"2023-05-11T20:20:14","slug":"atencion-odontologica","status":"publish","type":"page","link":"https:\/\/www.auntmarthas.org\/es\/cuidado-de-la-salud\/atencion-odontologica\/","title":{"rendered":"Atenci\u00f3n dental"},"content":{"rendered":"\n<div style=\"height:25px\" aria-hidden=\"true\" class=\"wp-block-spacer\"><\/div>\n\n<div class=\"wp-block-group callout-banner-block is-style-default has-light-blue-background-color has-background is-layout-flow wp-block-group-is-layout-flow\">\n<p class=\"eyebrow\">Atenci\u00f3n dental en Aunt Martha&#8217;s<\/p>\n\n\n\n<h2 class=\"wp-block-heading\">Haz de Aunt Martha&#8217;s tu casa m\u00e9dica <em>y<\/em> tu casa dental<\/h2>\n\n\n\n<p>Los servicios de atenci\u00f3n dental s\u00f3lo est\u00e1n disponibles de forma limitada en este momento. Y s\u00f3lo si somos su proveedor de atenci\u00f3n primaria, o su hogar m\u00e9dico.<\/p>\n\n\n\n<p>Si Aunt Martha&#8217;s es su <strong>hogar m\u00e9dico de atenci\u00f3n primaria,<\/strong> estamos programando visitas dentales en nuestras cl\u00ednicas de <strong>Carpentersville<\/strong> y <strong>Chicago Heights.<\/strong><\/p>\n\n\n\n<div style=\"height:15px\" aria-hidden=\"true\" class=\"wp-block-spacer\"><\/div>\n\n\n\n<div class=\"wp-block-buttons is-layout-flex wp-block-buttons-is-layout-flex\">\n<div class=\"wp-block-button\"><a class=\"wp-block-button__link\" href=\"https:\/\/www.auntmarthas.org\/es\/cuidado-de-la-salud\/nuevos-pacientes\/\">Primera vez en Aunt Martha&#8217;s<\/a><\/div>\n\n\n\n<div class=\"wp-block-button\"><a class=\"wp-block-button__link\" href=\"https:\/\/www.auntmarthas.org\/healthcare\/health-insurance\/\">Consultar Seguros y sus Beneficios<\/a><\/div>\n<\/div>\n<\/div>\n\n<p class=\"is-style-eyebrow\">El cuidado dental diario comienza en casa<\/p>\n\n<div style=\"height:10px\" aria-hidden=\"true\" class=\"wp-block-spacer\"><\/div>\n\n<h2 class=\"wp-block-heading\">Pasos sencillos para una sonrisa m\u00e1s brillante y un cuerpo m\u00e1s sano<\/h2>\n\n<div class=\"wp-block-columns three-column-icons-text is-layout-flex wp-container-core-columns-is-layout-9d6595d7 wp-block-columns-is-layout-flex\">\n<div class=\"wp-block-column is-layout-flow wp-block-column-is-layout-flow\">\n<figure class=\"wp-block-image aligncenter size-large\"><img loading=\"lazy\" decoding=\"async\" width=\"250\" height=\"250\" src=\"https:\/\/aunt-marthas.ddev.site\/content\/uploads\/2022\/07\/chair-icon.png\" alt=\"Dibujo de l&#xED;nea azul oscuro de una silla m&#xE9;dica con equipo de examen \" class=\"wp-image-265\" srcset=\"https:\/\/www.auntmarthas.org\/wp-content\/uploads\/2022\/07\/chair-icon.png 250w, https:\/\/www.auntmarthas.org\/wp-content\/uploads\/2022\/07\/chair-icon-150x150.png 150w\" sizes=\"auto, (max-width: 250px) 100vw, 250px\" \/><\/figure>\n\n\n\n<h4 class=\"has-text-align-center wp-block-heading\">Visite regularmente a su dentista<\/h4>\n\n\n\n<p class=\"has-text-align-center\">Incluso si est\u00e1 sano\/a, mantenga las limpiezas regulares con su dentista.<\/p>\n<\/div>\n\n\n\n<div class=\"wp-block-column is-layout-flow wp-block-column-is-layout-flow\">\n<figure class=\"wp-block-image aligncenter size-large\"><img loading=\"lazy\" decoding=\"async\" width=\"250\" height=\"250\" src=\"https:\/\/aunt-marthas.ddev.site\/content\/uploads\/2022\/07\/toothpaste-icon.png\" alt=\"Dibujo lineal azul oscuro de un tubo de pasta de dientes y un cepillo de dientes\" class=\"wp-image-266\" srcset=\"https:\/\/www.auntmarthas.org\/wp-content\/uploads\/2022\/07\/toothpaste-icon.png 250w, https:\/\/www.auntmarthas.org\/wp-content\/uploads\/2022\/07\/toothpaste-icon-150x150.png 150w\" sizes=\"auto, (max-width: 250px) 100vw, 250px\" \/><\/figure>\n\n\n\n<h4 class=\"has-text-align-center wp-block-heading\">Cepillarse, usar el hilo dental, enjuagarse<\/h4>\n\n\n\n<p class=\"has-text-align-center\">Cep\u00edllate y usa el hilo dental todos los d\u00edas. Una buena rutina es clave para una boca sana. <\/p>\n<\/div>\n\n\n\n<div class=\"wp-block-column is-layout-flow wp-block-column-is-layout-flow\">\n<figure class=\"wp-block-image aligncenter size-large\"><img loading=\"lazy\" decoding=\"async\" width=\"250\" height=\"250\" src=\"https:\/\/aunt-marthas.ddev.site\/content\/uploads\/2022\/07\/yoga-icon.png\" alt=\"Dibujo lineal azul oscuro de una persona haciendo yoga en una estera o tapete\" class=\"wp-image-267\" srcset=\"https:\/\/www.auntmarthas.org\/wp-content\/uploads\/2022\/07\/yoga-icon.png 250w, https:\/\/www.auntmarthas.org\/wp-content\/uploads\/2022\/07\/yoga-icon-150x150.png 150w\" sizes=\"auto, (max-width: 250px) 100vw, 250px\" \/><\/figure>\n\n\n\n<h4 class=\"has-text-align-center wp-block-heading\">Reduce el estr\u00e9s<\/h4>\n\n\n\n<p class=\"has-text-align-center\">Lo creas o no, los niveles de estr\u00e9s pueden influir en los problemas de salud bucal.<\/p>\n<\/div>\n<\/div>\n\n<figure class=\"wp-block-image size-large is-style-full-width\"><img loading=\"lazy\" decoding=\"async\" width=\"1024\" height=\"576\" src=\"https:\/\/www.auntmarthas.org\/wp-content\/uploads\/2022\/09\/Featured-Image_Dental-Care_16x9-1024x576.png\" alt=\"La atenci&#xF3;n dental en Aunt Martha's est&#xE1; disponible para todos nuestros pacientes de atenci&#xF3;n m&#xE9;dica primaria\" class=\"wp-image-2570\" srcset=\"https:\/\/www.auntmarthas.org\/wp-content\/uploads\/2022\/09\/Featured-Image_Dental-Care_16x9-1024x576.png 1024w, https:\/\/www.auntmarthas.org\/wp-content\/uploads\/2022\/09\/Featured-Image_Dental-Care_16x9-300x169.png 300w, https:\/\/www.auntmarthas.org\/wp-content\/uploads\/2022\/09\/Featured-Image_Dental-Care_16x9-768x432.png 768w, https:\/\/www.auntmarthas.org\/wp-content\/uploads\/2022\/09\/Featured-Image_Dental-Care_16x9-1536x864.png 1536w, https:\/\/www.auntmarthas.org\/wp-content\/uploads\/2022\/09\/Featured-Image_Dental-Care_16x9.png 1600w\" sizes=\"auto, (max-width: 1024px) 100vw, 1024px\" \/><\/figure>\n\n<div class=\"wp-block-group callout-banner-block is-style-default has-light-blue-background-color has-background is-layout-flow wp-block-group-is-layout-flow\">\n<p class=\"is-style-eyebrow\">Puede facilitar lel manejo de los problemas dentales antes de que se conviertan en un problema de salud mayor para su hijo\/a.<\/p>\n\n\n\n<div style=\"height:20px\" aria-hidden=\"true\" class=\"wp-block-spacer\"><\/div>\n\n\n\n<h2 class=\"wp-block-heading\">Los ni\u00f1os\/as de 5 a 17 a\u00f1os pierden casi 2 millones de d\u00edas de clase al a\u00f1o por problemas de salud dental<\/h2>\n\n\n\n<div style=\"height:15px\" aria-hidden=\"true\" class=\"wp-block-spacer\"><\/div>\n\n\n\n<p>La salud bucal de tu hijo\/a puede tener un gran impacto en su rendimiento escolar. Los ni\u00f1os\/as con problemas dentales tienen cuatro veces m\u00e1s probabilidades de tener un promedio de calificaciones m\u00e1s bajo. Y sus padres pierden en promedio de 2.5 d\u00edas de trabajo al a\u00f1o para atender a su hijo\/a con problemas dentales.<\/p>\n\n\n\n<div style=\"height:10px\" aria-hidden=\"true\" class=\"wp-block-spacer\"><\/div>\n\n\n\n<h4 class=\"wp-block-heading\">Si Aunt Martha&#8217;s es su hogar m\u00e9dico, \u00a1esperamos que tambi\u00e9n nos haga su hogar dental!<\/h4>\n\n\n\n<div class=\"wp-block-buttons is-layout-flex wp-block-buttons-is-layout-flex\">\n<div class=\"wp-block-button\"><a class=\"wp-block-button__link\" href=\"https:\/\/www.auntmarthas.org\/es\/cuidado-de-la-salud\/nuevos-pacientes\/\">Pacientes Nuevos<\/a><\/div>\n\n\n\n<div class=\"wp-block-button\"><a class=\"wp-block-button__link\" href=\"https:\/\/www.auntmarthas.org\/healthcare\/health-insurance\/\">Consultar Seguros y sus Beneficios<\/a><\/div>\n<\/div>\n<\/div>\n\n<div style=\"height:10px\" aria-hidden=\"true\" class=\"wp-block-spacer\"><\/div>\n\n<div style=\"height:10px\" aria-hidden=\"true\" class=\"wp-block-spacer\"><\/div>\n\n<h2 class=\"wp-block-heading\">Citas c\u00f3modas, tarifas variables y opciones de pago<\/h2>\n\n<div class=\"wp-block-columns three-column-icons-text is-layout-flex wp-container-core-columns-is-layout-9d6595d7 wp-block-columns-is-layout-flex\">\n<div class=\"wp-block-column is-layout-flow wp-block-column-is-layout-flow\">\n<figure class=\"wp-block-image aligncenter size-full is-resized\"><img loading=\"lazy\" decoding=\"async\" src=\"https:\/\/www.auntmarthas.org\/wp-content\/uploads\/2022\/09\/Walk-ins-welcome.png\" alt=\"Es posible que las personas que acudan sin cita previa no sean atendidas inmediatamente.\" class=\"wp-image-2528\" width=\"125\" height=\"125\"\/><\/figure>\n\n\n\n<h4 class=\"has-text-align-center wp-block-heading\">Sin cita previa<br\/>bienvenido<\/h4>\n<\/div>\n\n\n\n<div class=\"wp-block-column is-layout-flow wp-block-column-is-layout-flow\">\n<figure class=\"wp-block-image aligncenter size-full is-resized\"><img loading=\"lazy\" decoding=\"async\" src=\"https:\/\/www.auntmarthas.org\/wp-content\/uploads\/2022\/09\/Icon_Appointments-Preferred.png\" alt=\"\" class=\"wp-image-2288\" width=\"125\" height=\"124\"\/><\/figure>\n\n\n\n<h4 class=\"has-text-align-center wp-block-heading\">Nombramientos<br\/>preferido<\/h4>\n<\/div>\n\n\n\n<div class=\"wp-block-column is-layout-flow wp-block-column-is-layout-flow\">\n<figure class=\"wp-block-image aligncenter size-full is-resized\"><img loading=\"lazy\" decoding=\"async\" src=\"https:\/\/www.auntmarthas.org\/wp-content\/uploads\/2022\/09\/Icon_Sliding-Fee.png\" alt=\"\" class=\"wp-image-2290\" width=\"125\" height=\"125\"\/><\/figure>\n\n\n\n<h4 class=\"has-text-align-center wp-block-heading\">Tasas de deslizamiento y<br\/>pago en l\u00ednea disponible<\/h4>\n<\/div>\n<\/div>\n\n<h2 class=\"wp-block-heading\">Escuche a uno de los pacientes dentales sonrientes de Aunt Martha&#8217;s<\/h2>\n\n<div class=\"wp-block-media-text alignwide has-media-on-the-right is-stacked-on-mobile is-image-fill testimonial-block has-yellow-background-color has-background\"><figure class=\"wp-block-media-text__media\" style=\"background-image:url(https:\/\/www.auntmarthas.org\/wp-content\/uploads\/2022\/08\/dental-care-1-1-1024x538.jpg);background-position:50% 50%\"><img loading=\"lazy\" decoding=\"async\" width=\"1024\" height=\"538\" src=\"https:\/\/www.auntmarthas.org\/wp-content\/uploads\/2022\/08\/dental-care-1-1-1024x538.jpg\" alt=\"\" class=\"wp-image-874 size-full\" srcset=\"https:\/\/www.auntmarthas.org\/wp-content\/uploads\/2022\/08\/dental-care-1-1-1024x538.jpg 1024w, https:\/\/www.auntmarthas.org\/wp-content\/uploads\/2022\/08\/dental-care-1-1-300x158.jpg 300w, https:\/\/www.auntmarthas.org\/wp-content\/uploads\/2022\/08\/dental-care-1-1-768x403.jpg 768w, https:\/\/www.auntmarthas.org\/wp-content\/uploads\/2022\/08\/dental-care-1-1.jpg 1200w\" sizes=\"auto, (max-width: 1024px) 100vw, 1024px\" \/><\/figure><div class=\"wp-block-media-text__content\">\n<p class=\"h3\"><em>\u00abSiempre recibo la mejor atenci\u00f3n y servicios en Aunt Martha&#8217;s, gracias al personal del area de recepci\u00f3n\u00bb.<\/em><\/p>\n\n\n\n<p class=\"author\">&#8211; Paciente de atenci\u00f3n dental de Aunt Martha&#8217;s.<\/p>\n<\/div><\/div>\n","protected":false},"excerpt":{"rendered":"<p>Atenci\u00f3n dental en Aunt Martha&#8217;s Haz de Aunt Martha&#8217;s tu [&hellip;]<\/p>\n","protected":false},"author":1,"featured_media":3477,"parent":3846,"menu_order":6,"comment_status":"closed","ping_status":"closed","template":"","meta":{"_acf_changed":false,"footnotes":""},"class_list":["post-3776","page","type-page","status-publish","has-post-thumbnail","hentry"],"acf":[],"yoast_head":"<!-- This site is optimized with the Yoast SEO plugin v27.5 - https:\/\/yoast.com\/product\/yoast-seo-wordpress\/ -->\n<title>Atenci\u00f3n dental - Aunt Martha&#039;s<\/title>\n<meta name=\"description\" content=\"Cuando usted recibe un cuidado dental regular, mantiene su cepillado y el uso de hilo dental todos los d\u00edas, hace que todo su cuerpo sea m\u00e1s saludable.\" \/>\n<meta name=\"robots\" content=\"index, follow, max-snippet:-1, max-image-preview:large, max-video-preview:-1\" \/>\n<link rel=\"canonical\" href=\"https:\/\/www.auntmarthas.org\/es\/cuidado-de-la-salud\/atencion-odontologica\/\" \/>\n<meta property=\"og:locale\" content=\"es_ES\" \/>\n<meta property=\"og:type\" content=\"article\" \/>\n<meta property=\"og:title\" content=\"Atenci\u00f3n dental - Aunt Martha&#039;s\" \/>\n<meta property=\"og:description\" content=\"Cuando usted recibe un cuidado dental regular, mantiene su cepillado y el uso de hilo dental todos los d\u00edas, hace que todo su cuerpo sea m\u00e1s saludable.\" \/>\n<meta property=\"og:url\" content=\"https:\/\/www.auntmarthas.org\/es\/cuidado-de-la-salud\/atencion-odontologica\/\" \/>\n<meta property=\"og:site_name\" content=\"Aunt Martha&#039;s\" \/>\n<meta property=\"article:publisher\" content=\"https:\/\/www.facebook.com\/AuntMarthas\" \/>\n<meta property=\"article:modified_time\" content=\"2023-05-11T20:20:14+00:00\" \/>\n<meta property=\"og:image\" content=\"https:\/\/www.auntmarthas.org\/wp-content\/uploads\/2022\/09\/Featured-Image_Dental-Care_16x9-1024x576.png\" \/>\n\t<meta property=\"og:image:width\" content=\"1024\" \/>\n\t<meta property=\"og:image:height\" content=\"576\" \/>\n\t<meta property=\"og:image:type\" content=\"image\/png\" \/>\n<meta name=\"twitter:card\" content=\"summary_large_image\" \/>\n<meta name=\"twitter:site\" content=\"@AuntMarthas\" \/>\n<meta name=\"twitter:label1\" content=\"Tiempo de lectura\" \/>\n\t<meta name=\"twitter:data1\" content=\"2 minutos\" \/>\n<script type=\"application\/ld+json\" class=\"yoast-schema-graph\">{\"@context\":\"https:\\\/\\\/schema.org\",\"@graph\":[{\"@type\":\"WebPage\",\"@id\":\"https:\\\/\\\/www.auntmarthas.org\\\/es\\\/cuidado-de-la-salud\\\/atencion-odontologica\\\/\",\"url\":\"https:\\\/\\\/www.auntmarthas.org\\\/es\\\/cuidado-de-la-salud\\\/atencion-odontologica\\\/\",\"name\":\"Atenci\u00f3n dental - Aunt Martha&#039;s\",\"isPartOf\":{\"@id\":\"https:\\\/\\\/www.auntmarthas.org\\\/es\\\/#website\"},\"primaryImageOfPage\":{\"@id\":\"https:\\\/\\\/www.auntmarthas.org\\\/es\\\/cuidado-de-la-salud\\\/atencion-odontologica\\\/#primaryimage\"},\"image\":{\"@id\":\"https:\\\/\\\/www.auntmarthas.org\\\/es\\\/cuidado-de-la-salud\\\/atencion-odontologica\\\/#primaryimage\"},\"thumbnailUrl\":\"https:\\\/\\\/www.auntmarthas.org\\\/wp-content\\\/uploads\\\/2022\\\/09\\\/Featured-Image_Dental-Care_16x9.png\",\"datePublished\":\"2022-09-29T15:11:00+00:00\",\"dateModified\":\"2023-05-11T20:20:14+00:00\",\"description\":\"Cuando usted recibe un cuidado dental regular, mantiene su cepillado y el uso de hilo dental todos los d\u00edas, hace que todo su cuerpo sea m\u00e1s saludable.\",\"breadcrumb\":{\"@id\":\"https:\\\/\\\/www.auntmarthas.org\\\/es\\\/cuidado-de-la-salud\\\/atencion-odontologica\\\/#breadcrumb\"},\"inLanguage\":\"es\",\"potentialAction\":[{\"@type\":\"ReadAction\",\"target\":[\"https:\\\/\\\/www.auntmarthas.org\\\/es\\\/cuidado-de-la-salud\\\/atencion-odontologica\\\/\"]}]},{\"@type\":\"ImageObject\",\"inLanguage\":\"es\",\"@id\":\"https:\\\/\\\/www.auntmarthas.org\\\/es\\\/cuidado-de-la-salud\\\/atencion-odontologica\\\/#primaryimage\",\"url\":\"https:\\\/\\\/www.auntmarthas.org\\\/wp-content\\\/uploads\\\/2022\\\/09\\\/Featured-Image_Dental-Care_16x9.png\",\"contentUrl\":\"https:\\\/\\\/www.auntmarthas.org\\\/wp-content\\\/uploads\\\/2022\\\/09\\\/Featured-Image_Dental-Care_16x9.png\",\"width\":1600,\"height\":900},{\"@type\":\"BreadcrumbList\",\"@id\":\"https:\\\/\\\/www.auntmarthas.org\\\/es\\\/cuidado-de-la-salud\\\/atencion-odontologica\\\/#breadcrumb\",\"itemListElement\":[{\"@type\":\"ListItem\",\"position\":1,\"name\":\"Home\",\"item\":\"https:\\\/\\\/www.auntmarthas.org\\\/es\\\/\"},{\"@type\":\"ListItem\",\"position\":2,\"name\":\"Cuidado de la salud\",\"item\":\"https:\\\/\\\/www.auntmarthas.org\\\/es\\\/cuidado-de-la-salud\\\/\"},{\"@type\":\"ListItem\",\"position\":3,\"name\":\"Atenci\u00f3n dental\"}]},{\"@type\":\"WebSite\",\"@id\":\"https:\\\/\\\/www.auntmarthas.org\\\/es\\\/#website\",\"url\":\"https:\\\/\\\/www.auntmarthas.org\\\/es\\\/\",\"name\":\"Aunt Martha's\",\"description\":\"Health &amp; Wellness\",\"publisher\":{\"@id\":\"https:\\\/\\\/www.auntmarthas.org\\\/es\\\/#organization\"},\"potentialAction\":[{\"@type\":\"SearchAction\",\"target\":{\"@type\":\"EntryPoint\",\"urlTemplate\":\"https:\\\/\\\/www.auntmarthas.org\\\/es\\\/?s={search_term_string}\"},\"query-input\":{\"@type\":\"PropertyValueSpecification\",\"valueRequired\":true,\"valueName\":\"search_term_string\"}}],\"inLanguage\":\"es\"},{\"@type\":\"Organization\",\"@id\":\"https:\\\/\\\/www.auntmarthas.org\\\/es\\\/#organization\",\"name\":\"Aunt Martha's Health & Wellness\",\"alternateName\":\"Aunt Martha's\",\"url\":\"https:\\\/\\\/www.auntmarthas.org\\\/es\\\/\",\"logo\":{\"@type\":\"ImageObject\",\"inLanguage\":\"es\",\"@id\":\"https:\\\/\\\/www.auntmarthas.org\\\/es\\\/#\\\/schema\\\/logo\\\/image\\\/\",\"url\":\"https:\\\/\\\/www.auntmarthas.org\\\/wp-content\\\/uploads\\\/2022\\\/06\\\/AM_LOGO_RGB-v2.svg\",\"contentUrl\":\"https:\\\/\\\/www.auntmarthas.org\\\/wp-content\\\/uploads\\\/2022\\\/06\\\/AM_LOGO_RGB-v2.svg\",\"width\":1920,\"height\":675,\"caption\":\"Aunt Martha's Health & Wellness\"},\"image\":{\"@id\":\"https:\\\/\\\/www.auntmarthas.org\\\/es\\\/#\\\/schema\\\/logo\\\/image\\\/\"},\"sameAs\":[\"https:\\\/\\\/www.facebook.com\\\/AuntMarthas\",\"https:\\\/\\\/x.com\\\/AuntMarthas\",\"https:\\\/\\\/www.youtube.com\\\/@auntmarthas\"]}]}<\/script>\n<!-- \/ Yoast SEO plugin. -->","yoast_head_json":{"title":"Atenci\u00f3n dental - Aunt Martha&#039;s","description":"Cuando usted recibe un cuidado dental regular, mantiene su cepillado y el uso de hilo dental todos los d\u00edas, hace que todo su cuerpo sea m\u00e1s saludable.","robots":{"index":"index","follow":"follow","max-snippet":"max-snippet:-1","max-image-preview":"max-image-preview:large","max-video-preview":"max-video-preview:-1"},"canonical":"https:\/\/www.auntmarthas.org\/es\/cuidado-de-la-salud\/atencion-odontologica\/","og_locale":"es_ES","og_type":"article","og_title":"Atenci\u00f3n dental - Aunt Martha&#039;s","og_description":"Cuando usted recibe un cuidado dental regular, mantiene su cepillado y el uso de hilo dental todos los d\u00edas, hace que todo su cuerpo sea m\u00e1s saludable.","og_url":"https:\/\/www.auntmarthas.org\/es\/cuidado-de-la-salud\/atencion-odontologica\/","og_site_name":"Aunt Martha&#039;s","article_publisher":"https:\/\/www.facebook.com\/AuntMarthas","article_modified_time":"2023-05-11T20:20:14+00:00","og_image":[{"width":1024,"height":576,"url":"https:\/\/www.auntmarthas.org\/wp-content\/uploads\/2022\/09\/Featured-Image_Dental-Care_16x9-1024x576.png","type":"image\/png"}],"twitter_card":"summary_large_image","twitter_site":"@AuntMarthas","twitter_misc":{"Tiempo de lectura":"2 minutos"},"schema":{"@context":"https:\/\/schema.org","@graph":[{"@type":"WebPage","@id":"https:\/\/www.auntmarthas.org\/es\/cuidado-de-la-salud\/atencion-odontologica\/","url":"https:\/\/www.auntmarthas.org\/es\/cuidado-de-la-salud\/atencion-odontologica\/","name":"Atenci\u00f3n dental - Aunt Martha&#039;s","isPartOf":{"@id":"https:\/\/www.auntmarthas.org\/es\/#website"},"primaryImageOfPage":{"@id":"https:\/\/www.auntmarthas.org\/es\/cuidado-de-la-salud\/atencion-odontologica\/#primaryimage"},"image":{"@id":"https:\/\/www.auntmarthas.org\/es\/cuidado-de-la-salud\/atencion-odontologica\/#primaryimage"},"thumbnailUrl":"https:\/\/www.auntmarthas.org\/wp-content\/uploads\/2022\/09\/Featured-Image_Dental-Care_16x9.png","datePublished":"2022-09-29T15:11:00+00:00","dateModified":"2023-05-11T20:20:14+00:00","description":"Cuando usted recibe un cuidado dental regular, mantiene su cepillado y el uso de hilo dental todos los d\u00edas, hace que todo su cuerpo sea m\u00e1s saludable.","breadcrumb":{"@id":"https:\/\/www.auntmarthas.org\/es\/cuidado-de-la-salud\/atencion-odontologica\/#breadcrumb"},"inLanguage":"es","potentialAction":[{"@type":"ReadAction","target":["https:\/\/www.auntmarthas.org\/es\/cuidado-de-la-salud\/atencion-odontologica\/"]}]},{"@type":"ImageObject","inLanguage":"es","@id":"https:\/\/www.auntmarthas.org\/es\/cuidado-de-la-salud\/atencion-odontologica\/#primaryimage","url":"https:\/\/www.auntmarthas.org\/wp-content\/uploads\/2022\/09\/Featured-Image_Dental-Care_16x9.png","contentUrl":"https:\/\/www.auntmarthas.org\/wp-content\/uploads\/2022\/09\/Featured-Image_Dental-Care_16x9.png","width":1600,"height":900},{"@type":"BreadcrumbList","@id":"https:\/\/www.auntmarthas.org\/es\/cuidado-de-la-salud\/atencion-odontologica\/#breadcrumb","itemListElement":[{"@type":"ListItem","position":1,"name":"Home","item":"https:\/\/www.auntmarthas.org\/es\/"},{"@type":"ListItem","position":2,"name":"Cuidado de la salud","item":"https:\/\/www.auntmarthas.org\/es\/cuidado-de-la-salud\/"},{"@type":"ListItem","position":3,"name":"Atenci\u00f3n dental"}]},{"@type":"WebSite","@id":"https:\/\/www.auntmarthas.org\/es\/#website","url":"https:\/\/www.auntmarthas.org\/es\/","name":"Aunt Martha's","description":"Health &amp; Wellness","publisher":{"@id":"https:\/\/www.auntmarthas.org\/es\/#organization"},"potentialAction":[{"@type":"SearchAction","target":{"@type":"EntryPoint","urlTemplate":"https:\/\/www.auntmarthas.org\/es\/?s={search_term_string}"},"query-input":{"@type":"PropertyValueSpecification","valueRequired":true,"valueName":"search_term_string"}}],"inLanguage":"es"},{"@type":"Organization","@id":"https:\/\/www.auntmarthas.org\/es\/#organization","name":"Aunt Martha's Health & Wellness","alternateName":"Aunt Martha's","url":"https:\/\/www.auntmarthas.org\/es\/","logo":{"@type":"ImageObject","inLanguage":"es","@id":"https:\/\/www.auntmarthas.org\/es\/#\/schema\/logo\/image\/","url":"https:\/\/www.auntmarthas.org\/wp-content\/uploads\/2022\/06\/AM_LOGO_RGB-v2.svg","contentUrl":"https:\/\/www.auntmarthas.org\/wp-content\/uploads\/2022\/06\/AM_LOGO_RGB-v2.svg","width":1920,"height":675,"caption":"Aunt Martha's Health & Wellness"},"image":{"@id":"https:\/\/www.auntmarthas.org\/es\/#\/schema\/logo\/image\/"},"sameAs":["https:\/\/www.facebook.com\/AuntMarthas","https:\/\/x.com\/AuntMarthas","https:\/\/www.youtube.com\/@auntmarthas"]}]}},"_links":{"self":[{"href":"https:\/\/www.auntmarthas.org\/es\/wp-json\/wp\/v2\/pages\/3776","targetHints":{"allow":["GET"]}}],"collection":[{"href":"https:\/\/www.auntmarthas.org\/es\/wp-json\/wp\/v2\/pages"}],"about":[{"href":"https:\/\/www.auntmarthas.org\/es\/wp-json\/wp\/v2\/types\/page"}],"author":[{"embeddable":true,"href":"https:\/\/www.auntmarthas.org\/es\/wp-json\/wp\/v2\/users\/1"}],"replies":[{"embeddable":true,"href":"https:\/\/www.auntmarthas.org\/es\/wp-json\/wp\/v2\/comments?post=3776"}],"version-history":[{"count":0,"href":"https:\/\/www.auntmarthas.org\/es\/wp-json\/wp\/v2\/pages\/3776\/revisions"}],"up":[{"embeddable":true,"href":"https:\/\/www.auntmarthas.org\/es\/wp-json\/wp\/v2\/pages\/3846"}],"wp:featuredmedia":[{"embeddable":true,"href":"https:\/\/www.auntmarthas.org\/es\/wp-json\/wp\/v2\/media\/3477"}],"wp:attachment":[{"href":"https:\/\/www.auntmarthas.org\/es\/wp-json\/wp\/v2\/media?parent=3776"}],"curies":[{"name":"wp","href":"https:\/\/api.w.org\/{rel}","templated":true}]}}