{"id":3770,"date":"2022-10-05T12:05:00","date_gmt":"2022-10-05T12:05:00","guid":{"rendered":"https:\/\/www.auntmarthas.org\/sanidad\/faqs-preguntas-frecuentes\/"},"modified":"2023-01-20T18:41:24","modified_gmt":"2023-01-20T18:41:24","slug":"faqs-preguntas-frecuentes","status":"publish","type":"page","link":"https:\/\/www.auntmarthas.org\/es\/cuidado-de-la-salud\/faqs-preguntas-frecuentes\/","title":{"rendered":"FAQs &#8211; Preguntas frecuentes"},"content":{"rendered":"\n<div class=\"wp-block-columns is-layout-flex wp-container-core-columns-is-layout-9d6595d7 wp-block-columns-is-layout-flex\">\n<div class=\"wp-block-column is-vertically-aligned-center is-layout-flow wp-block-column-is-layout-flow\" style=\"flex-basis:35%\">\n<figure class=\"wp-block-image\"><img loading=\"lazy\" decoding=\"async\" width=\"1024\" height=\"859\" src=\"https:\/\/www.auntmarthas.org\/wp-content\/uploads\/2022\/09\/Asset-1-1024x859.png\" alt=\"FAQs, preguntas frecuentes sobre Aunt Martha's\" class=\"wp-image-2364\"\/><\/figure>\n<\/div>\n\n\n\n<div class=\"wp-block-column is-vertically-aligned-center is-layout-flow wp-block-column-is-layout-flow\" style=\"flex-basis:65%\">\n<h2 class=\"wp-block-heading\">\u00bfTienes preguntas?<\/h2>\n\n\n\n<div style=\"height:15px\" aria-hidden=\"true\" class=\"wp-block-spacer\"><\/div>\n\n\n\n<h2 class=\"wp-block-heading\">Tenemos respuestas.<\/h2>\n<\/div>\n<\/div>\n\n<div style=\"height:25px\" aria-hidden=\"true\" class=\"wp-block-spacer\"><\/div>\n\n<h2 class=\"alignwide wp-block-heading\">Preguntas m\u00e1s frecuentes<\/h2>\n\n<div style=\"height:15px\" aria-hidden=\"true\" class=\"wp-block-spacer\"><\/div>\n\n<p><a href=\"https:\/\/www.auntmarthas.org\/es\/cuidado-de-la-salud\/faqs-preguntas-frecuentes\/#appointment\">\u00bfC\u00f3mo hago una cita?<\/a><br\/><br\/><a href=\"https:\/\/www.auntmarthas.org\/es\/cuidado-de-la-salud\/faqs-preguntas-frecuentes\/#paymentprocess\">\u00bfC\u00f3mo es el proceso de pago?<\/a><br\/><br\/><a href=\"https:\/\/www.auntmarthas.org\/es\/cuidado-de-la-salud\/faqs-preguntas-frecuentes\/#bringtoappointment\">\u00bfQu\u00e9 tengo que llevar a mi cita?<\/a><br\/><br\/><a href=\"https:\/\/www.auntmarthas.org\/es\/cuidado-de-la-salud\/faqs-preguntas-frecuentes\/#caniwalkin\">\u00bfPuedo acudir a los servicios sin cita previa o tengo que pedir una cita?<\/a><br\/><br\/><a href=\"https:\/\/www.auntmarthas.org\/es\/cuidado-de-la-salud\/faqs-preguntas-frecuentes\/#requestrecord\">\u00bfC\u00f3mo puedo solicitar una copia de mi historial m\u00e9dico?<\/a><br\/><br\/><a href=\"https:\/\/www.auntmarthas.org\/es\/cuidado-de-la-salud\/faqs-preguntas-frecuentes\/#complaint\">\u00bfC\u00f3mo puedo presentar una queja?<\/a><br\/><br\/><a href=\"https:\/\/www.auntmarthas.org\/es\/cuidado-de-la-salud\/faqs-preguntas-frecuentes\/#paymybill\">\u00bfC\u00f3mo puedo pagar mi factura?<\/a><\/p>\n\n<div style=\"height:50px\" aria-hidden=\"true\" class=\"wp-block-spacer\"><\/div>\n\n<h3 class=\"wp-block-heading\" id=\"appointment\">\u00bfC\u00f3mo puedo pedir una cita?<\/h3>\n\n<div class=\"wp-block-columns three-column-icons-text is-layout-flex wp-container-core-columns-is-layout-9d6595d7 wp-block-columns-is-layout-flex\">\n<div class=\"wp-block-column is-layout-flow wp-block-column-is-layout-flow\">\n<figure class=\"wp-block-image aligncenter size-full is-resized\"><img loading=\"lazy\" decoding=\"async\" src=\"https:\/\/www.auntmarthas.org\/wp-content\/uploads\/2022\/09\/Icon_call.png\" alt=\"Llama a Aunt Martha's 's al 877-692-8686 \" class=\"wp-image-2368\" width=\"64\" height=\"69\"\/><\/figure>\n\n\n\n<div class=\"wp-block-buttons is-content-justification-center is-layout-flex wp-container-core-buttons-is-layout-16018d1d wp-block-buttons-is-layout-flex\">\n<div class=\"wp-block-button\"><a class=\"wp-block-button__link\" href=\"tel:8776928686\">Call Aunt Martha&#8217;s<\/a><\/div>\n<\/div>\n<\/div>\n\n\n\n<div class=\"wp-block-column is-layout-flow wp-block-column-is-layout-flow\">\n<figure class=\"wp-block-image aligncenter size-full is-resized\"><img loading=\"lazy\" decoding=\"async\" src=\"https:\/\/www.auntmarthas.org\/wp-content\/uploads\/2022\/09\/Icon_online-at.png\" alt=\"\" class=\"wp-image-2369\" width=\"63\" height=\"69\"\/><\/figure>\n\n\n\n<div class=\"wp-block-buttons is-content-justification-center is-layout-flex wp-container-core-buttons-is-layout-16018d1d wp-block-buttons-is-layout-flex\">\n<div class=\"wp-block-button\"><a class=\"wp-block-button__link\" href=\"https:\/\/www.auntmarthas.org\/es\/?page_id=4071\">Ir al Portal del Paciente<\/a><\/div>\n<\/div>\n<\/div>\n<\/div>\n\n<div style=\"height:50px\" aria-hidden=\"true\" class=\"wp-block-spacer\"><\/div>\n\n<h3 class=\"wp-block-heading\" id=\"paymentprocess\">\u00bfC\u00f3mo es el proceso de pago?<\/h3>\n\n<ul class=\"wp-block-list\"><li>Hay una tarifa variable disponible (Descargue la solicitud en <a href=\"https:\/\/www.auntmarthas.org\/wp-content\/uploads\/2022\/10\/SLIDING-FEE-APPLICATION-English.pdf\" target=\"_blank\" rel=\"noreferrer noopener\">ingl\u00e9s<\/a> o <a href=\"https:\/\/www.auntmarthas.org\/wp-content\/uploads\/2022\/10\/SLIDING-FEE-APPLICATION-Spanish.pdf\" target=\"_blank\" rel=\"noreferrer noopener\">espa\u00f1ol<\/a>)<\/li><li>Los copagos deben pagarse en la fecha del servicio<\/li><li>Se debe pagar una tarifa nominal m\u00ednima<\/li><\/ul>\n\n<div style=\"height:50px\" aria-hidden=\"true\" class=\"wp-block-spacer\"><\/div>\n\n<h3 class=\"wp-block-heading\" id=\"bringtoappointment\">\u00bfQu\u00e9 tengo que llevar a mi cita?<\/h3>\n\n<ul class=\"wp-block-list\"><li>Historial m\u00e9dico anterior<\/li><li>Medicamentos actuales<\/li><li>Informaci\u00f3n de la farmacia<\/li><li>Identificaci\u00f3n con imagen<\/li><li>Tarjeta de seguro m\u00e9dico<\/li><li>Cartilla\/partida de vacunaci\u00f3n (si est\u00e1 disponible)<\/li><li>Prueba de tutoria legal<\/li><li>Informaci\u00f3n de contacto de su trabajador\/a social del DCFS (si aplica)<\/li><li>Prueba de ingresos (si actualmente no est\u00e1 asegurado\/a)<\/li><\/ul>\n\n<div style=\"height:50px\" aria-hidden=\"true\" class=\"wp-block-spacer\"><\/div>\n\n<h3 class=\"wp-block-heading\" id=\"caniwalkin\">\u00bfPuedo acudir a los servicios sin cita previa o tengo que pedir una cita?<\/h3>\n\n<p>Recomendamos encarecidamente que los pacientes hagan cita antes de llegar a la cl\u00ednica.<\/p>\n\n<p>Sin embargo, si decide entrar sin cita previa, ser\u00e1 evaluado por el personal de la cl\u00ednica y, en funci\u00f3n de los s\u00edntomas que presente, podr\u00e1 ocurrir una de las siguientes cosas:<\/p>\n\n<ul class=\"wp-block-list\"><li>Ser\u00e1 atendido\/a hoy (lo que puede incluir un tiempo de espera variable)<\/li><li>Se ofrecera el concertar una cita para una fecha\/hora diferente<\/li><li>Podria ser referido\/a a urgencias<\/li><\/ul>\n\n<div style=\"height:50px\" aria-hidden=\"true\" class=\"wp-block-spacer\"><\/div>\n\n<h3 class=\"wp-block-heading\" id=\"requestrecord\">\u00bfC\u00f3mo solicito una copia de mis registros m\u00e9dicos o de salud?<\/h3>\n\n<p>Please go to our <a href=\"https:\/\/www.auntmarthas.org\/es\/cuidado-de-la-salud\/peticion-de-historial-medico\/\">Medical Record Request<\/a> page. <\/p>\n\n<div style=\"height:50px\" aria-hidden=\"true\" class=\"wp-block-spacer\"><\/div>\n\n<h3 class=\"wp-block-heading\" id=\"complaint\">\u00bfC\u00f3mo puedo presentar una queja?<\/h3>\n\n<p><a href=\"https:\/\/www.auntmarthas.org\/es\/contacto\/\" target=\"_blank\" rel=\"noreferrer noopener\">Por favor P\u00f3ngase en contacto con nosotros<\/a> para compartir su queja.<\/p>\n\n<div style=\"height:50px\" aria-hidden=\"true\" class=\"wp-block-spacer\"><\/div>\n\n<h3 class=\"wp-block-heading\" id=\"paymybill\">\u00bfC\u00f3mo puedo pagar mi factura?<\/h3>\n\n<p>Actualmente aceptamos pagos en efectivo, con cheque o con tarjeta de cr\u00e9dito.<\/p>\n\n<div style=\"height:10px\" aria-hidden=\"true\" class=\"wp-block-spacer\"><\/div>\n\n<h4 class=\"wp-block-heading\">M\u00e9todos de pago<\/h4>\n\n<div style=\"height:10px\" aria-hidden=\"true\" class=\"wp-block-spacer\"><\/div>\n\n<h5 class=\"wp-block-heading\">En l\u00ednea<\/h5>\n\n<p>Su Portal del Paciente, impulsado por <a href=\"https:\/\/13826.portal.athenahealth.com\/\" target=\"_blank\" rel=\"noreferrer noopener\">athenhealth<\/a>, facilita la visualizaci\u00f3n y la gesti\u00f3n de los pagos en l\u00ednea.<\/p>\n\n<div style=\"height:10px\" aria-hidden=\"true\" class=\"wp-block-spacer\"><\/div>\n\n<h5 class=\"wp-block-heading\">Por tel\u00e9fono<\/h5>\n\n<p>Llame al <a href=\"tel:8776928686\">(877) 692-8686<\/a> y estaremos encantados de aceptar su pago por tel\u00e9fono.<\/p>\n\n<div style=\"height:10px\" aria-hidden=\"true\" class=\"wp-block-spacer\"><\/div>\n\n<h5 class=\"wp-block-heading\">Por correo<\/h5>\n\n<p>Aunt Martha&#8217;s Health and Wellness<br\/>ATENCI\u00d3N: Departamento deCobros<br\/>19990 Governors Highway<br\/>Olympia Fields, IL 60461<\/p>\n\n<div style=\"height:50px\" aria-hidden=\"true\" class=\"wp-block-spacer\"><\/div>\n","protected":false},"excerpt":{"rendered":"<p>\u00bfTienes preguntas? Tenemos respuestas. Preguntas m\u00e1s frecuentes \u00bfC\u00f3mo hago una [&hellip;]<\/p>\n","protected":false},"author":1,"featured_media":3419,"parent":3846,"menu_order":14,"comment_status":"closed","ping_status":"closed","template":"","meta":{"_acf_changed":false,"footnotes":""},"class_list":["post-3770","page","type-page","status-publish","has-post-thumbnail","hentry"],"acf":[],"yoast_head":"<!-- This site is optimized with the Yoast SEO plugin v27.5 - https:\/\/yoast.com\/product\/yoast-seo-wordpress\/ -->\n<title>FAQs - Preguntas frecuentes sobre Aunt Martha&#039;s<\/title>\n<meta name=\"description\" content=\"Respondemos a las preguntas m\u00e1s frecuentes sobre Aunt Martha&#039;s. Estamos aqu\u00ed para ayudarle a encontrar las respuestas que necesita.\" \/>\n<meta name=\"robots\" content=\"index, follow, max-snippet:-1, max-image-preview:large, max-video-preview:-1\" \/>\n<link rel=\"canonical\" href=\"https:\/\/www.auntmarthas.org\/es\/cuidado-de-la-salud\/faqs-preguntas-frecuentes\/\" \/>\n<meta property=\"og:locale\" content=\"es_ES\" \/>\n<meta property=\"og:type\" content=\"article\" \/>\n<meta property=\"og:title\" content=\"FAQs - Preguntas frecuentes sobre Aunt Martha&#039;s\" \/>\n<meta property=\"og:description\" content=\"Respondemos a las preguntas m\u00e1s frecuentes sobre Aunt Martha&#039;s. Estamos aqu\u00ed para ayudarle a encontrar las respuestas que necesita.\" \/>\n<meta property=\"og:url\" content=\"https:\/\/www.auntmarthas.org\/es\/cuidado-de-la-salud\/faqs-preguntas-frecuentes\/\" \/>\n<meta property=\"og:site_name\" content=\"Aunt Martha&#039;s\" \/>\n<meta property=\"article:publisher\" content=\"https:\/\/www.facebook.com\/AuntMarthas\" \/>\n<meta property=\"article:modified_time\" content=\"2023-01-20T18:41:24+00:00\" \/>\n<meta property=\"og:image\" content=\"https:\/\/www.auntmarthas.org\/wp-content\/uploads\/2022\/09\/Featured-Image_FAQs_AdobeStock_224160000_Preview.jpeg\" \/>\n\t<meta property=\"og:image:width\" content=\"1000\" \/>\n\t<meta property=\"og:image:height\" content=\"333\" \/>\n\t<meta property=\"og:image:type\" content=\"image\/jpeg\" \/>\n<meta name=\"twitter:card\" content=\"summary_large_image\" \/>\n<meta name=\"twitter:site\" content=\"@AuntMarthas\" \/>\n<meta name=\"twitter:label1\" content=\"Tiempo de lectura\" \/>\n\t<meta name=\"twitter:data1\" content=\"2 minutos\" \/>\n<script type=\"application\/ld+json\" class=\"yoast-schema-graph\">{\"@context\":\"https:\\\/\\\/schema.org\",\"@graph\":[{\"@type\":\"WebPage\",\"@id\":\"https:\\\/\\\/www.auntmarthas.org\\\/es\\\/cuidado-de-la-salud\\\/faqs-preguntas-frecuentes\\\/\",\"url\":\"https:\\\/\\\/www.auntmarthas.org\\\/es\\\/cuidado-de-la-salud\\\/faqs-preguntas-frecuentes\\\/\",\"name\":\"FAQs - Preguntas frecuentes sobre Aunt Martha's\",\"isPartOf\":{\"@id\":\"https:\\\/\\\/www.auntmarthas.org\\\/es\\\/#website\"},\"primaryImageOfPage\":{\"@id\":\"https:\\\/\\\/www.auntmarthas.org\\\/es\\\/cuidado-de-la-salud\\\/faqs-preguntas-frecuentes\\\/#primaryimage\"},\"image\":{\"@id\":\"https:\\\/\\\/www.auntmarthas.org\\\/es\\\/cuidado-de-la-salud\\\/faqs-preguntas-frecuentes\\\/#primaryimage\"},\"thumbnailUrl\":\"https:\\\/\\\/www.auntmarthas.org\\\/wp-content\\\/uploads\\\/2022\\\/09\\\/Featured-Image_FAQs_AdobeStock_224160000_Preview.jpeg\",\"datePublished\":\"2022-10-05T12:05:00+00:00\",\"dateModified\":\"2023-01-20T18:41:24+00:00\",\"description\":\"Respondemos a las preguntas m\u00e1s frecuentes sobre Aunt Martha's. Estamos aqu\u00ed para ayudarle a encontrar las respuestas que necesita.\",\"breadcrumb\":{\"@id\":\"https:\\\/\\\/www.auntmarthas.org\\\/es\\\/cuidado-de-la-salud\\\/faqs-preguntas-frecuentes\\\/#breadcrumb\"},\"inLanguage\":\"es\",\"potentialAction\":[{\"@type\":\"ReadAction\",\"target\":[\"https:\\\/\\\/www.auntmarthas.org\\\/es\\\/cuidado-de-la-salud\\\/faqs-preguntas-frecuentes\\\/\"]}]},{\"@type\":\"ImageObject\",\"inLanguage\":\"es\",\"@id\":\"https:\\\/\\\/www.auntmarthas.org\\\/es\\\/cuidado-de-la-salud\\\/faqs-preguntas-frecuentes\\\/#primaryimage\",\"url\":\"https:\\\/\\\/www.auntmarthas.org\\\/wp-content\\\/uploads\\\/2022\\\/09\\\/Featured-Image_FAQs_AdobeStock_224160000_Preview.jpeg\",\"contentUrl\":\"https:\\\/\\\/www.auntmarthas.org\\\/wp-content\\\/uploads\\\/2022\\\/09\\\/Featured-Image_FAQs_AdobeStock_224160000_Preview.jpeg\",\"width\":1000,\"height\":333},{\"@type\":\"BreadcrumbList\",\"@id\":\"https:\\\/\\\/www.auntmarthas.org\\\/es\\\/cuidado-de-la-salud\\\/faqs-preguntas-frecuentes\\\/#breadcrumb\",\"itemListElement\":[{\"@type\":\"ListItem\",\"position\":1,\"name\":\"Home\",\"item\":\"https:\\\/\\\/www.auntmarthas.org\\\/es\\\/\"},{\"@type\":\"ListItem\",\"position\":2,\"name\":\"Cuidado de la salud\",\"item\":\"https:\\\/\\\/www.auntmarthas.org\\\/es\\\/cuidado-de-la-salud\\\/\"},{\"@type\":\"ListItem\",\"position\":3,\"name\":\"FAQs &#8211; Preguntas frecuentes\"}]},{\"@type\":\"WebSite\",\"@id\":\"https:\\\/\\\/www.auntmarthas.org\\\/es\\\/#website\",\"url\":\"https:\\\/\\\/www.auntmarthas.org\\\/es\\\/\",\"name\":\"Aunt Martha's\",\"description\":\"Health &amp; Wellness\",\"publisher\":{\"@id\":\"https:\\\/\\\/www.auntmarthas.org\\\/es\\\/#organization\"},\"potentialAction\":[{\"@type\":\"SearchAction\",\"target\":{\"@type\":\"EntryPoint\",\"urlTemplate\":\"https:\\\/\\\/www.auntmarthas.org\\\/es\\\/?s={search_term_string}\"},\"query-input\":{\"@type\":\"PropertyValueSpecification\",\"valueRequired\":true,\"valueName\":\"search_term_string\"}}],\"inLanguage\":\"es\"},{\"@type\":\"Organization\",\"@id\":\"https:\\\/\\\/www.auntmarthas.org\\\/es\\\/#organization\",\"name\":\"Aunt Martha's Health & Wellness\",\"alternateName\":\"Aunt Martha's\",\"url\":\"https:\\\/\\\/www.auntmarthas.org\\\/es\\\/\",\"logo\":{\"@type\":\"ImageObject\",\"inLanguage\":\"es\",\"@id\":\"https:\\\/\\\/www.auntmarthas.org\\\/es\\\/#\\\/schema\\\/logo\\\/image\\\/\",\"url\":\"https:\\\/\\\/www.auntmarthas.org\\\/wp-content\\\/uploads\\\/2022\\\/06\\\/AM_LOGO_RGB-v2.svg\",\"contentUrl\":\"https:\\\/\\\/www.auntmarthas.org\\\/wp-content\\\/uploads\\\/2022\\\/06\\\/AM_LOGO_RGB-v2.svg\",\"width\":1920,\"height\":675,\"caption\":\"Aunt Martha's Health & Wellness\"},\"image\":{\"@id\":\"https:\\\/\\\/www.auntmarthas.org\\\/es\\\/#\\\/schema\\\/logo\\\/image\\\/\"},\"sameAs\":[\"https:\\\/\\\/www.facebook.com\\\/AuntMarthas\",\"https:\\\/\\\/x.com\\\/AuntMarthas\",\"https:\\\/\\\/www.youtube.com\\\/@auntmarthas\"]}]}<\/script>\n<!-- \/ Yoast SEO plugin. -->","yoast_head_json":{"title":"FAQs - Preguntas frecuentes sobre Aunt Martha's","description":"Respondemos a las preguntas m\u00e1s frecuentes sobre Aunt Martha's. Estamos aqu\u00ed para ayudarle a encontrar las respuestas que necesita.","robots":{"index":"index","follow":"follow","max-snippet":"max-snippet:-1","max-image-preview":"max-image-preview:large","max-video-preview":"max-video-preview:-1"},"canonical":"https:\/\/www.auntmarthas.org\/es\/cuidado-de-la-salud\/faqs-preguntas-frecuentes\/","og_locale":"es_ES","og_type":"article","og_title":"FAQs - Preguntas frecuentes sobre Aunt Martha's","og_description":"Respondemos a las preguntas m\u00e1s frecuentes sobre Aunt Martha's. Estamos aqu\u00ed para ayudarle a encontrar las respuestas que necesita.","og_url":"https:\/\/www.auntmarthas.org\/es\/cuidado-de-la-salud\/faqs-preguntas-frecuentes\/","og_site_name":"Aunt Martha&#039;s","article_publisher":"https:\/\/www.facebook.com\/AuntMarthas","article_modified_time":"2023-01-20T18:41:24+00:00","og_image":[{"width":1000,"height":333,"url":"https:\/\/www.auntmarthas.org\/wp-content\/uploads\/2022\/09\/Featured-Image_FAQs_AdobeStock_224160000_Preview.jpeg","type":"image\/jpeg"}],"twitter_card":"summary_large_image","twitter_site":"@AuntMarthas","twitter_misc":{"Tiempo de lectura":"2 minutos"},"schema":{"@context":"https:\/\/schema.org","@graph":[{"@type":"WebPage","@id":"https:\/\/www.auntmarthas.org\/es\/cuidado-de-la-salud\/faqs-preguntas-frecuentes\/","url":"https:\/\/www.auntmarthas.org\/es\/cuidado-de-la-salud\/faqs-preguntas-frecuentes\/","name":"FAQs - Preguntas frecuentes sobre Aunt Martha's","isPartOf":{"@id":"https:\/\/www.auntmarthas.org\/es\/#website"},"primaryImageOfPage":{"@id":"https:\/\/www.auntmarthas.org\/es\/cuidado-de-la-salud\/faqs-preguntas-frecuentes\/#primaryimage"},"image":{"@id":"https:\/\/www.auntmarthas.org\/es\/cuidado-de-la-salud\/faqs-preguntas-frecuentes\/#primaryimage"},"thumbnailUrl":"https:\/\/www.auntmarthas.org\/wp-content\/uploads\/2022\/09\/Featured-Image_FAQs_AdobeStock_224160000_Preview.jpeg","datePublished":"2022-10-05T12:05:00+00:00","dateModified":"2023-01-20T18:41:24+00:00","description":"Respondemos a las preguntas m\u00e1s frecuentes sobre Aunt Martha's. Estamos aqu\u00ed para ayudarle a encontrar las respuestas que necesita.","breadcrumb":{"@id":"https:\/\/www.auntmarthas.org\/es\/cuidado-de-la-salud\/faqs-preguntas-frecuentes\/#breadcrumb"},"inLanguage":"es","potentialAction":[{"@type":"ReadAction","target":["https:\/\/www.auntmarthas.org\/es\/cuidado-de-la-salud\/faqs-preguntas-frecuentes\/"]}]},{"@type":"ImageObject","inLanguage":"es","@id":"https:\/\/www.auntmarthas.org\/es\/cuidado-de-la-salud\/faqs-preguntas-frecuentes\/#primaryimage","url":"https:\/\/www.auntmarthas.org\/wp-content\/uploads\/2022\/09\/Featured-Image_FAQs_AdobeStock_224160000_Preview.jpeg","contentUrl":"https:\/\/www.auntmarthas.org\/wp-content\/uploads\/2022\/09\/Featured-Image_FAQs_AdobeStock_224160000_Preview.jpeg","width":1000,"height":333},{"@type":"BreadcrumbList","@id":"https:\/\/www.auntmarthas.org\/es\/cuidado-de-la-salud\/faqs-preguntas-frecuentes\/#breadcrumb","itemListElement":[{"@type":"ListItem","position":1,"name":"Home","item":"https:\/\/www.auntmarthas.org\/es\/"},{"@type":"ListItem","position":2,"name":"Cuidado de la salud","item":"https:\/\/www.auntmarthas.org\/es\/cuidado-de-la-salud\/"},{"@type":"ListItem","position":3,"name":"FAQs &#8211; Preguntas frecuentes"}]},{"@type":"WebSite","@id":"https:\/\/www.auntmarthas.org\/es\/#website","url":"https:\/\/www.auntmarthas.org\/es\/","name":"Aunt Martha's","description":"Health &amp; Wellness","publisher":{"@id":"https:\/\/www.auntmarthas.org\/es\/#organization"},"potentialAction":[{"@type":"SearchAction","target":{"@type":"EntryPoint","urlTemplate":"https:\/\/www.auntmarthas.org\/es\/?s={search_term_string}"},"query-input":{"@type":"PropertyValueSpecification","valueRequired":true,"valueName":"search_term_string"}}],"inLanguage":"es"},{"@type":"Organization","@id":"https:\/\/www.auntmarthas.org\/es\/#organization","name":"Aunt Martha's Health & Wellness","alternateName":"Aunt Martha's","url":"https:\/\/www.auntmarthas.org\/es\/","logo":{"@type":"ImageObject","inLanguage":"es","@id":"https:\/\/www.auntmarthas.org\/es\/#\/schema\/logo\/image\/","url":"https:\/\/www.auntmarthas.org\/wp-content\/uploads\/2022\/06\/AM_LOGO_RGB-v2.svg","contentUrl":"https:\/\/www.auntmarthas.org\/wp-content\/uploads\/2022\/06\/AM_LOGO_RGB-v2.svg","width":1920,"height":675,"caption":"Aunt Martha's Health & Wellness"},"image":{"@id":"https:\/\/www.auntmarthas.org\/es\/#\/schema\/logo\/image\/"},"sameAs":["https:\/\/www.facebook.com\/AuntMarthas","https:\/\/x.com\/AuntMarthas","https:\/\/www.youtube.com\/@auntmarthas"]}]}},"_links":{"self":[{"href":"https:\/\/www.auntmarthas.org\/es\/wp-json\/wp\/v2\/pages\/3770","targetHints":{"allow":["GET"]}}],"collection":[{"href":"https:\/\/www.auntmarthas.org\/es\/wp-json\/wp\/v2\/pages"}],"about":[{"href":"https:\/\/www.auntmarthas.org\/es\/wp-json\/wp\/v2\/types\/page"}],"author":[{"embeddable":true,"href":"https:\/\/www.auntmarthas.org\/es\/wp-json\/wp\/v2\/users\/1"}],"replies":[{"embeddable":true,"href":"https:\/\/www.auntmarthas.org\/es\/wp-json\/wp\/v2\/comments?post=3770"}],"version-history":[{"count":0,"href":"https:\/\/www.auntmarthas.org\/es\/wp-json\/wp\/v2\/pages\/3770\/revisions"}],"up":[{"embeddable":true,"href":"https:\/\/www.auntmarthas.org\/es\/wp-json\/wp\/v2\/pages\/3846"}],"wp:featuredmedia":[{"embeddable":true,"href":"https:\/\/www.auntmarthas.org\/es\/wp-json\/wp\/v2\/media\/3419"}],"wp:attachment":[{"href":"https:\/\/www.auntmarthas.org\/es\/wp-json\/wp\/v2\/media?parent=3770"}],"curies":[{"name":"wp","href":"https:\/\/api.w.org\/{rel}","templated":true}]}}