{"id":3767,"date":"2022-09-29T14:35:20","date_gmt":"2022-09-29T20:35:20","guid":{"rendered":"https:\/\/www.auntmarthas.org\/sanidad\/salud-de-los-hombres\/"},"modified":"2023-01-17T21:49:11","modified_gmt":"2023-01-17T21:49:11","slug":"salud-de-los-hombres","status":"publish","type":"page","link":"https:\/\/www.auntmarthas.org\/es\/cuidado-de-la-salud\/salud-de-los-hombres\/","title":{"rendered":"Salud del hombre"},"content":{"rendered":"\n<div style=\"height:25px\" aria-hidden=\"true\" class=\"wp-block-spacer\"><\/div>\n\n<h2 class=\"wp-block-heading\">Vivir lo mejor posible y sentirse lo mejor posible<\/h2>\n\n<div style=\"height:10px\" aria-hidden=\"true\" class=\"wp-block-spacer\"><\/div>\n\n<p>Aunt Martha&#8217;s ofrece servicios de atenci\u00f3n primaria para cualquier persona que los necesite, independientemente de su identidad de g\u00e9nero u orientaci\u00f3n sexual.<\/p>\n\n<div style=\"height:25px\" aria-hidden=\"true\" class=\"wp-block-spacer\"><\/div>\n\n<figure class=\"wp-block-image size-large\"><img loading=\"lazy\" decoding=\"async\" width=\"1024\" height=\"683\" src=\"https:\/\/www.auntmarthas.org\/wp-content\/uploads\/2022\/09\/Donate-1-1024x683.jpeg\" alt=\"Los servicios de salud para hombres en Aunt Martha's est&#xE1;n disponibles para todos los pacientes\" class=\"wp-image-1991\" srcset=\"https:\/\/www.auntmarthas.org\/wp-content\/uploads\/2022\/09\/Donate-1-1024x683.jpeg 1024w, https:\/\/www.auntmarthas.org\/wp-content\/uploads\/2022\/09\/Donate-1-300x200.jpeg 300w, https:\/\/www.auntmarthas.org\/wp-content\/uploads\/2022\/09\/Donate-1-768x512.jpeg 768w, https:\/\/www.auntmarthas.org\/wp-content\/uploads\/2022\/09\/Donate-1-1536x1024.jpeg 1536w, https:\/\/www.auntmarthas.org\/wp-content\/uploads\/2022\/09\/Donate-1-2048x1365.jpeg 2048w\" sizes=\"auto, (max-width: 1024px) 100vw, 1024px\" \/><\/figure>\n\n<div style=\"height:20px\" aria-hidden=\"true\" class=\"wp-block-spacer\"><\/div>\n\n<h2 class=\"wp-block-heading\">Una mejor salud para el hombre comienza aqu\u00ed.<\/h2>\n\n<ul class=\"wp-block-list\"><li>Atenci\u00f3n preventiva, ex\u00e1menes f\u00edsicos anuales <\/li><li>Ex\u00e1menes generales de salud y bienestar para los hombres<\/li><li>Evaluaciones y tratamientos de salud mental<\/li><li>Coordinaci\u00f3n de cuidados<\/li><li>Educaci\u00f3n de salud<\/li><li>Detecci\u00f3n y tratamiento de ETS<\/li><li>Ayuda para controlar enfermedades cr\u00f3nicas como la diabetes, el asma y la hipertensi\u00f3n arterial<\/li><\/ul>\n\n<div style=\"height:20px\" aria-hidden=\"true\" class=\"wp-block-spacer\"><\/div>\n\n<div class=\"wp-block-group callout-banner-block is-style-full-width has-media has-light-blue-background-color has-background is-layout-flow wp-block-group-is-layout-flow\">\n<div class=\"wp-block-columns are-vertically-aligned-center is-layout-flex wp-container-core-columns-is-layout-9d6595d7 wp-block-columns-is-layout-flex\">\n<div class=\"wp-block-column is-vertically-aligned-center is-layout-flow wp-block-column-is-layout-flow\">\n<p class=\"eyebrow\">Maneje su salud en cualquier lugar y en cualquier momento.<\/p>\n\n\n\n<div style=\"height:10px\" aria-hidden=\"true\" class=\"wp-block-spacer\"><\/div>\n\n\n\n<h2 class=\"wp-block-heading\">Tome el control de su salud y el cuidado de su salud.<\/h2>\n\n\n\n<ul class=\"wp-block-list\"><li>Programar citas<\/li><li>Enviar mensajes o solicitudes para obtener nuevamente su medicamento a su equipo de atenci\u00f3n m\u00e9dica<\/li><li>Vea los resultados de sus examenes<\/li><li>Aproveche las ventajas del pago en l\u00ednea<\/li><\/ul>\n\n\n\n<h4 class=\"wp-block-heading\">H\u00e1galo todo en <em>su<\/em> tiempo libre, sin necesidad de concertar una cita ni esperar al tel\u00e9fono. <\/h4>\n\n\n\n<div class=\"wp-block-buttons is-content-justification-center is-layout-flex wp-container-core-buttons-is-layout-16018d1d wp-block-buttons-is-layout-flex\">\n<div class=\"wp-block-button\"><a class=\"wp-block-button__link\" href=\"https:\/\/www.auntmarthas.org\/es\/?page_id=4071\">Aprenda m\u00e1s<\/a><\/div>\n\n\n\n<div class=\"wp-block-button\"><a class=\"wp-block-button__link\" href=\"https:\/\/13826.portal.athenahealth.com\/\" target=\"_blank\" rel=\"noreferrer noopener\">iniciar sesion<\/a><\/div>\n<\/div>\n<\/div>\n\n\n\n<div class=\"wp-block-column is-vertically-aligned-center is-layout-flow wp-block-column-is-layout-flow\">\n<figure class=\"wp-block-image aligncenter size-large\"><img loading=\"lazy\" decoding=\"async\" width=\"1024\" height=\"556\" src=\"https:\/\/www.auntmarthas.org\/wp-content\/uploads\/2022\/09\/Patient-Portal-Diagram-01-1024x556.png\" alt=\"Los pacientes de salud del hombre pueden acceder a sus expedientes y ponerse en contacto con su equipo de atenci&#xF3;n las 24 horas del d&#xED;a utilizando nuestro Portal del Paciente seguro\" class=\"wp-image-2496\" srcset=\"https:\/\/www.auntmarthas.org\/wp-content\/uploads\/2022\/09\/Patient-Portal-Diagram-01-1024x556.png 1024w, https:\/\/www.auntmarthas.org\/wp-content\/uploads\/2022\/09\/Patient-Portal-Diagram-01-300x163.png 300w, https:\/\/www.auntmarthas.org\/wp-content\/uploads\/2022\/09\/Patient-Portal-Diagram-01-768x417.png 768w, https:\/\/www.auntmarthas.org\/wp-content\/uploads\/2022\/09\/Patient-Portal-Diagram-01-1536x833.png 1536w, https:\/\/www.auntmarthas.org\/wp-content\/uploads\/2022\/09\/Patient-Portal-Diagram-01.png 1913w\" sizes=\"auto, (max-width: 1024px) 100vw, 1024px\" \/><figcaption>Desarrollado por athenahealth<\/figcaption><\/figure>\n<\/div>\n<\/div>\n<\/div>\n\n<div style=\"height:10px\" aria-hidden=\"true\" class=\"wp-block-spacer\"><\/div>\n\n<h2 class=\"wp-block-heading\">Siempre en Aunt Martha&#8217;s<\/h2>\n\n<div class=\"wp-block-columns three-column-icons-text is-layout-flex wp-container-core-columns-is-layout-9d6595d7 wp-block-columns-is-layout-flex\">\n<div class=\"wp-block-column is-layout-flow wp-block-column-is-layout-flow\">\n<figure class=\"wp-block-image aligncenter size-full is-resized\"><img loading=\"lazy\" decoding=\"async\" src=\"https:\/\/www.auntmarthas.org\/wp-content\/uploads\/2022\/09\/Walk-ins-welcome.png\" alt=\"Es posible que las personas que acudan sin cita previa no sean atendidas inmediatamente.\" class=\"wp-image-2528\" width=\"125\" height=\"125\"\/><\/figure>\n\n\n\n<h4 class=\"has-text-align-center wp-block-heading\">Sin cita previa<br\/>bienvenido<\/h4>\n<\/div>\n\n\n\n<div class=\"wp-block-column is-layout-flow wp-block-column-is-layout-flow\">\n<figure class=\"wp-block-image aligncenter size-full is-resized\"><img loading=\"lazy\" decoding=\"async\" src=\"https:\/\/www.auntmarthas.org\/wp-content\/uploads\/2022\/09\/Icon_Appointments-Preferred.png\" alt=\"\" class=\"wp-image-2288\" width=\"125\" height=\"124\"\/><\/figure>\n\n\n\n<h4 class=\"has-text-align-center wp-block-heading\">Nombramientos<br\/>preferido<\/h4>\n<\/div>\n\n\n\n<div class=\"wp-block-column is-layout-flow wp-block-column-is-layout-flow\">\n<figure class=\"wp-block-image aligncenter size-full is-resized\"><img loading=\"lazy\" decoding=\"async\" src=\"https:\/\/www.auntmarthas.org\/wp-content\/uploads\/2022\/09\/Icon_Sliding-Fee.png\" alt=\"\" class=\"wp-image-2290\" width=\"125\" height=\"125\"\/><\/figure>\n\n\n\n<h4 class=\"has-text-align-center wp-block-heading\">Tasas de deslizamiento y<br\/>pago en l\u00ednea disponible<\/h4>\n<\/div>\n<\/div>\n","protected":false},"excerpt":{"rendered":"<p>Vivir lo mejor posible y sentirse lo mejor posible Aunt [&hellip;]<\/p>\n","protected":false},"author":1,"featured_media":3028,"parent":3846,"menu_order":5,"comment_status":"closed","ping_status":"closed","template":"","meta":{"_acf_changed":false,"footnotes":""},"class_list":["post-3767","page","type-page","status-publish","has-post-thumbnail","hentry"],"acf":[],"yoast_head":"<!-- This site is optimized with the Yoast SEO plugin v27.3 - https:\/\/yoast.com\/product\/yoast-seo-wordpress\/ -->\n<title>Salud de los hombres %<\/title>\n<meta name=\"description\" content=\"Aunt Martha&#039;s ofrece servicios de atenci\u00f3n m\u00e9dica para hombres o para cualquier persona que los necesite, independientemente de su identidad de g\u00e9nero u orientaci\u00f3n sexual.\" \/>\n<meta name=\"robots\" content=\"index, follow, max-snippet:-1, max-image-preview:large, max-video-preview:-1\" \/>\n<link rel=\"canonical\" href=\"https:\/\/www.auntmarthas.org\/es\/cuidado-de-la-salud\/salud-de-los-hombres\/\" \/>\n<meta property=\"og:locale\" content=\"es_ES\" \/>\n<meta property=\"og:type\" content=\"article\" \/>\n<meta property=\"og:title\" content=\"Salud de los hombres %\" \/>\n<meta property=\"og:description\" content=\"Aunt Martha&#039;s ofrece servicios de atenci\u00f3n m\u00e9dica para hombres o para cualquier persona que los necesite, independientemente de su identidad de g\u00e9nero u orientaci\u00f3n sexual.\" \/>\n<meta property=\"og:url\" content=\"https:\/\/www.auntmarthas.org\/es\/cuidado-de-la-salud\/salud-de-los-hombres\/\" \/>\n<meta property=\"og:site_name\" content=\"Aunt Martha&#039;s\" \/>\n<meta property=\"article:publisher\" content=\"https:\/\/www.facebook.com\/AuntMarthas\" \/>\n<meta property=\"article:modified_time\" content=\"2023-01-17T21:49:11+00:00\" \/>\n<meta property=\"og:image\" content=\"https:\/\/www.auntmarthas.org\/wp-content\/uploads\/2022\/08\/AdobeStock_242216629-1-scaled-e1664224602486.jpeg\" \/>\n\t<meta property=\"og:image:width\" content=\"1101\" \/>\n\t<meta property=\"og:image:height\" content=\"619\" \/>\n\t<meta property=\"og:image:type\" content=\"image\/jpeg\" \/>\n<meta name=\"twitter:card\" content=\"summary_large_image\" \/>\n<meta name=\"twitter:site\" content=\"@AuntMarthas\" \/>\n<meta name=\"twitter:label1\" content=\"Tiempo de lectura\" \/>\n\t<meta name=\"twitter:data1\" content=\"2 minutos\" \/>\n<script type=\"application\/ld+json\" class=\"yoast-schema-graph\">{\"@context\":\"https:\\\/\\\/schema.org\",\"@graph\":[{\"@type\":\"WebPage\",\"@id\":\"https:\\\/\\\/www.auntmarthas.org\\\/es\\\/cuidado-de-la-salud\\\/salud-de-los-hombres\\\/\",\"url\":\"https:\\\/\\\/www.auntmarthas.org\\\/es\\\/cuidado-de-la-salud\\\/salud-de-los-hombres\\\/\",\"name\":\"Salud de los hombres %\",\"isPartOf\":{\"@id\":\"https:\\\/\\\/www.auntmarthas.org\\\/es\\\/#website\"},\"primaryImageOfPage\":{\"@id\":\"https:\\\/\\\/www.auntmarthas.org\\\/es\\\/cuidado-de-la-salud\\\/salud-de-los-hombres\\\/#primaryimage\"},\"image\":{\"@id\":\"https:\\\/\\\/www.auntmarthas.org\\\/es\\\/cuidado-de-la-salud\\\/salud-de-los-hombres\\\/#primaryimage\"},\"thumbnailUrl\":\"https:\\\/\\\/www.auntmarthas.org\\\/wp-content\\\/uploads\\\/2022\\\/08\\\/AdobeStock_242216629-1-scaled-e1664224602486.jpeg\",\"datePublished\":\"2022-09-29T20:35:20+00:00\",\"dateModified\":\"2023-01-17T21:49:11+00:00\",\"description\":\"Aunt Martha's ofrece servicios de atenci\u00f3n m\u00e9dica para hombres o para cualquier persona que los necesite, independientemente de su identidad de g\u00e9nero u orientaci\u00f3n sexual.\",\"breadcrumb\":{\"@id\":\"https:\\\/\\\/www.auntmarthas.org\\\/es\\\/cuidado-de-la-salud\\\/salud-de-los-hombres\\\/#breadcrumb\"},\"inLanguage\":\"es\",\"potentialAction\":[{\"@type\":\"ReadAction\",\"target\":[\"https:\\\/\\\/www.auntmarthas.org\\\/es\\\/cuidado-de-la-salud\\\/salud-de-los-hombres\\\/\"]}]},{\"@type\":\"ImageObject\",\"inLanguage\":\"es\",\"@id\":\"https:\\\/\\\/www.auntmarthas.org\\\/es\\\/cuidado-de-la-salud\\\/salud-de-los-hombres\\\/#primaryimage\",\"url\":\"https:\\\/\\\/www.auntmarthas.org\\\/wp-content\\\/uploads\\\/2022\\\/08\\\/AdobeStock_242216629-1-scaled-e1664224602486.jpeg\",\"contentUrl\":\"https:\\\/\\\/www.auntmarthas.org\\\/wp-content\\\/uploads\\\/2022\\\/08\\\/AdobeStock_242216629-1-scaled-e1664224602486.jpeg\",\"width\":1101,\"height\":619},{\"@type\":\"BreadcrumbList\",\"@id\":\"https:\\\/\\\/www.auntmarthas.org\\\/es\\\/cuidado-de-la-salud\\\/salud-de-los-hombres\\\/#breadcrumb\",\"itemListElement\":[{\"@type\":\"ListItem\",\"position\":1,\"name\":\"Home\",\"item\":\"https:\\\/\\\/www.auntmarthas.org\\\/es\\\/\"},{\"@type\":\"ListItem\",\"position\":2,\"name\":\"Cuidado de la salud\",\"item\":\"https:\\\/\\\/www.auntmarthas.org\\\/es\\\/cuidado-de-la-salud\\\/\"},{\"@type\":\"ListItem\",\"position\":3,\"name\":\"Salud del hombre\"}]},{\"@type\":\"WebSite\",\"@id\":\"https:\\\/\\\/www.auntmarthas.org\\\/es\\\/#website\",\"url\":\"https:\\\/\\\/www.auntmarthas.org\\\/es\\\/\",\"name\":\"Aunt Martha's\",\"description\":\"Health &amp; Wellness\",\"publisher\":{\"@id\":\"https:\\\/\\\/www.auntmarthas.org\\\/es\\\/#organization\"},\"potentialAction\":[{\"@type\":\"SearchAction\",\"target\":{\"@type\":\"EntryPoint\",\"urlTemplate\":\"https:\\\/\\\/www.auntmarthas.org\\\/es\\\/?s={search_term_string}\"},\"query-input\":{\"@type\":\"PropertyValueSpecification\",\"valueRequired\":true,\"valueName\":\"search_term_string\"}}],\"inLanguage\":\"es\"},{\"@type\":\"Organization\",\"@id\":\"https:\\\/\\\/www.auntmarthas.org\\\/es\\\/#organization\",\"name\":\"Aunt Martha's Health & Wellness\",\"alternateName\":\"Aunt Martha's\",\"url\":\"https:\\\/\\\/www.auntmarthas.org\\\/es\\\/\",\"logo\":{\"@type\":\"ImageObject\",\"inLanguage\":\"es\",\"@id\":\"https:\\\/\\\/www.auntmarthas.org\\\/es\\\/#\\\/schema\\\/logo\\\/image\\\/\",\"url\":\"https:\\\/\\\/www.auntmarthas.org\\\/wp-content\\\/uploads\\\/2022\\\/06\\\/AM_LOGO_RGB-v2.svg\",\"contentUrl\":\"https:\\\/\\\/www.auntmarthas.org\\\/wp-content\\\/uploads\\\/2022\\\/06\\\/AM_LOGO_RGB-v2.svg\",\"width\":1920,\"height\":675,\"caption\":\"Aunt Martha's Health & Wellness\"},\"image\":{\"@id\":\"https:\\\/\\\/www.auntmarthas.org\\\/es\\\/#\\\/schema\\\/logo\\\/image\\\/\"},\"sameAs\":[\"https:\\\/\\\/www.facebook.com\\\/AuntMarthas\",\"https:\\\/\\\/x.com\\\/AuntMarthas\",\"https:\\\/\\\/www.youtube.com\\\/@auntmarthas\"]}]}<\/script>\n<!-- \/ Yoast SEO plugin. -->","yoast_head_json":{"title":"Salud de los hombres %","description":"Aunt Martha's ofrece servicios de atenci\u00f3n m\u00e9dica para hombres o para cualquier persona que los necesite, independientemente de su identidad de g\u00e9nero u orientaci\u00f3n sexual.","robots":{"index":"index","follow":"follow","max-snippet":"max-snippet:-1","max-image-preview":"max-image-preview:large","max-video-preview":"max-video-preview:-1"},"canonical":"https:\/\/www.auntmarthas.org\/es\/cuidado-de-la-salud\/salud-de-los-hombres\/","og_locale":"es_ES","og_type":"article","og_title":"Salud de los hombres %","og_description":"Aunt Martha's ofrece servicios de atenci\u00f3n m\u00e9dica para hombres o para cualquier persona que los necesite, independientemente de su identidad de g\u00e9nero u orientaci\u00f3n sexual.","og_url":"https:\/\/www.auntmarthas.org\/es\/cuidado-de-la-salud\/salud-de-los-hombres\/","og_site_name":"Aunt Martha&#039;s","article_publisher":"https:\/\/www.facebook.com\/AuntMarthas","article_modified_time":"2023-01-17T21:49:11+00:00","og_image":[{"width":1101,"height":619,"url":"https:\/\/www.auntmarthas.org\/wp-content\/uploads\/2022\/08\/AdobeStock_242216629-1-scaled-e1664224602486.jpeg","type":"image\/jpeg"}],"twitter_card":"summary_large_image","twitter_site":"@AuntMarthas","twitter_misc":{"Tiempo de lectura":"2 minutos"},"schema":{"@context":"https:\/\/schema.org","@graph":[{"@type":"WebPage","@id":"https:\/\/www.auntmarthas.org\/es\/cuidado-de-la-salud\/salud-de-los-hombres\/","url":"https:\/\/www.auntmarthas.org\/es\/cuidado-de-la-salud\/salud-de-los-hombres\/","name":"Salud de los hombres %","isPartOf":{"@id":"https:\/\/www.auntmarthas.org\/es\/#website"},"primaryImageOfPage":{"@id":"https:\/\/www.auntmarthas.org\/es\/cuidado-de-la-salud\/salud-de-los-hombres\/#primaryimage"},"image":{"@id":"https:\/\/www.auntmarthas.org\/es\/cuidado-de-la-salud\/salud-de-los-hombres\/#primaryimage"},"thumbnailUrl":"https:\/\/www.auntmarthas.org\/wp-content\/uploads\/2022\/08\/AdobeStock_242216629-1-scaled-e1664224602486.jpeg","datePublished":"2022-09-29T20:35:20+00:00","dateModified":"2023-01-17T21:49:11+00:00","description":"Aunt Martha's ofrece servicios de atenci\u00f3n m\u00e9dica para hombres o para cualquier persona que los necesite, independientemente de su identidad de g\u00e9nero u orientaci\u00f3n sexual.","breadcrumb":{"@id":"https:\/\/www.auntmarthas.org\/es\/cuidado-de-la-salud\/salud-de-los-hombres\/#breadcrumb"},"inLanguage":"es","potentialAction":[{"@type":"ReadAction","target":["https:\/\/www.auntmarthas.org\/es\/cuidado-de-la-salud\/salud-de-los-hombres\/"]}]},{"@type":"ImageObject","inLanguage":"es","@id":"https:\/\/www.auntmarthas.org\/es\/cuidado-de-la-salud\/salud-de-los-hombres\/#primaryimage","url":"https:\/\/www.auntmarthas.org\/wp-content\/uploads\/2022\/08\/AdobeStock_242216629-1-scaled-e1664224602486.jpeg","contentUrl":"https:\/\/www.auntmarthas.org\/wp-content\/uploads\/2022\/08\/AdobeStock_242216629-1-scaled-e1664224602486.jpeg","width":1101,"height":619},{"@type":"BreadcrumbList","@id":"https:\/\/www.auntmarthas.org\/es\/cuidado-de-la-salud\/salud-de-los-hombres\/#breadcrumb","itemListElement":[{"@type":"ListItem","position":1,"name":"Home","item":"https:\/\/www.auntmarthas.org\/es\/"},{"@type":"ListItem","position":2,"name":"Cuidado de la salud","item":"https:\/\/www.auntmarthas.org\/es\/cuidado-de-la-salud\/"},{"@type":"ListItem","position":3,"name":"Salud del hombre"}]},{"@type":"WebSite","@id":"https:\/\/www.auntmarthas.org\/es\/#website","url":"https:\/\/www.auntmarthas.org\/es\/","name":"Aunt Martha's","description":"Health &amp; Wellness","publisher":{"@id":"https:\/\/www.auntmarthas.org\/es\/#organization"},"potentialAction":[{"@type":"SearchAction","target":{"@type":"EntryPoint","urlTemplate":"https:\/\/www.auntmarthas.org\/es\/?s={search_term_string}"},"query-input":{"@type":"PropertyValueSpecification","valueRequired":true,"valueName":"search_term_string"}}],"inLanguage":"es"},{"@type":"Organization","@id":"https:\/\/www.auntmarthas.org\/es\/#organization","name":"Aunt Martha's Health & Wellness","alternateName":"Aunt Martha's","url":"https:\/\/www.auntmarthas.org\/es\/","logo":{"@type":"ImageObject","inLanguage":"es","@id":"https:\/\/www.auntmarthas.org\/es\/#\/schema\/logo\/image\/","url":"https:\/\/www.auntmarthas.org\/wp-content\/uploads\/2022\/06\/AM_LOGO_RGB-v2.svg","contentUrl":"https:\/\/www.auntmarthas.org\/wp-content\/uploads\/2022\/06\/AM_LOGO_RGB-v2.svg","width":1920,"height":675,"caption":"Aunt Martha's Health & Wellness"},"image":{"@id":"https:\/\/www.auntmarthas.org\/es\/#\/schema\/logo\/image\/"},"sameAs":["https:\/\/www.facebook.com\/AuntMarthas","https:\/\/x.com\/AuntMarthas","https:\/\/www.youtube.com\/@auntmarthas"]}]}},"_links":{"self":[{"href":"https:\/\/www.auntmarthas.org\/es\/wp-json\/wp\/v2\/pages\/3767","targetHints":{"allow":["GET"]}}],"collection":[{"href":"https:\/\/www.auntmarthas.org\/es\/wp-json\/wp\/v2\/pages"}],"about":[{"href":"https:\/\/www.auntmarthas.org\/es\/wp-json\/wp\/v2\/types\/page"}],"author":[{"embeddable":true,"href":"https:\/\/www.auntmarthas.org\/es\/wp-json\/wp\/v2\/users\/1"}],"replies":[{"embeddable":true,"href":"https:\/\/www.auntmarthas.org\/es\/wp-json\/wp\/v2\/comments?post=3767"}],"version-history":[{"count":0,"href":"https:\/\/www.auntmarthas.org\/es\/wp-json\/wp\/v2\/pages\/3767\/revisions"}],"up":[{"embeddable":true,"href":"https:\/\/www.auntmarthas.org\/es\/wp-json\/wp\/v2\/pages\/3846"}],"wp:featuredmedia":[{"embeddable":true,"href":"https:\/\/www.auntmarthas.org\/es\/wp-json\/wp\/v2\/media\/3028"}],"wp:attachment":[{"href":"https:\/\/www.auntmarthas.org\/es\/wp-json\/wp\/v2\/media?parent=3767"}],"curies":[{"name":"wp","href":"https:\/\/api.w.org\/{rel}","templated":true}]}}