{"id":3766,"date":"2022-08-13T22:00:09","date_gmt":"2022-08-14T04:00:09","guid":{"rendered":"https:\/\/www.auntmarthas.org\/compromiso-con-la-dei\/"},"modified":"2023-03-22T09:31:48","modified_gmt":"2023-03-22T15:31:48","slug":"compromiso-con-la-dei","status":"publish","type":"page","link":"https:\/\/www.auntmarthas.org\/es\/acerca-de\/compromiso-con-la-dei\/","title":{"rendered":"Compromiso con DEI (Diversidad, Equidad e Inclusi\u00f3n)"},"content":{"rendered":"\n<h4 class=\"wp-block-heading\">Estamos comprometidos con la justicia social, la equidad en salud y el acceso a servicios de calidad para todos. Trabajamos en espacios formados y mantenidos por la opresi\u00f3n sistem\u00e1tica, impactando a nuestros empleados y aquellos a quienes servimos. Nos esforzamos por poner fin, reparar y luchar contra estas desigualdades e injusticias desafiando los sistemas, leyes, pol\u00edticas y partes interesadas clave en las industrias de servicios humanos y de salud que amenazan las dimensiones de diversidad de raza, etnia, identidad y expresi\u00f3n de g\u00e9nero, orientaci\u00f3n sexual, idioma, edad, habilidades, estado del cuidador, pobreza, acceso a la salud y educaci\u00f3n, religi\u00f3n, estado de ciudadan\u00eda y estado de veterano.<\/h4>\n\n\n\n<div style=\"height:15px\" aria-hidden=\"true\" class=\"wp-block-spacer\"><\/div>\n\n\n\n<figure class=\"wp-block-image size-large is-resized\"><img loading=\"lazy\" decoding=\"async\" src=\"https:\/\/auntmarthasstg.wpengine.com\/wp-content\/uploads\/2022\/08\/image-4-1024x573.png\" alt=\"\" class=\"wp-image-703\" width=\"917\" height=\"513\"\/><figcaption>Mural creado por David Gauna y nuestros j\u00f3venes<\/figcaption><\/figure>\n\n\n\n<div style=\"height:56px\" aria-hidden=\"true\" class=\"wp-block-spacer\"><\/div>\n\n\n\n<h3 class=\"wp-block-heading\">Cada empleado de Aunt Martha&#8217;s es un <strong>agente de la equidad<\/strong>: racial, social, sanitaria, de g\u00e9nero, econ\u00f3mica, medioambiental, juvenil. <\/h3>\n\n\n\n<div style=\"height:47px\" aria-hidden=\"true\" class=\"wp-block-spacer\"><\/div>\n\n\n\n<div class=\"wp-block-columns is-layout-flex wp-container-core-columns-is-layout-9d6595d7 wp-block-columns-is-layout-flex\">\n<div class=\"wp-block-column is-layout-flow wp-block-column-is-layout-flow\">\n<h4 class=\"wp-block-heading\">Beca Healing Illinois: construyendo un puente hacia un Illinois m\u00e1s equitativo desde el punto de vista racial (verano de 2021)<\/h4>\n\n\n\n<figure class=\"wp-block-image aligncenter is-resized\"><img loading=\"lazy\" decoding=\"async\" src=\"https:\/\/auntmarthasstg.wpengine.com\/wp-content\/uploads\/2022\/08\/image-2.png\" alt=\"Insignia que muestra \" width=\"235\" height=\"235\"\/><figcaption>Aunt Martha&#8217;s recibi\u00f3 la subvenci\u00f3n Healing Illinois, financiada en parte por el IDHS y el Chicago Community Trust, con el objetivo de fomentar la equidad racial y social en todas las comunidades del estado. Haga clic <a href=\"https:\/\/auntmarthasstg.wpengine.com\/wp-content\/uploads\/2022\/08\/Healing-Illinois-21-final-report.pdf\">aqu\u00ed<\/a> para ver un informe resumido de los resultados de la subvenci\u00f3n.<\/figcaption><\/figure>\n<\/div>\n\n\n\n<div class=\"wp-block-column is-layout-flow wp-block-column-is-layout-flow\">\n<h4 class=\"wp-block-heading\">AMHW, miembro de la Mesa Redonda LGBTQ de Illinois<\/h4>\n\n\n\n<figure class=\"wp-block-image alignleft size-large is-resized\"><img loading=\"lazy\" decoding=\"async\" src=\"https:\/\/auntmarthasstg.wpengine.com\/wp-content\/uploads\/2022\/08\/Pride-Flyer-2@1.0-1024x1024.png\" alt=\"\" class=\"wp-image-713\" width=\"348\" height=\"348\" srcset=\"https:\/\/www.auntmarthas.org\/wp-content\/uploads\/2022\/08\/Pride-Flyer-2@1.0-1024x1024.png 1024w, https:\/\/www.auntmarthas.org\/wp-content\/uploads\/2022\/08\/Pride-Flyer-2@1.0-300x300.png 300w, https:\/\/www.auntmarthas.org\/wp-content\/uploads\/2022\/08\/Pride-Flyer-2@1.0-150x150.png 150w, https:\/\/www.auntmarthas.org\/wp-content\/uploads\/2022\/08\/Pride-Flyer-2@1.0-768x768.png 768w, https:\/\/www.auntmarthas.org\/wp-content\/uploads\/2022\/08\/Pride-Flyer-2@1.0-1536x1536.png 1536w, https:\/\/www.auntmarthas.org\/wp-content\/uploads\/2022\/08\/Pride-Flyer-2@1.0-2048x2048.png 2048w\" sizes=\"auto, (max-width: 348px) 100vw, 348px\" \/><figcaption>La Mesa Redonda LGBTQ de Illinois (\u00abla Mesa Redonda\u00bb) es una coalici\u00f3n de organizaciones<br>y personas que buscan crear entornos m\u00e1s seguros y de apoyo para los j\u00f3venes LGBTQ involucrados en DCFS en Illinois. Contacte con <strong><a href=\"mailto:kmocasio@auntmarthas.org\">Kenny Mart\u00edn-Ocasio<em>(pronombres: \u00e9l, \u00e9l,, \u00e9l<\/em>)<\/a><\/strong><br>Vicepresidente de Integraci\u00f3n Comunitaria, para saber m\u00e1s sobre esta labor. <\/figcaption><\/figure>\n<\/div>\n\n\n\n<div class=\"wp-block-column is-layout-flow wp-block-column-is-layout-flow\">\n<h4 class=\"wp-block-heading\">Aunt Martha&#8217;s se opone a todas las formas de injusticia racial y social<\/h4>\n\n\n\n<figure class=\"wp-block-image size-large\"><a href=\"https:\/\/www.auntmarthas.org\/social-justice\/\"><img decoding=\"async\" src=\"https:\/\/auntmarthasstg.wpengine.com\/wp-content\/uploads\/2022\/08\/DIversity-Matters-BW_3-002-1024x684.jpg\" alt=\"\" class=\"wp-image-721\"\/><\/a><figcaption>En Aunt Martha&#8217;s cada empleado de cada local es un agente de la equidad. <\/figcaption><\/figure>\n<\/div>\n<\/div>\n\n\n\n<div class=\"wp-block-group callout-banner-block has-light-blue-background-color has-background is-layout-flow wp-block-group-is-layout-flow\">\n<h3 class=\"has-text-align-center wp-block-heading\"><strong>Nos hemos embarcado en un viaje para hacer de la DEI (Diversida, Equidad e Inclusi\u00f3n) la base de todo lo que hacemos. Nuestra declaraci\u00f3n de DEI y el plan estrat\u00e9gico est\u00e1n en desarrollo<\/strong>.<\/h3>\n<\/div>\n","protected":false},"excerpt":{"rendered":"<p>Estamos comprometidos con la justicia social, la equidad en salud [&hellip;]<\/p>\n","protected":false},"author":5,"featured_media":2931,"parent":3771,"menu_order":3,"comment_status":"closed","ping_status":"closed","template":"","meta":{"_acf_changed":false,"footnotes":""},"class_list":["post-3766","page","type-page","status-publish","has-post-thumbnail","hentry"],"acf":[],"yoast_head":"<!-- This site is optimized with the Yoast SEO plugin v27.5 - https:\/\/yoast.com\/product\/yoast-seo-wordpress\/ -->\n<title>Compromiso con DEI (Diversidad, Equidad e Inclusi\u00f3n) - Aunt Martha&#039;s<\/title>\n<meta name=\"robots\" content=\"index, follow, max-snippet:-1, max-image-preview:large, max-video-preview:-1\" \/>\n<link rel=\"canonical\" href=\"https:\/\/www.auntmarthas.org\/es\/acerca-de\/compromiso-con-la-dei\/\" \/>\n<meta property=\"og:locale\" content=\"es_ES\" \/>\n<meta property=\"og:type\" content=\"article\" \/>\n<meta property=\"og:title\" content=\"Compromiso con DEI (Diversidad, Equidad e Inclusi\u00f3n) - Aunt Martha&#039;s\" \/>\n<meta property=\"og:description\" content=\"Estamos comprometidos con la justicia social, la equidad en salud [&hellip;]\" \/>\n<meta property=\"og:url\" content=\"https:\/\/www.auntmarthas.org\/es\/acerca-de\/compromiso-con-la-dei\/\" \/>\n<meta property=\"og:site_name\" content=\"Aunt Martha&#039;s\" \/>\n<meta property=\"article:publisher\" content=\"https:\/\/www.facebook.com\/AuntMarthas\" \/>\n<meta property=\"article:modified_time\" content=\"2023-03-22T15:31:48+00:00\" \/>\n<meta property=\"og:image\" content=\"https:\/\/www.auntmarthas.org\/wp-content\/uploads\/2022\/08\/image-4-e1660586002480.png\" \/>\n\t<meta property=\"og:image:width\" content=\"1264\" \/>\n\t<meta property=\"og:image:height\" content=\"552\" \/>\n\t<meta property=\"og:image:type\" content=\"image\/png\" \/>\n<meta name=\"twitter:card\" content=\"summary_large_image\" \/>\n<meta name=\"twitter:site\" content=\"@AuntMarthas\" \/>\n<meta name=\"twitter:label1\" content=\"Tiempo de lectura\" \/>\n\t<meta name=\"twitter:data1\" content=\"3 minutos\" \/>\n<script type=\"application\/ld+json\" class=\"yoast-schema-graph\">{\"@context\":\"https:\\\/\\\/schema.org\",\"@graph\":[{\"@type\":\"WebPage\",\"@id\":\"https:\\\/\\\/www.auntmarthas.org\\\/es\\\/acerca-de\\\/compromiso-con-la-dei\\\/\",\"url\":\"https:\\\/\\\/www.auntmarthas.org\\\/es\\\/acerca-de\\\/compromiso-con-la-dei\\\/\",\"name\":\"Compromiso con DEI (Diversidad, Equidad e Inclusi\u00f3n) - Aunt Martha&#039;s\",\"isPartOf\":{\"@id\":\"https:\\\/\\\/www.auntmarthas.org\\\/es\\\/#website\"},\"primaryImageOfPage\":{\"@id\":\"https:\\\/\\\/www.auntmarthas.org\\\/es\\\/acerca-de\\\/compromiso-con-la-dei\\\/#primaryimage\"},\"image\":{\"@id\":\"https:\\\/\\\/www.auntmarthas.org\\\/es\\\/acerca-de\\\/compromiso-con-la-dei\\\/#primaryimage\"},\"thumbnailUrl\":\"https:\\\/\\\/www.auntmarthas.org\\\/wp-content\\\/uploads\\\/2022\\\/08\\\/image-4-e1660586002480.png\",\"datePublished\":\"2022-08-14T04:00:09+00:00\",\"dateModified\":\"2023-03-22T15:31:48+00:00\",\"breadcrumb\":{\"@id\":\"https:\\\/\\\/www.auntmarthas.org\\\/es\\\/acerca-de\\\/compromiso-con-la-dei\\\/#breadcrumb\"},\"inLanguage\":\"es\",\"potentialAction\":[{\"@type\":\"ReadAction\",\"target\":[\"https:\\\/\\\/www.auntmarthas.org\\\/es\\\/acerca-de\\\/compromiso-con-la-dei\\\/\"]}]},{\"@type\":\"ImageObject\",\"inLanguage\":\"es\",\"@id\":\"https:\\\/\\\/www.auntmarthas.org\\\/es\\\/acerca-de\\\/compromiso-con-la-dei\\\/#primaryimage\",\"url\":\"https:\\\/\\\/www.auntmarthas.org\\\/wp-content\\\/uploads\\\/2022\\\/08\\\/image-4-e1660586002480.png\",\"contentUrl\":\"https:\\\/\\\/www.auntmarthas.org\\\/wp-content\\\/uploads\\\/2022\\\/08\\\/image-4-e1660586002480.png\",\"width\":1264,\"height\":552},{\"@type\":\"BreadcrumbList\",\"@id\":\"https:\\\/\\\/www.auntmarthas.org\\\/es\\\/acerca-de\\\/compromiso-con-la-dei\\\/#breadcrumb\",\"itemListElement\":[{\"@type\":\"ListItem\",\"position\":1,\"name\":\"Home\",\"item\":\"https:\\\/\\\/www.auntmarthas.org\\\/es\\\/\"},{\"@type\":\"ListItem\",\"position\":2,\"name\":\"Acerca de\",\"item\":\"https:\\\/\\\/www.auntmarthas.org\\\/es\\\/?page_id=3771\"},{\"@type\":\"ListItem\",\"position\":3,\"name\":\"Compromiso con DEI (Diversidad, Equidad e Inclusi\u00f3n)\"}]},{\"@type\":\"WebSite\",\"@id\":\"https:\\\/\\\/www.auntmarthas.org\\\/es\\\/#website\",\"url\":\"https:\\\/\\\/www.auntmarthas.org\\\/es\\\/\",\"name\":\"Aunt Martha's\",\"description\":\"Health &amp; Wellness\",\"publisher\":{\"@id\":\"https:\\\/\\\/www.auntmarthas.org\\\/es\\\/#organization\"},\"potentialAction\":[{\"@type\":\"SearchAction\",\"target\":{\"@type\":\"EntryPoint\",\"urlTemplate\":\"https:\\\/\\\/www.auntmarthas.org\\\/es\\\/?s={search_term_string}\"},\"query-input\":{\"@type\":\"PropertyValueSpecification\",\"valueRequired\":true,\"valueName\":\"search_term_string\"}}],\"inLanguage\":\"es\"},{\"@type\":\"Organization\",\"@id\":\"https:\\\/\\\/www.auntmarthas.org\\\/es\\\/#organization\",\"name\":\"Aunt Martha's Health & Wellness\",\"alternateName\":\"Aunt Martha's\",\"url\":\"https:\\\/\\\/www.auntmarthas.org\\\/es\\\/\",\"logo\":{\"@type\":\"ImageObject\",\"inLanguage\":\"es\",\"@id\":\"https:\\\/\\\/www.auntmarthas.org\\\/es\\\/#\\\/schema\\\/logo\\\/image\\\/\",\"url\":\"https:\\\/\\\/www.auntmarthas.org\\\/wp-content\\\/uploads\\\/2022\\\/06\\\/AM_LOGO_RGB-v2.svg\",\"contentUrl\":\"https:\\\/\\\/www.auntmarthas.org\\\/wp-content\\\/uploads\\\/2022\\\/06\\\/AM_LOGO_RGB-v2.svg\",\"width\":1920,\"height\":675,\"caption\":\"Aunt Martha's Health & Wellness\"},\"image\":{\"@id\":\"https:\\\/\\\/www.auntmarthas.org\\\/es\\\/#\\\/schema\\\/logo\\\/image\\\/\"},\"sameAs\":[\"https:\\\/\\\/www.facebook.com\\\/AuntMarthas\",\"https:\\\/\\\/x.com\\\/AuntMarthas\",\"https:\\\/\\\/www.youtube.com\\\/@auntmarthas\"]}]}<\/script>\n<!-- \/ Yoast SEO plugin. -->","yoast_head_json":{"title":"Compromiso con DEI (Diversidad, Equidad e Inclusi\u00f3n) - Aunt Martha&#039;s","robots":{"index":"index","follow":"follow","max-snippet":"max-snippet:-1","max-image-preview":"max-image-preview:large","max-video-preview":"max-video-preview:-1"},"canonical":"https:\/\/www.auntmarthas.org\/es\/acerca-de\/compromiso-con-la-dei\/","og_locale":"es_ES","og_type":"article","og_title":"Compromiso con DEI (Diversidad, Equidad e Inclusi\u00f3n) - Aunt Martha&#039;s","og_description":"Estamos comprometidos con la justicia social, la equidad en salud [&hellip;]","og_url":"https:\/\/www.auntmarthas.org\/es\/acerca-de\/compromiso-con-la-dei\/","og_site_name":"Aunt Martha&#039;s","article_publisher":"https:\/\/www.facebook.com\/AuntMarthas","article_modified_time":"2023-03-22T15:31:48+00:00","og_image":[{"width":1264,"height":552,"url":"https:\/\/www.auntmarthas.org\/wp-content\/uploads\/2022\/08\/image-4-e1660586002480.png","type":"image\/png"}],"twitter_card":"summary_large_image","twitter_site":"@AuntMarthas","twitter_misc":{"Tiempo de lectura":"3 minutos"},"schema":{"@context":"https:\/\/schema.org","@graph":[{"@type":"WebPage","@id":"https:\/\/www.auntmarthas.org\/es\/acerca-de\/compromiso-con-la-dei\/","url":"https:\/\/www.auntmarthas.org\/es\/acerca-de\/compromiso-con-la-dei\/","name":"Compromiso con DEI (Diversidad, Equidad e Inclusi\u00f3n) - Aunt Martha&#039;s","isPartOf":{"@id":"https:\/\/www.auntmarthas.org\/es\/#website"},"primaryImageOfPage":{"@id":"https:\/\/www.auntmarthas.org\/es\/acerca-de\/compromiso-con-la-dei\/#primaryimage"},"image":{"@id":"https:\/\/www.auntmarthas.org\/es\/acerca-de\/compromiso-con-la-dei\/#primaryimage"},"thumbnailUrl":"https:\/\/www.auntmarthas.org\/wp-content\/uploads\/2022\/08\/image-4-e1660586002480.png","datePublished":"2022-08-14T04:00:09+00:00","dateModified":"2023-03-22T15:31:48+00:00","breadcrumb":{"@id":"https:\/\/www.auntmarthas.org\/es\/acerca-de\/compromiso-con-la-dei\/#breadcrumb"},"inLanguage":"es","potentialAction":[{"@type":"ReadAction","target":["https:\/\/www.auntmarthas.org\/es\/acerca-de\/compromiso-con-la-dei\/"]}]},{"@type":"ImageObject","inLanguage":"es","@id":"https:\/\/www.auntmarthas.org\/es\/acerca-de\/compromiso-con-la-dei\/#primaryimage","url":"https:\/\/www.auntmarthas.org\/wp-content\/uploads\/2022\/08\/image-4-e1660586002480.png","contentUrl":"https:\/\/www.auntmarthas.org\/wp-content\/uploads\/2022\/08\/image-4-e1660586002480.png","width":1264,"height":552},{"@type":"BreadcrumbList","@id":"https:\/\/www.auntmarthas.org\/es\/acerca-de\/compromiso-con-la-dei\/#breadcrumb","itemListElement":[{"@type":"ListItem","position":1,"name":"Home","item":"https:\/\/www.auntmarthas.org\/es\/"},{"@type":"ListItem","position":2,"name":"Acerca de","item":"https:\/\/www.auntmarthas.org\/es\/?page_id=3771"},{"@type":"ListItem","position":3,"name":"Compromiso con DEI (Diversidad, Equidad e Inclusi\u00f3n)"}]},{"@type":"WebSite","@id":"https:\/\/www.auntmarthas.org\/es\/#website","url":"https:\/\/www.auntmarthas.org\/es\/","name":"Aunt Martha's","description":"Health &amp; Wellness","publisher":{"@id":"https:\/\/www.auntmarthas.org\/es\/#organization"},"potentialAction":[{"@type":"SearchAction","target":{"@type":"EntryPoint","urlTemplate":"https:\/\/www.auntmarthas.org\/es\/?s={search_term_string}"},"query-input":{"@type":"PropertyValueSpecification","valueRequired":true,"valueName":"search_term_string"}}],"inLanguage":"es"},{"@type":"Organization","@id":"https:\/\/www.auntmarthas.org\/es\/#organization","name":"Aunt Martha's Health & Wellness","alternateName":"Aunt Martha's","url":"https:\/\/www.auntmarthas.org\/es\/","logo":{"@type":"ImageObject","inLanguage":"es","@id":"https:\/\/www.auntmarthas.org\/es\/#\/schema\/logo\/image\/","url":"https:\/\/www.auntmarthas.org\/wp-content\/uploads\/2022\/06\/AM_LOGO_RGB-v2.svg","contentUrl":"https:\/\/www.auntmarthas.org\/wp-content\/uploads\/2022\/06\/AM_LOGO_RGB-v2.svg","width":1920,"height":675,"caption":"Aunt Martha's Health & Wellness"},"image":{"@id":"https:\/\/www.auntmarthas.org\/es\/#\/schema\/logo\/image\/"},"sameAs":["https:\/\/www.facebook.com\/AuntMarthas","https:\/\/x.com\/AuntMarthas","https:\/\/www.youtube.com\/@auntmarthas"]}]}},"_links":{"self":[{"href":"https:\/\/www.auntmarthas.org\/es\/wp-json\/wp\/v2\/pages\/3766","targetHints":{"allow":["GET"]}}],"collection":[{"href":"https:\/\/www.auntmarthas.org\/es\/wp-json\/wp\/v2\/pages"}],"about":[{"href":"https:\/\/www.auntmarthas.org\/es\/wp-json\/wp\/v2\/types\/page"}],"author":[{"embeddable":true,"href":"https:\/\/www.auntmarthas.org\/es\/wp-json\/wp\/v2\/users\/5"}],"replies":[{"embeddable":true,"href":"https:\/\/www.auntmarthas.org\/es\/wp-json\/wp\/v2\/comments?post=3766"}],"version-history":[{"count":0,"href":"https:\/\/www.auntmarthas.org\/es\/wp-json\/wp\/v2\/pages\/3766\/revisions"}],"up":[{"embeddable":true,"href":"https:\/\/www.auntmarthas.org\/es\/wp-json\/wp\/v2\/pages\/3771"}],"wp:featuredmedia":[{"embeddable":true,"href":"https:\/\/www.auntmarthas.org\/es\/wp-json\/wp\/v2\/media\/2931"}],"wp:attachment":[{"href":"https:\/\/www.auntmarthas.org\/es\/wp-json\/wp\/v2\/media?parent=3766"}],"curies":[{"name":"wp","href":"https:\/\/api.w.org\/{rel}","templated":true}]}}